{"id":1182,"date":"2025-05-26T10:53:42","date_gmt":"2025-05-26T10:53:42","guid":{"rendered":"https:\/\/grossman-wins.local\/accidente-de-barco\/"},"modified":"2025-12-09T00:12:43","modified_gmt":"2025-12-09T00:12:43","slug":"accidente-de-barco","status":"publish","type":"page","link":"https:\/\/grossmanwins.com\/es\/areas-practica\/accidente-de-barco\/","title":{"rendered":"Accidente de Barco"},"content":{"rendered":"<p>Navegar es una actividad popular en Fresno, ya sea que disfrutes de los lagos locales o te dirijas a la costa del Pac\u00edfico. Desafortunadamente, el riesgo de accidentes de navegaci\u00f3n aumenta con la cantidad de navegantes, usuarios de motos acu\u00e1ticas y nadadores compartiendo el agua.<\/p>\n<p>Los accidentes de barco pueden ocurrir debido a la negligencia de otras personas, como los operadores de embarcaciones, vendedores de equipos o fabricantes. Si te has visto afectado, t\u00fa y tu familia tienen derecho a buscar una compensaci\u00f3n por sus lesiones y p\u00e9rdidas. Por eso es crucial consultar con un abogado de accidentes de barco en Fresno si est\u00e1s involucrado en un incidente en el agua.<\/p>\n","protected":false},"excerpt":{"rendered":"<p>Navegar es una actividad popular en Fresno, ya sea que disfrutes de los lagos locales o te dirijas a la costa del Pac\u00edfico. Desafortunadamente, el riesgo de accidentes de navegaci\u00f3n aumenta con la cantidad de navegantes, usuarios de motos acu\u00e1ticas y nadadores compartiendo el agua. Los accidentes de barco pueden ocurrir debido a la negligencia [&hellip;]<\/p>\n","protected":false},"author":11,"featured_media":2293,"parent":1272,"menu_order":0,"comment_status":"closed","ping_status":"closed","template":"templates\/practice-area.php","meta":{"_acf_changed":false,"footnotes":""},"class_list":["post-1182","page","type-page","status-publish","has-post-thumbnail","hentry"],"acf":[],"yoast_head":"<!-- This site is optimized with the Yoast SEO plugin v27.4 - https:\/\/yoast.com\/product\/yoast-seo-wordpress\/ -->\n<title>Abogado de Accidente de Barco en Fresno | Grossman Law Offices<\/title>\n<meta name=\"description\" content=\"\u00bfLesionado en un accidente de bote? Conozca la ley mar\u00edtima, negligencia del operador y c\u00f3mo buscar compensaci\u00f3n por lesiones relacionadas con embarcaciones.\" \/>\n<meta name=\"robots\" content=\"index, follow, max-snippet:-1, max-image-preview:large, max-video-preview:-1\" \/>\n<link rel=\"canonical\" href=\"https:\/\/grossmanwins.com\/es\/areas-practica\/accidente-de-barco\/\" \/>\n<meta property=\"og:locale\" content=\"es_ES\" \/>\n<meta property=\"og:type\" content=\"article\" \/>\n<meta property=\"og:title\" content=\"Abogado de Accidente de Barco en Fresno | Grossman Law Offices\" \/>\n<meta property=\"og:description\" content=\"\u00bfLesionado en un accidente de bote? Conozca la ley mar\u00edtima, negligencia del operador y c\u00f3mo buscar compensaci\u00f3n por lesiones relacionadas con embarcaciones.\" \/>\n<meta property=\"og:url\" content=\"https:\/\/grossmanwins.com\/es\/areas-practica\/accidente-de-barco\/\" \/>\n<meta property=\"og:site_name\" content=\"Grossman Wins\" \/>\n<meta property=\"article:modified_time\" content=\"2025-12-09T00:12:43+00:00\" \/>\n<meta property=\"og:image\" content=\"https:\/\/grossmanwins.com\/wp-content\/uploads\/2025\/09\/boating-accident-1.webp\" \/>\n\t<meta property=\"og:image:width\" content=\"1600\" \/>\n\t<meta property=\"og:image:height\" content=\"900\" \/>\n\t<meta property=\"og:image:type\" content=\"image\/webp\" \/>\n<meta name=\"twitter:card\" content=\"summary_large_image\" \/>\n<meta name=\"twitter:label1\" content=\"Tiempo de lectura\" \/>\n\t<meta name=\"twitter:data1\" content=\"1 minuto\" \/>\n<script type=\"application\/ld+json\" class=\"yoast-schema-graph\">{\"@context\":\"https:\\\/\\\/schema.org\",\"@graph\":[{\"@type\":\"WebPage\",\"@id\":\"https:\\\/\\\/grossmanwins.com\\\/es\\\/areas-practica\\\/accidente-de-barco\\\/\",\"url\":\"https:\\\/\\\/grossmanwins.com\\\/es\\\/areas-practica\\\/accidente-de-barco\\\/\",\"name\":\"Abogado de Accidente de Barco en Fresno | Grossman Law Offices\",\"isPartOf\":{\"@id\":\"https:\\\/\\\/grossmanwins.com\\\/es\\\/#website\"},\"primaryImageOfPage\":{\"@id\":\"https:\\\/\\\/grossmanwins.com\\\/es\\\/areas-practica\\\/accidente-de-barco\\\/#primaryimage\"},\"image\":{\"@id\":\"https:\\\/\\\/grossmanwins.com\\\/es\\\/areas-practica\\\/accidente-de-barco\\\/#primaryimage\"},\"thumbnailUrl\":\"https:\\\/\\\/grossmanwins.com\\\/wp-content\\\/uploads\\\/2025\\\/09\\\/boating-accident-1.webp\",\"datePublished\":\"2025-05-26T10:53:42+00:00\",\"dateModified\":\"2025-12-09T00:12:43+00:00\",\"description\":\"\u00bfLesionado en un accidente de bote? Conozca la ley mar\u00edtima, negligencia del operador y c\u00f3mo buscar compensaci\u00f3n por lesiones relacionadas con embarcaciones.\",\"breadcrumb\":{\"@id\":\"https:\\\/\\\/grossmanwins.com\\\/es\\\/areas-practica\\\/accidente-de-barco\\\/#breadcrumb\"},\"inLanguage\":\"es\",\"potentialAction\":[{\"@type\":\"ReadAction\",\"target\":[\"https:\\\/\\\/grossmanwins.com\\\/es\\\/areas-practica\\\/accidente-de-barco\\\/\"]}]},{\"@type\":\"ImageObject\",\"inLanguage\":\"es\",\"@id\":\"https:\\\/\\\/grossmanwins.com\\\/es\\\/areas-practica\\\/accidente-de-barco\\\/#primaryimage\",\"url\":\"https:\\\/\\\/grossmanwins.com\\\/wp-content\\\/uploads\\\/2025\\\/09\\\/boating-accident-1.webp\",\"contentUrl\":\"https:\\\/\\\/grossmanwins.com\\\/wp-content\\\/uploads\\\/2025\\\/09\\\/boating-accident-1.webp\",\"width\":1600,\"height\":900},{\"@type\":\"BreadcrumbList\",\"@id\":\"https:\\\/\\\/grossmanwins.com\\\/es\\\/areas-practica\\\/accidente-de-barco\\\/#breadcrumb\",\"itemListElement\":[{\"@type\":\"ListItem\",\"position\":1,\"name\":\"Home\",\"item\":\"https:\\\/\\\/grossmanwins.com\\\/es\\\/\"},{\"@type\":\"ListItem\",\"position\":2,\"name\":\"areas-practica\",\"item\":\"https:\\\/\\\/grossmanwins.com\\\/es\\\/areas-practica\\\/\"},{\"@type\":\"ListItem\",\"position\":3,\"name\":\"Accidente de Barco\"}]},{\"@type\":\"WebSite\",\"@id\":\"https:\\\/\\\/grossmanwins.com\\\/es\\\/#website\",\"url\":\"https:\\\/\\\/grossmanwins.com\\\/es\\\/\",\"name\":\"Grossman Wins\",\"description\":\"\",\"potentialAction\":[{\"@type\":\"SearchAction\",\"target\":{\"@type\":\"EntryPoint\",\"urlTemplate\":\"https:\\\/\\\/grossmanwins.com\\\/es\\\/?s={search_term_string}\"},\"query-input\":{\"@type\":\"PropertyValueSpecification\",\"valueRequired\":true,\"valueName\":\"search_term_string\"}}],\"inLanguage\":\"es\"}]}<\/script>\n<!-- \/ Yoast SEO plugin. -->","yoast_head_json":{"title":"Abogado de Accidente de Barco en Fresno | Grossman Law Offices","description":"\u00bfLesionado en un accidente de bote? Conozca la ley mar\u00edtima, negligencia del operador y c\u00f3mo buscar compensaci\u00f3n por lesiones relacionadas con embarcaciones.","robots":{"index":"index","follow":"follow","max-snippet":"max-snippet:-1","max-image-preview":"max-image-preview:large","max-video-preview":"max-video-preview:-1"},"canonical":"https:\/\/grossmanwins.com\/es\/areas-practica\/accidente-de-barco\/","og_locale":"es_ES","og_type":"article","og_title":"Abogado de Accidente de Barco en Fresno | Grossman Law Offices","og_description":"\u00bfLesionado en un accidente de bote? Conozca la ley mar\u00edtima, negligencia del operador y c\u00f3mo buscar compensaci\u00f3n por lesiones relacionadas con embarcaciones.","og_url":"https:\/\/grossmanwins.com\/es\/areas-practica\/accidente-de-barco\/","og_site_name":"Grossman Wins","article_modified_time":"2025-12-09T00:12:43+00:00","og_image":[{"width":1600,"height":900,"url":"https:\/\/grossmanwins.com\/wp-content\/uploads\/2025\/09\/boating-accident-1.webp","type":"image\/webp"}],"twitter_card":"summary_large_image","twitter_misc":{"Tiempo de lectura":"1 minuto"},"schema":{"@context":"https:\/\/schema.org","@graph":[{"@type":"WebPage","@id":"https:\/\/grossmanwins.com\/es\/areas-practica\/accidente-de-barco\/","url":"https:\/\/grossmanwins.com\/es\/areas-practica\/accidente-de-barco\/","name":"Abogado de Accidente de Barco en Fresno | Grossman Law Offices","isPartOf":{"@id":"https:\/\/grossmanwins.com\/es\/#website"},"primaryImageOfPage":{"@id":"https:\/\/grossmanwins.com\/es\/areas-practica\/accidente-de-barco\/#primaryimage"},"image":{"@id":"https:\/\/grossmanwins.com\/es\/areas-practica\/accidente-de-barco\/#primaryimage"},"thumbnailUrl":"https:\/\/grossmanwins.com\/wp-content\/uploads\/2025\/09\/boating-accident-1.webp","datePublished":"2025-05-26T10:53:42+00:00","dateModified":"2025-12-09T00:12:43+00:00","description":"\u00bfLesionado en un accidente de bote? Conozca la ley mar\u00edtima, negligencia del operador y c\u00f3mo buscar compensaci\u00f3n por lesiones relacionadas con embarcaciones.","breadcrumb":{"@id":"https:\/\/grossmanwins.com\/es\/areas-practica\/accidente-de-barco\/#breadcrumb"},"inLanguage":"es","potentialAction":[{"@type":"ReadAction","target":["https:\/\/grossmanwins.com\/es\/areas-practica\/accidente-de-barco\/"]}]},{"@type":"ImageObject","inLanguage":"es","@id":"https:\/\/grossmanwins.com\/es\/areas-practica\/accidente-de-barco\/#primaryimage","url":"https:\/\/grossmanwins.com\/wp-content\/uploads\/2025\/09\/boating-accident-1.webp","contentUrl":"https:\/\/grossmanwins.com\/wp-content\/uploads\/2025\/09\/boating-accident-1.webp","width":1600,"height":900},{"@type":"BreadcrumbList","@id":"https:\/\/grossmanwins.com\/es\/areas-practica\/accidente-de-barco\/#breadcrumb","itemListElement":[{"@type":"ListItem","position":1,"name":"Home","item":"https:\/\/grossmanwins.com\/es\/"},{"@type":"ListItem","position":2,"name":"areas-practica","item":"https:\/\/grossmanwins.com\/es\/areas-practica\/"},{"@type":"ListItem","position":3,"name":"Accidente de Barco"}]},{"@type":"WebSite","@id":"https:\/\/grossmanwins.com\/es\/#website","url":"https:\/\/grossmanwins.com\/es\/","name":"Grossman Wins","description":"","potentialAction":[{"@type":"SearchAction","target":{"@type":"EntryPoint","urlTemplate":"https:\/\/grossmanwins.com\/es\/?s={search_term_string}"},"query-input":{"@type":"PropertyValueSpecification","valueRequired":true,"valueName":"search_term_string"}}],"inLanguage":"es"}]}},"_links":{"self":[{"href":"https:\/\/grossmanwins.com\/es\/wp-json\/wp\/v2\/pages\/1182","targetHints":{"allow":["GET"]}}],"collection":[{"href":"https:\/\/grossmanwins.com\/es\/wp-json\/wp\/v2\/pages"}],"about":[{"href":"https:\/\/grossmanwins.com\/es\/wp-json\/wp\/v2\/types\/page"}],"author":[{"embeddable":true,"href":"https:\/\/grossmanwins.com\/es\/wp-json\/wp\/v2\/users\/11"}],"replies":[{"embeddable":true,"href":"https:\/\/grossmanwins.com\/es\/wp-json\/wp\/v2\/comments?post=1182"}],"version-history":[{"count":0,"href":"https:\/\/grossmanwins.com\/es\/wp-json\/wp\/v2\/pages\/1182\/revisions"}],"up":[{"embeddable":true,"href":"https:\/\/grossmanwins.com\/es\/wp-json\/wp\/v2\/pages\/1272"}],"wp:featuredmedia":[{"embeddable":true,"href":"https:\/\/grossmanwins.com\/es\/wp-json\/wp\/v2\/media\/2293"}],"wp:attachment":[{"href":"https:\/\/grossmanwins.com\/es\/wp-json\/wp\/v2\/media?parent=1182"}],"curies":[{"name":"wp","href":"https:\/\/api.w.org\/{rel}","templated":true}]}}