{"id":1187,"date":"2025-05-26T18:20:43","date_gmt":"2025-05-26T18:20:43","guid":{"rendered":"https:\/\/grossman-wins.local\/accidente-de-bicicleta\/"},"modified":"2026-04-16T12:36:40","modified_gmt":"2026-04-16T12:36:40","slug":"accidentes-bicicleta","status":"publish","type":"page","link":"https:\/\/grossmanwins.com\/es\/areas-practica\/accidentes-bicicleta\/","title":{"rendered":"Accidente de Bicicleta"},"content":{"rendered":"<p>El clima c\u00e1lido de Fresno hace que andar en bicicleta sea una forma de transporte atractiva. Durante casi todo el a\u00f1o, puedes recorrer la ciudad sobre dos ruedas. Y aunque el ciclismo es com\u00fan en la ciudad, sigue siendo una forma peligrosa de transporte.<\/p>\n<p>Los accidentes de bicicleta ocurren con frecuencia y, debido a la poca protecci\u00f3n personal que tienen los ciclistas, las lesiones suelen ser graves. Podr\u00edas sufrir lesiones que te cambien la vida, o incluso perder a un ser querido. Ya sea que t\u00fa o un familiar est\u00e9n involucrados en un accidente de bicicleta, puedes considerar presentar una demanda contra la persona responsable. Un abogado de accidentes de bicicleta en Fresno puede ayudarte a recuperar los da\u00f1os.<\/p>\n<p>En Grossman Law Offices, te guiamos paso a paso para que recibas el dinero que mereces. Queremos responsabilizar a los conductores negligentes por sus acciones.<\/p>\n<p><img loading=\"lazy\" decoding=\"async\" class=\"alignnone size-full wp-image-2289\" src=\"https:\/\/grossmanwins.com\/wp-content\/uploads\/2025\/09\/bike-accident-1.webp\" alt=\"\" width=\"1600\" height=\"900\" srcset=\"https:\/\/grossmanwins.com\/wp-content\/uploads\/2025\/09\/bike-accident-1.webp 1600w, https:\/\/grossmanwins.com\/wp-content\/uploads\/2025\/09\/bike-accident-1-300x169.webp 300w, https:\/\/grossmanwins.com\/wp-content\/uploads\/2025\/09\/bike-accident-1-1024x576.webp 1024w, https:\/\/grossmanwins.com\/wp-content\/uploads\/2025\/09\/bike-accident-1-768x432.webp 768w, https:\/\/grossmanwins.com\/wp-content\/uploads\/2025\/09\/bike-accident-1-1536x864.webp 1536w\" sizes=\"auto, (max-width: 1600px) 100vw, 1600px\" \/><\/p>\n","protected":false},"excerpt":{"rendered":"<p>El clima c\u00e1lido de Fresno hace que andar en bicicleta sea una forma de transporte atractiva. Durante casi todo el a\u00f1o, puedes recorrer la ciudad sobre dos ruedas. Y aunque el ciclismo es com\u00fan en la ciudad, sigue siendo una forma peligrosa de transporte. Los accidentes de bicicleta ocurren con frecuencia y, debido a la [&hellip;]<\/p>\n","protected":false},"author":11,"featured_media":2289,"parent":1272,"menu_order":0,"comment_status":"closed","ping_status":"closed","template":"templates\/practice-area.php","meta":{"_acf_changed":false,"footnotes":""},"class_list":["post-1187","page","type-page","status-publish","has-post-thumbnail","hentry"],"acf":[],"yoast_head":"<!-- This site is optimized with the Yoast SEO plugin v27.4 - https:\/\/yoast.com\/product\/yoast-seo-wordpress\/ -->\n<title>Abogado de accidentes de bicicleta en Fresno | Grossman Law<\/title>\n<meta name=\"description\" content=\"Sufriste un accidente de bicicleta en Fresno o el Valle Central. Nuestros abogados lo representan y luchan por la compensaci\u00f3n que merece. Consulta gratuita.\" \/>\n<meta name=\"robots\" content=\"index, follow, max-snippet:-1, max-image-preview:large, max-video-preview:-1\" \/>\n<link rel=\"canonical\" href=\"https:\/\/grossmanwins.com\/es\/areas-practica\/accidentes-bicicleta\/\" \/>\n<meta property=\"og:locale\" content=\"es_ES\" \/>\n<meta property=\"og:type\" content=\"article\" \/>\n<meta property=\"og:title\" content=\"Abogado de accidentes de bicicleta en Fresno | Grossman Law\" \/>\n<meta property=\"og:description\" content=\"Sufriste un accidente de bicicleta en Fresno o el Valle Central. Nuestros abogados lo representan y luchan por la compensaci\u00f3n que merece. Consulta gratuita.\" \/>\n<meta property=\"og:url\" content=\"https:\/\/grossmanwins.com\/es\/areas-practica\/accidentes-bicicleta\/\" \/>\n<meta property=\"og:site_name\" content=\"Grossman Wins\" \/>\n<meta property=\"article:modified_time\" content=\"2026-04-16T12:36:40+00:00\" \/>\n<meta property=\"og:image\" content=\"https:\/\/grossmanwins.com\/wp-content\/uploads\/2025\/09\/bike-accident-1.webp\" \/>\n\t<meta property=\"og:image:width\" content=\"1600\" \/>\n\t<meta property=\"og:image:height\" content=\"900\" \/>\n\t<meta property=\"og:image:type\" content=\"image\/webp\" \/>\n<meta name=\"twitter:card\" content=\"summary_large_image\" \/>\n<meta name=\"twitter:label1\" content=\"Tiempo de lectura\" \/>\n\t<meta name=\"twitter:data1\" content=\"2 minutos\" \/>\n<script type=\"application\/ld+json\" class=\"yoast-schema-graph\">{\"@context\":\"https:\\\/\\\/schema.org\",\"@graph\":[{\"@type\":\"WebPage\",\"@id\":\"https:\\\/\\\/grossmanwins.com\\\/es\\\/areas-practica\\\/accidentes-bicicleta\\\/\",\"url\":\"https:\\\/\\\/grossmanwins.com\\\/es\\\/areas-practica\\\/accidentes-bicicleta\\\/\",\"name\":\"Abogado de accidentes de bicicleta en Fresno | Grossman Law\",\"isPartOf\":{\"@id\":\"https:\\\/\\\/grossmanwins.com\\\/es\\\/#website\"},\"primaryImageOfPage\":{\"@id\":\"https:\\\/\\\/grossmanwins.com\\\/es\\\/areas-practica\\\/accidentes-bicicleta\\\/#primaryimage\"},\"image\":{\"@id\":\"https:\\\/\\\/grossmanwins.com\\\/es\\\/areas-practica\\\/accidentes-bicicleta\\\/#primaryimage\"},\"thumbnailUrl\":\"https:\\\/\\\/grossmanwins.com\\\/wp-content\\\/uploads\\\/2025\\\/09\\\/bike-accident-1.webp\",\"datePublished\":\"2025-05-26T18:20:43+00:00\",\"dateModified\":\"2026-04-16T12:36:40+00:00\",\"description\":\"Sufriste un accidente de bicicleta en Fresno o el Valle Central. Nuestros abogados lo representan y luchan por la compensaci\u00f3n que merece. Consulta gratuita.\",\"breadcrumb\":{\"@id\":\"https:\\\/\\\/grossmanwins.com\\\/es\\\/areas-practica\\\/accidentes-bicicleta\\\/#breadcrumb\"},\"inLanguage\":\"es\",\"potentialAction\":[{\"@type\":\"ReadAction\",\"target\":[\"https:\\\/\\\/grossmanwins.com\\\/es\\\/areas-practica\\\/accidentes-bicicleta\\\/\"]}]},{\"@type\":\"ImageObject\",\"inLanguage\":\"es\",\"@id\":\"https:\\\/\\\/grossmanwins.com\\\/es\\\/areas-practica\\\/accidentes-bicicleta\\\/#primaryimage\",\"url\":\"https:\\\/\\\/grossmanwins.com\\\/wp-content\\\/uploads\\\/2025\\\/09\\\/bike-accident-1.webp\",\"contentUrl\":\"https:\\\/\\\/grossmanwins.com\\\/wp-content\\\/uploads\\\/2025\\\/09\\\/bike-accident-1.webp\",\"width\":1600,\"height\":900},{\"@type\":\"BreadcrumbList\",\"@id\":\"https:\\\/\\\/grossmanwins.com\\\/es\\\/areas-practica\\\/accidentes-bicicleta\\\/#breadcrumb\",\"itemListElement\":[{\"@type\":\"ListItem\",\"position\":1,\"name\":\"Home\",\"item\":\"https:\\\/\\\/grossmanwins.com\\\/es\\\/\"},{\"@type\":\"ListItem\",\"position\":2,\"name\":\"areas-practica\",\"item\":\"https:\\\/\\\/grossmanwins.com\\\/es\\\/areas-practica\\\/\"},{\"@type\":\"ListItem\",\"position\":3,\"name\":\"Accidente de Bicicleta\"}]},{\"@type\":\"WebSite\",\"@id\":\"https:\\\/\\\/grossmanwins.com\\\/es\\\/#website\",\"url\":\"https:\\\/\\\/grossmanwins.com\\\/es\\\/\",\"name\":\"Grossman Wins\",\"description\":\"\",\"potentialAction\":[{\"@type\":\"SearchAction\",\"target\":{\"@type\":\"EntryPoint\",\"urlTemplate\":\"https:\\\/\\\/grossmanwins.com\\\/es\\\/?s={search_term_string}\"},\"query-input\":{\"@type\":\"PropertyValueSpecification\",\"valueRequired\":true,\"valueName\":\"search_term_string\"}}],\"inLanguage\":\"es\"}]}<\/script>\n<!-- \/ Yoast SEO plugin. -->","yoast_head_json":{"title":"Abogado de accidentes de bicicleta en Fresno | Grossman Law","description":"Sufriste un accidente de bicicleta en Fresno o el Valle Central. Nuestros abogados lo representan y luchan por la compensaci\u00f3n que merece. Consulta gratuita.","robots":{"index":"index","follow":"follow","max-snippet":"max-snippet:-1","max-image-preview":"max-image-preview:large","max-video-preview":"max-video-preview:-1"},"canonical":"https:\/\/grossmanwins.com\/es\/areas-practica\/accidentes-bicicleta\/","og_locale":"es_ES","og_type":"article","og_title":"Abogado de accidentes de bicicleta en Fresno | Grossman Law","og_description":"Sufriste un accidente de bicicleta en Fresno o el Valle Central. Nuestros abogados lo representan y luchan por la compensaci\u00f3n que merece. Consulta gratuita.","og_url":"https:\/\/grossmanwins.com\/es\/areas-practica\/accidentes-bicicleta\/","og_site_name":"Grossman Wins","article_modified_time":"2026-04-16T12:36:40+00:00","og_image":[{"width":1600,"height":900,"url":"https:\/\/grossmanwins.com\/wp-content\/uploads\/2025\/09\/bike-accident-1.webp","type":"image\/webp"}],"twitter_card":"summary_large_image","twitter_misc":{"Tiempo de lectura":"2 minutos"},"schema":{"@context":"https:\/\/schema.org","@graph":[{"@type":"WebPage","@id":"https:\/\/grossmanwins.com\/es\/areas-practica\/accidentes-bicicleta\/","url":"https:\/\/grossmanwins.com\/es\/areas-practica\/accidentes-bicicleta\/","name":"Abogado de accidentes de bicicleta en Fresno | Grossman Law","isPartOf":{"@id":"https:\/\/grossmanwins.com\/es\/#website"},"primaryImageOfPage":{"@id":"https:\/\/grossmanwins.com\/es\/areas-practica\/accidentes-bicicleta\/#primaryimage"},"image":{"@id":"https:\/\/grossmanwins.com\/es\/areas-practica\/accidentes-bicicleta\/#primaryimage"},"thumbnailUrl":"https:\/\/grossmanwins.com\/wp-content\/uploads\/2025\/09\/bike-accident-1.webp","datePublished":"2025-05-26T18:20:43+00:00","dateModified":"2026-04-16T12:36:40+00:00","description":"Sufriste un accidente de bicicleta en Fresno o el Valle Central. Nuestros abogados lo representan y luchan por la compensaci\u00f3n que merece. Consulta gratuita.","breadcrumb":{"@id":"https:\/\/grossmanwins.com\/es\/areas-practica\/accidentes-bicicleta\/#breadcrumb"},"inLanguage":"es","potentialAction":[{"@type":"ReadAction","target":["https:\/\/grossmanwins.com\/es\/areas-practica\/accidentes-bicicleta\/"]}]},{"@type":"ImageObject","inLanguage":"es","@id":"https:\/\/grossmanwins.com\/es\/areas-practica\/accidentes-bicicleta\/#primaryimage","url":"https:\/\/grossmanwins.com\/wp-content\/uploads\/2025\/09\/bike-accident-1.webp","contentUrl":"https:\/\/grossmanwins.com\/wp-content\/uploads\/2025\/09\/bike-accident-1.webp","width":1600,"height":900},{"@type":"BreadcrumbList","@id":"https:\/\/grossmanwins.com\/es\/areas-practica\/accidentes-bicicleta\/#breadcrumb","itemListElement":[{"@type":"ListItem","position":1,"name":"Home","item":"https:\/\/grossmanwins.com\/es\/"},{"@type":"ListItem","position":2,"name":"areas-practica","item":"https:\/\/grossmanwins.com\/es\/areas-practica\/"},{"@type":"ListItem","position":3,"name":"Accidente de Bicicleta"}]},{"@type":"WebSite","@id":"https:\/\/grossmanwins.com\/es\/#website","url":"https:\/\/grossmanwins.com\/es\/","name":"Grossman Wins","description":"","potentialAction":[{"@type":"SearchAction","target":{"@type":"EntryPoint","urlTemplate":"https:\/\/grossmanwins.com\/es\/?s={search_term_string}"},"query-input":{"@type":"PropertyValueSpecification","valueRequired":true,"valueName":"search_term_string"}}],"inLanguage":"es"}]}},"_links":{"self":[{"href":"https:\/\/grossmanwins.com\/es\/wp-json\/wp\/v2\/pages\/1187","targetHints":{"allow":["GET"]}}],"collection":[{"href":"https:\/\/grossmanwins.com\/es\/wp-json\/wp\/v2\/pages"}],"about":[{"href":"https:\/\/grossmanwins.com\/es\/wp-json\/wp\/v2\/types\/page"}],"author":[{"embeddable":true,"href":"https:\/\/grossmanwins.com\/es\/wp-json\/wp\/v2\/users\/11"}],"replies":[{"embeddable":true,"href":"https:\/\/grossmanwins.com\/es\/wp-json\/wp\/v2\/comments?post=1187"}],"version-history":[{"count":0,"href":"https:\/\/grossmanwins.com\/es\/wp-json\/wp\/v2\/pages\/1187\/revisions"}],"up":[{"embeddable":true,"href":"https:\/\/grossmanwins.com\/es\/wp-json\/wp\/v2\/pages\/1272"}],"wp:featuredmedia":[{"embeddable":true,"href":"https:\/\/grossmanwins.com\/es\/wp-json\/wp\/v2\/media\/2289"}],"wp:attachment":[{"href":"https:\/\/grossmanwins.com\/es\/wp-json\/wp\/v2\/media?parent=1187"}],"curies":[{"name":"wp","href":"https:\/\/api.w.org\/{rel}","templated":true}]}}