{"id":1190,"date":"2025-05-26T18:55:26","date_gmt":"2025-05-26T18:55:26","guid":{"rendered":"https:\/\/grossman-wins.local\/catastrophic-accidents\/"},"modified":"2026-04-16T13:52:25","modified_gmt":"2026-04-16T13:52:25","slug":"accidentes-catastroficos","status":"publish","type":"page","link":"https:\/\/grossmanwins.com\/es\/areas-practica\/accidentes-catastroficos\/","title":{"rendered":"Accidentes Catastr\u00f3ficos"},"content":{"rendered":"","protected":false},"excerpt":{"rendered":"","protected":false},"author":11,"featured_media":0,"parent":1272,"menu_order":0,"comment_status":"closed","ping_status":"closed","template":"templates\/practice-area.php","meta":{"_acf_changed":false,"footnotes":""},"class_list":["post-1190","page","type-page","status-publish","hentry"],"acf":[],"yoast_head":"<!-- This site is optimized with the Yoast SEO plugin v27.4 - https:\/\/yoast.com\/product\/yoast-seo-wordpress\/ -->\n<title>Abogado de accidentes catastr\u00f3ficos en Fresno | Grossman Law Offices<\/title>\n<meta name=\"description\" content=\"Lesi\u00f3n catastr\u00f3fica en Fresno o el Valle Central? Nuestros abogados representan v\u00edctimas de trauma cerebral, par\u00e1lisis y lesiones graves. Consulta gratuita.\" \/>\n<meta name=\"robots\" content=\"index, follow, max-snippet:-1, max-image-preview:large, max-video-preview:-1\" \/>\n<link rel=\"canonical\" href=\"https:\/\/grossmanwins.com\/es\/areas-practica\/accidentes-catastroficos\/\" \/>\n<meta property=\"og:locale\" content=\"es_ES\" \/>\n<meta property=\"og:type\" content=\"article\" \/>\n<meta property=\"og:title\" content=\"Abogado de accidentes catastr\u00f3ficos en Fresno | Grossman Law Offices\" \/>\n<meta property=\"og:description\" content=\"Lesi\u00f3n catastr\u00f3fica en Fresno o el Valle Central? Nuestros abogados representan v\u00edctimas de trauma cerebral, par\u00e1lisis y lesiones graves. Consulta gratuita.\" \/>\n<meta property=\"og:url\" content=\"https:\/\/grossmanwins.com\/es\/areas-practica\/accidentes-catastroficos\/\" \/>\n<meta property=\"og:site_name\" content=\"Grossman Wins\" \/>\n<meta property=\"article:modified_time\" content=\"2026-04-16T13:52:25+00:00\" \/>\n<meta name=\"twitter:card\" content=\"summary_large_image\" \/>\n<script type=\"application\/ld+json\" class=\"yoast-schema-graph\">{\"@context\":\"https:\\\/\\\/schema.org\",\"@graph\":[{\"@type\":\"WebPage\",\"@id\":\"https:\\\/\\\/grossmanwins.com\\\/es\\\/areas-practica\\\/accidentes-catastroficos\\\/\",\"url\":\"https:\\\/\\\/grossmanwins.com\\\/es\\\/areas-practica\\\/accidentes-catastroficos\\\/\",\"name\":\"Abogado de accidentes catastr\u00f3ficos en Fresno | Grossman Law Offices\",\"isPartOf\":{\"@id\":\"https:\\\/\\\/grossmanwins.com\\\/es\\\/#website\"},\"datePublished\":\"2025-05-26T18:55:26+00:00\",\"dateModified\":\"2026-04-16T13:52:25+00:00\",\"description\":\"Lesi\u00f3n catastr\u00f3fica en Fresno o el Valle Central? Nuestros abogados representan v\u00edctimas de trauma cerebral, par\u00e1lisis y lesiones graves. Consulta gratuita.\",\"breadcrumb\":{\"@id\":\"https:\\\/\\\/grossmanwins.com\\\/es\\\/areas-practica\\\/accidentes-catastroficos\\\/#breadcrumb\"},\"inLanguage\":\"es\",\"potentialAction\":[{\"@type\":\"ReadAction\",\"target\":[\"https:\\\/\\\/grossmanwins.com\\\/es\\\/areas-practica\\\/accidentes-catastroficos\\\/\"]}]},{\"@type\":\"BreadcrumbList\",\"@id\":\"https:\\\/\\\/grossmanwins.com\\\/es\\\/areas-practica\\\/accidentes-catastroficos\\\/#breadcrumb\",\"itemListElement\":[{\"@type\":\"ListItem\",\"position\":1,\"name\":\"Home\",\"item\":\"https:\\\/\\\/grossmanwins.com\\\/es\\\/\"},{\"@type\":\"ListItem\",\"position\":2,\"name\":\"areas-practica\",\"item\":\"https:\\\/\\\/grossmanwins.com\\\/es\\\/areas-practica\\\/\"},{\"@type\":\"ListItem\",\"position\":3,\"name\":\"Accidentes Catastr\u00f3ficos\"}]},{\"@type\":\"WebSite\",\"@id\":\"https:\\\/\\\/grossmanwins.com\\\/es\\\/#website\",\"url\":\"https:\\\/\\\/grossmanwins.com\\\/es\\\/\",\"name\":\"Grossman Wins\",\"description\":\"\",\"potentialAction\":[{\"@type\":\"SearchAction\",\"target\":{\"@type\":\"EntryPoint\",\"urlTemplate\":\"https:\\\/\\\/grossmanwins.com\\\/es\\\/?s={search_term_string}\"},\"query-input\":{\"@type\":\"PropertyValueSpecification\",\"valueRequired\":true,\"valueName\":\"search_term_string\"}}],\"inLanguage\":\"es\"}]}<\/script>\n<!-- \/ Yoast SEO plugin. -->","yoast_head_json":{"title":"Abogado de accidentes catastr\u00f3ficos en Fresno | Grossman Law Offices","description":"Lesi\u00f3n catastr\u00f3fica en Fresno o el Valle Central? Nuestros abogados representan v\u00edctimas de trauma cerebral, par\u00e1lisis y lesiones graves. Consulta gratuita.","robots":{"index":"index","follow":"follow","max-snippet":"max-snippet:-1","max-image-preview":"max-image-preview:large","max-video-preview":"max-video-preview:-1"},"canonical":"https:\/\/grossmanwins.com\/es\/areas-practica\/accidentes-catastroficos\/","og_locale":"es_ES","og_type":"article","og_title":"Abogado de accidentes catastr\u00f3ficos en Fresno | Grossman Law Offices","og_description":"Lesi\u00f3n catastr\u00f3fica en Fresno o el Valle Central? Nuestros abogados representan v\u00edctimas de trauma cerebral, par\u00e1lisis y lesiones graves. Consulta gratuita.","og_url":"https:\/\/grossmanwins.com\/es\/areas-practica\/accidentes-catastroficos\/","og_site_name":"Grossman Wins","article_modified_time":"2026-04-16T13:52:25+00:00","twitter_card":"summary_large_image","schema":{"@context":"https:\/\/schema.org","@graph":[{"@type":"WebPage","@id":"https:\/\/grossmanwins.com\/es\/areas-practica\/accidentes-catastroficos\/","url":"https:\/\/grossmanwins.com\/es\/areas-practica\/accidentes-catastroficos\/","name":"Abogado de accidentes catastr\u00f3ficos en Fresno | Grossman Law Offices","isPartOf":{"@id":"https:\/\/grossmanwins.com\/es\/#website"},"datePublished":"2025-05-26T18:55:26+00:00","dateModified":"2026-04-16T13:52:25+00:00","description":"Lesi\u00f3n catastr\u00f3fica en Fresno o el Valle Central? Nuestros abogados representan v\u00edctimas de trauma cerebral, par\u00e1lisis y lesiones graves. Consulta gratuita.","breadcrumb":{"@id":"https:\/\/grossmanwins.com\/es\/areas-practica\/accidentes-catastroficos\/#breadcrumb"},"inLanguage":"es","potentialAction":[{"@type":"ReadAction","target":["https:\/\/grossmanwins.com\/es\/areas-practica\/accidentes-catastroficos\/"]}]},{"@type":"BreadcrumbList","@id":"https:\/\/grossmanwins.com\/es\/areas-practica\/accidentes-catastroficos\/#breadcrumb","itemListElement":[{"@type":"ListItem","position":1,"name":"Home","item":"https:\/\/grossmanwins.com\/es\/"},{"@type":"ListItem","position":2,"name":"areas-practica","item":"https:\/\/grossmanwins.com\/es\/areas-practica\/"},{"@type":"ListItem","position":3,"name":"Accidentes Catastr\u00f3ficos"}]},{"@type":"WebSite","@id":"https:\/\/grossmanwins.com\/es\/#website","url":"https:\/\/grossmanwins.com\/es\/","name":"Grossman Wins","description":"","potentialAction":[{"@type":"SearchAction","target":{"@type":"EntryPoint","urlTemplate":"https:\/\/grossmanwins.com\/es\/?s={search_term_string}"},"query-input":{"@type":"PropertyValueSpecification","valueRequired":true,"valueName":"search_term_string"}}],"inLanguage":"es"}]}},"_links":{"self":[{"href":"https:\/\/grossmanwins.com\/es\/wp-json\/wp\/v2\/pages\/1190","targetHints":{"allow":["GET"]}}],"collection":[{"href":"https:\/\/grossmanwins.com\/es\/wp-json\/wp\/v2\/pages"}],"about":[{"href":"https:\/\/grossmanwins.com\/es\/wp-json\/wp\/v2\/types\/page"}],"author":[{"embeddable":true,"href":"https:\/\/grossmanwins.com\/es\/wp-json\/wp\/v2\/users\/11"}],"replies":[{"embeddable":true,"href":"https:\/\/grossmanwins.com\/es\/wp-json\/wp\/v2\/comments?post=1190"}],"version-history":[{"count":0,"href":"https:\/\/grossmanwins.com\/es\/wp-json\/wp\/v2\/pages\/1190\/revisions"}],"up":[{"embeddable":true,"href":"https:\/\/grossmanwins.com\/es\/wp-json\/wp\/v2\/pages\/1272"}],"wp:attachment":[{"href":"https:\/\/grossmanwins.com\/es\/wp-json\/wp\/v2\/media?parent=1190"}],"curies":[{"name":"wp","href":"https:\/\/api.w.org\/{rel}","templated":true}]}}