{"id":1198,"date":"2025-05-26T19:59:29","date_gmt":"2025-05-26T19:59:29","guid":{"rendered":"https:\/\/grossman-wins.local\/accidentes-con-sustancias-quimicas-peligrosas\/"},"modified":"2025-12-10T16:12:00","modified_gmt":"2025-12-10T16:12:00","slug":"accidentes-maquinaria-peligrosa","status":"publish","type":"page","link":"https:\/\/grossmanwins.com\/es\/areas-practica\/compensacion-laboral\/accidentes-maquinaria-peligrosa\/","title":{"rendered":"Accidentes con Sustancias Qu\u00edmicas Peligrosas"},"content":{"rendered":"<p><span style=\"font-weight: 400;\">Cuando ha estado expuesto a qu\u00edmicos t\u00f3xicos\u2014en el trabajo, en un edificio p\u00fablico, o incluso a trav\u00e9s de un producto defectuoso\u2014su vida entera puede cambiar en un instante. La exposici\u00f3n qu\u00edmica no siempre es dram\u00e1tica u obvia; a veces los s\u00edntomas se desarrollan lentamente, dejando a las v\u00edctimas confundidas, asustadas y sin saber qu\u00e9 hacer a continuaci\u00f3n. Si est\u00e1 buscando un abogado de exposici\u00f3n qu\u00edmica que entienda los desaf\u00edos m\u00e9dicos, legales y emocionales involucrados en estos casos, Grossman Law Offices est\u00e1 aqu\u00ed para ayudar.<\/span><\/p>\n<p><span style=\"font-weight: 400;\">Nuestra firma tiene d\u00e9cadas de experiencia luchando por californianos perjudicados por <a href=\"https:\/\/grossmanwins.com\/es\/areas-practica\/compensacion-laboral\/\">lugares de trabajo peligrosos<\/a>, condiciones inseguras y empresas negligentes. Sabemos lo abrumador que se siente lidiar con problemas respiratorios, quemaduras, problemas neurol\u00f3gicos o enfermedades a largo plazo despu\u00e9s de estar expuesto a qu\u00edmicos en el trabajo, y estamos comprometidos a ayudarlo a entender sus derechos y recuperar la compensaci\u00f3n que merece.<\/span><\/p>\n","protected":false},"excerpt":{"rendered":"<p>Cuando ha estado expuesto a qu\u00edmicos t\u00f3xicos\u2014en el trabajo, en un edificio p\u00fablico, o incluso a trav\u00e9s de un producto defectuoso\u2014su vida entera puede cambiar en un instante. La exposici\u00f3n qu\u00edmica no siempre es dram\u00e1tica u obvia; a veces los s\u00edntomas se desarrollan lentamente, dejando a las v\u00edctimas confundidas, asustadas y sin saber qu\u00e9 hacer [&hellip;]<\/p>\n","protected":false},"author":11,"featured_media":2309,"parent":1213,"menu_order":0,"comment_status":"closed","ping_status":"closed","template":"templates\/practice-area.php","meta":{"_acf_changed":false,"footnotes":""},"class_list":["post-1198","page","type-page","status-publish","has-post-thumbnail","hentry"],"acf":[],"yoast_head":"<!-- This site is optimized with the Yoast SEO plugin v27.3 - https:\/\/yoast.com\/product\/yoast-seo-wordpress\/ -->\n<title>Abogado de Lesiones por Exposici\u00f3n Qu\u00edmica en Fresno | Grossman Law Offices<\/title>\n<meta name=\"description\" content=\"\u00bfLesionado por qu\u00edmicos t\u00f3xicos en el trabajo o en casa? Hable con un abogado experimentado de exposici\u00f3n qu\u00edmica en California. Obtenga ayuda, respuestas y una consulta gratuita hoy.\" \/>\n<meta name=\"robots\" content=\"index, follow, max-snippet:-1, max-image-preview:large, max-video-preview:-1\" \/>\n<link rel=\"canonical\" href=\"https:\/\/grossmanwins.com\/es\/areas-practica\/compensacion-laboral\/accidentes-maquinaria-peligrosa\/\" \/>\n<meta property=\"og:locale\" content=\"es_ES\" \/>\n<meta property=\"og:type\" content=\"article\" \/>\n<meta property=\"og:title\" content=\"Abogado de Lesiones por Exposici\u00f3n Qu\u00edmica en Fresno | Grossman Law Offices\" \/>\n<meta property=\"og:description\" content=\"\u00bfLesionado por qu\u00edmicos t\u00f3xicos en el trabajo o en casa? Hable con un abogado experimentado de exposici\u00f3n qu\u00edmica en California. Obtenga ayuda, respuestas y una consulta gratuita hoy.\" \/>\n<meta property=\"og:url\" content=\"https:\/\/grossmanwins.com\/es\/areas-practica\/compensacion-laboral\/accidentes-maquinaria-peligrosa\/\" \/>\n<meta property=\"og:site_name\" content=\"Grossman Wins\" \/>\n<meta property=\"article:modified_time\" content=\"2025-12-10T16:12:00+00:00\" \/>\n<meta property=\"og:image\" content=\"https:\/\/grossmanwins.com\/wp-content\/uploads\/2025\/09\/dangerous-chemicals-1.webp\" \/>\n\t<meta property=\"og:image:width\" content=\"1600\" \/>\n\t<meta property=\"og:image:height\" content=\"900\" \/>\n\t<meta property=\"og:image:type\" content=\"image\/webp\" \/>\n<meta name=\"twitter:card\" content=\"summary_large_image\" \/>\n<meta name=\"twitter:label1\" content=\"Tiempo de lectura\" \/>\n\t<meta name=\"twitter:data1\" content=\"1 minuto\" \/>\n<script type=\"application\/ld+json\" class=\"yoast-schema-graph\">{\"@context\":\"https:\\\/\\\/schema.org\",\"@graph\":[{\"@type\":\"WebPage\",\"@id\":\"https:\\\/\\\/grossmanwins.com\\\/es\\\/areas-practica\\\/compensacion-laboral\\\/accidentes-maquinaria-peligrosa\\\/\",\"url\":\"https:\\\/\\\/grossmanwins.com\\\/es\\\/areas-practica\\\/compensacion-laboral\\\/accidentes-maquinaria-peligrosa\\\/\",\"name\":\"Abogado de Lesiones por Exposici\u00f3n Qu\u00edmica en Fresno | Grossman Law Offices\",\"isPartOf\":{\"@id\":\"https:\\\/\\\/grossmanwins.com\\\/es\\\/#website\"},\"primaryImageOfPage\":{\"@id\":\"https:\\\/\\\/grossmanwins.com\\\/es\\\/areas-practica\\\/compensacion-laboral\\\/accidentes-maquinaria-peligrosa\\\/#primaryimage\"},\"image\":{\"@id\":\"https:\\\/\\\/grossmanwins.com\\\/es\\\/areas-practica\\\/compensacion-laboral\\\/accidentes-maquinaria-peligrosa\\\/#primaryimage\"},\"thumbnailUrl\":\"https:\\\/\\\/grossmanwins.com\\\/wp-content\\\/uploads\\\/2025\\\/09\\\/dangerous-chemicals-1.webp\",\"datePublished\":\"2025-05-26T19:59:29+00:00\",\"dateModified\":\"2025-12-10T16:12:00+00:00\",\"description\":\"\u00bfLesionado por qu\u00edmicos t\u00f3xicos en el trabajo o en casa? Hable con un abogado experimentado de exposici\u00f3n qu\u00edmica en California. Obtenga ayuda, respuestas y una consulta gratuita hoy.\",\"breadcrumb\":{\"@id\":\"https:\\\/\\\/grossmanwins.com\\\/es\\\/areas-practica\\\/compensacion-laboral\\\/accidentes-maquinaria-peligrosa\\\/#breadcrumb\"},\"inLanguage\":\"es\",\"potentialAction\":[{\"@type\":\"ReadAction\",\"target\":[\"https:\\\/\\\/grossmanwins.com\\\/es\\\/areas-practica\\\/compensacion-laboral\\\/accidentes-maquinaria-peligrosa\\\/\"]}]},{\"@type\":\"ImageObject\",\"inLanguage\":\"es\",\"@id\":\"https:\\\/\\\/grossmanwins.com\\\/es\\\/areas-practica\\\/compensacion-laboral\\\/accidentes-maquinaria-peligrosa\\\/#primaryimage\",\"url\":\"https:\\\/\\\/grossmanwins.com\\\/wp-content\\\/uploads\\\/2025\\\/09\\\/dangerous-chemicals-1.webp\",\"contentUrl\":\"https:\\\/\\\/grossmanwins.com\\\/wp-content\\\/uploads\\\/2025\\\/09\\\/dangerous-chemicals-1.webp\",\"width\":1600,\"height\":900},{\"@type\":\"BreadcrumbList\",\"@id\":\"https:\\\/\\\/grossmanwins.com\\\/es\\\/areas-practica\\\/compensacion-laboral\\\/accidentes-maquinaria-peligrosa\\\/#breadcrumb\",\"itemListElement\":[{\"@type\":\"ListItem\",\"position\":1,\"name\":\"Home\",\"item\":\"https:\\\/\\\/grossmanwins.com\\\/es\\\/\"},{\"@type\":\"ListItem\",\"position\":2,\"name\":\"areas-practica\",\"item\":\"https:\\\/\\\/grossmanwins.com\\\/es\\\/areas-practica\\\/\"},{\"@type\":\"ListItem\",\"position\":3,\"name\":\"Compensaci\u00f3n Laboral\",\"item\":\"https:\\\/\\\/grossmanwins.com\\\/es\\\/areas-practica\\\/compensacion-laboral\\\/\"},{\"@type\":\"ListItem\",\"position\":4,\"name\":\"Accidentes con Sustancias Qu\u00edmicas Peligrosas\"}]},{\"@type\":\"WebSite\",\"@id\":\"https:\\\/\\\/grossmanwins.com\\\/es\\\/#website\",\"url\":\"https:\\\/\\\/grossmanwins.com\\\/es\\\/\",\"name\":\"Grossman Wins\",\"description\":\"\",\"potentialAction\":[{\"@type\":\"SearchAction\",\"target\":{\"@type\":\"EntryPoint\",\"urlTemplate\":\"https:\\\/\\\/grossmanwins.com\\\/es\\\/?s={search_term_string}\"},\"query-input\":{\"@type\":\"PropertyValueSpecification\",\"valueRequired\":true,\"valueName\":\"search_term_string\"}}],\"inLanguage\":\"es\"}]}<\/script>\n<!-- \/ Yoast SEO plugin. -->","yoast_head_json":{"title":"Abogado de Lesiones por Exposici\u00f3n Qu\u00edmica en Fresno | Grossman Law Offices","description":"\u00bfLesionado por qu\u00edmicos t\u00f3xicos en el trabajo o en casa? Hable con un abogado experimentado de exposici\u00f3n qu\u00edmica en California. Obtenga ayuda, respuestas y una consulta gratuita hoy.","robots":{"index":"index","follow":"follow","max-snippet":"max-snippet:-1","max-image-preview":"max-image-preview:large","max-video-preview":"max-video-preview:-1"},"canonical":"https:\/\/grossmanwins.com\/es\/areas-practica\/compensacion-laboral\/accidentes-maquinaria-peligrosa\/","og_locale":"es_ES","og_type":"article","og_title":"Abogado de Lesiones por Exposici\u00f3n Qu\u00edmica en Fresno | Grossman Law Offices","og_description":"\u00bfLesionado por qu\u00edmicos t\u00f3xicos en el trabajo o en casa? Hable con un abogado experimentado de exposici\u00f3n qu\u00edmica en California. Obtenga ayuda, respuestas y una consulta gratuita hoy.","og_url":"https:\/\/grossmanwins.com\/es\/areas-practica\/compensacion-laboral\/accidentes-maquinaria-peligrosa\/","og_site_name":"Grossman Wins","article_modified_time":"2025-12-10T16:12:00+00:00","og_image":[{"width":1600,"height":900,"url":"https:\/\/grossmanwins.com\/wp-content\/uploads\/2025\/09\/dangerous-chemicals-1.webp","type":"image\/webp"}],"twitter_card":"summary_large_image","twitter_misc":{"Tiempo de lectura":"1 minuto"},"schema":{"@context":"https:\/\/schema.org","@graph":[{"@type":"WebPage","@id":"https:\/\/grossmanwins.com\/es\/areas-practica\/compensacion-laboral\/accidentes-maquinaria-peligrosa\/","url":"https:\/\/grossmanwins.com\/es\/areas-practica\/compensacion-laboral\/accidentes-maquinaria-peligrosa\/","name":"Abogado de Lesiones por Exposici\u00f3n Qu\u00edmica en Fresno | Grossman Law Offices","isPartOf":{"@id":"https:\/\/grossmanwins.com\/es\/#website"},"primaryImageOfPage":{"@id":"https:\/\/grossmanwins.com\/es\/areas-practica\/compensacion-laboral\/accidentes-maquinaria-peligrosa\/#primaryimage"},"image":{"@id":"https:\/\/grossmanwins.com\/es\/areas-practica\/compensacion-laboral\/accidentes-maquinaria-peligrosa\/#primaryimage"},"thumbnailUrl":"https:\/\/grossmanwins.com\/wp-content\/uploads\/2025\/09\/dangerous-chemicals-1.webp","datePublished":"2025-05-26T19:59:29+00:00","dateModified":"2025-12-10T16:12:00+00:00","description":"\u00bfLesionado por qu\u00edmicos t\u00f3xicos en el trabajo o en casa? Hable con un abogado experimentado de exposici\u00f3n qu\u00edmica en California. Obtenga ayuda, respuestas y una consulta gratuita hoy.","breadcrumb":{"@id":"https:\/\/grossmanwins.com\/es\/areas-practica\/compensacion-laboral\/accidentes-maquinaria-peligrosa\/#breadcrumb"},"inLanguage":"es","potentialAction":[{"@type":"ReadAction","target":["https:\/\/grossmanwins.com\/es\/areas-practica\/compensacion-laboral\/accidentes-maquinaria-peligrosa\/"]}]},{"@type":"ImageObject","inLanguage":"es","@id":"https:\/\/grossmanwins.com\/es\/areas-practica\/compensacion-laboral\/accidentes-maquinaria-peligrosa\/#primaryimage","url":"https:\/\/grossmanwins.com\/wp-content\/uploads\/2025\/09\/dangerous-chemicals-1.webp","contentUrl":"https:\/\/grossmanwins.com\/wp-content\/uploads\/2025\/09\/dangerous-chemicals-1.webp","width":1600,"height":900},{"@type":"BreadcrumbList","@id":"https:\/\/grossmanwins.com\/es\/areas-practica\/compensacion-laboral\/accidentes-maquinaria-peligrosa\/#breadcrumb","itemListElement":[{"@type":"ListItem","position":1,"name":"Home","item":"https:\/\/grossmanwins.com\/es\/"},{"@type":"ListItem","position":2,"name":"areas-practica","item":"https:\/\/grossmanwins.com\/es\/areas-practica\/"},{"@type":"ListItem","position":3,"name":"Compensaci\u00f3n Laboral","item":"https:\/\/grossmanwins.com\/es\/areas-practica\/compensacion-laboral\/"},{"@type":"ListItem","position":4,"name":"Accidentes con Sustancias Qu\u00edmicas Peligrosas"}]},{"@type":"WebSite","@id":"https:\/\/grossmanwins.com\/es\/#website","url":"https:\/\/grossmanwins.com\/es\/","name":"Grossman Wins","description":"","potentialAction":[{"@type":"SearchAction","target":{"@type":"EntryPoint","urlTemplate":"https:\/\/grossmanwins.com\/es\/?s={search_term_string}"},"query-input":{"@type":"PropertyValueSpecification","valueRequired":true,"valueName":"search_term_string"}}],"inLanguage":"es"}]}},"_links":{"self":[{"href":"https:\/\/grossmanwins.com\/es\/wp-json\/wp\/v2\/pages\/1198","targetHints":{"allow":["GET"]}}],"collection":[{"href":"https:\/\/grossmanwins.com\/es\/wp-json\/wp\/v2\/pages"}],"about":[{"href":"https:\/\/grossmanwins.com\/es\/wp-json\/wp\/v2\/types\/page"}],"author":[{"embeddable":true,"href":"https:\/\/grossmanwins.com\/es\/wp-json\/wp\/v2\/users\/11"}],"replies":[{"embeddable":true,"href":"https:\/\/grossmanwins.com\/es\/wp-json\/wp\/v2\/comments?post=1198"}],"version-history":[{"count":0,"href":"https:\/\/grossmanwins.com\/es\/wp-json\/wp\/v2\/pages\/1198\/revisions"}],"up":[{"embeddable":true,"href":"https:\/\/grossmanwins.com\/es\/wp-json\/wp\/v2\/pages\/1213"}],"wp:featuredmedia":[{"embeddable":true,"href":"https:\/\/grossmanwins.com\/es\/wp-json\/wp\/v2\/media\/2309"}],"wp:attachment":[{"href":"https:\/\/grossmanwins.com\/es\/wp-json\/wp\/v2\/media?parent=1198"}],"curies":[{"name":"wp","href":"https:\/\/api.w.org\/{rel}","templated":true}]}}