{"id":1199,"date":"2025-05-26T20:27:34","date_gmt":"2025-05-26T20:27:34","guid":{"rendered":"https:\/\/grossman-wins.local\/maquinaria-peligrosa\/"},"modified":"2025-10-15T18:48:35","modified_gmt":"2025-10-15T18:48:35","slug":"maquinaria-peligrosa","status":"publish","type":"page","link":"https:\/\/grossmanwins.com\/es\/areas-practica\/maquinaria-peligrosa\/","title":{"rendered":"Maquinaria Peligrosa"},"content":{"rendered":"<p>La maquinaria peligrosa puede transmitir cantidades letales de <a href=\"https:\/\/workzonesafety-media.s3.amazonaws.com\/workzonesafety\/files\/documents\/news_events\/wz_conference_2002\/avoiding_contact.pdf\">energ\u00eda <\/a>o atrapar mangas sueltas o ropa que use un trabajador de la construcci\u00f3n. Las m\u00e1quinas con componentes complejos y partes m\u00f3viles son las m\u00e1s peligrosas, incluyendo equipos que giran o tienen partes transversales. Trabajar con poleas, correas, engranajes, volantes y cadenas requiere concentraci\u00f3n y enfoque para prevenir un accidente.<\/p>\n<p>Seg\u00fan la Administraci\u00f3n de Seguridad y Salud Ocupacional (OSHA), las protecciones son esenciales para prevenir lesiones. Las tres \u00e1reas principales a considerar para el resguardo de m\u00e1quinas son el punto de operaci\u00f3n, los controles operativos y el dispositivo de transmisi\u00f3n de energ\u00eda. Los protectores de barrera y los dispositivos de parada son m\u00e9todos efectivos que previenen el contacto y limitan el acceso a un \u00e1rea peligrosa.<\/p>\n<p>Su empleador, un contratista general o un subcontratista pueden ser responsables si no proveen m\u00e9todos de resguardo para protegerlo a usted y a otros trabajadores de la construcci\u00f3n. Lo que complica estos casos es que, bajo el sistema de <a href=\"https:\/\/personalinjuryattorney-fresno.com\/personal-injury\/workers-compensation\/\">Compensaci\u00f3n para Trabajadores de California<\/a>, los empleados pueden recibir <a href=\"https:\/\/personalinjuryattorney-fresno.com\/personal-injury\/workers-compensation\/\">beneficios<\/a> aun si fueron responsables de su accidente, pero renuncian a su derecho legal de demandar a su empleador en un tribunal civil. Hay algunas excepciones a esta regla. Debe hablar con uno de los abogados de lesiones laborales en Grossman Law Offices para conocer m\u00e1s sobre sus derechos y qu\u00e9 puede hacer para recibir la compensaci\u00f3n que merece. Ll\u00e1menos hoy al (800) 462-5555.<\/p>\n","protected":false},"excerpt":{"rendered":"<p>La maquinaria peligrosa puede transmitir cantidades letales de energ\u00eda o atrapar mangas sueltas o ropa que use un trabajador de la construcci\u00f3n. Las m\u00e1quinas con componentes complejos y partes m\u00f3viles son las m\u00e1s peligrosas, incluyendo equipos que giran o tienen partes transversales. Trabajar con poleas, correas, engranajes, volantes y cadenas requiere concentraci\u00f3n y enfoque para [&hellip;]<\/p>\n","protected":false},"author":11,"featured_media":0,"parent":1272,"menu_order":0,"comment_status":"closed","ping_status":"closed","template":"templates\/practice-area.php","meta":{"_acf_changed":false,"footnotes":""},"class_list":["post-1199","page","type-page","status-publish","hentry"],"acf":[],"yoast_head":"<!-- This site is optimized with the Yoast SEO plugin v27.4 - https:\/\/yoast.com\/product\/yoast-seo-wordpress\/ -->\n<title>Maquinaria Peligrosa - Grossman Wins<\/title>\n<meta name=\"robots\" content=\"index, follow, max-snippet:-1, max-image-preview:large, max-video-preview:-1\" \/>\n<link rel=\"canonical\" href=\"https:\/\/grossmanwins.com\/es\/areas-practica\/maquinaria-peligrosa\/\" \/>\n<meta property=\"og:locale\" content=\"es_ES\" \/>\n<meta property=\"og:type\" content=\"article\" \/>\n<meta property=\"og:title\" content=\"Maquinaria Peligrosa - Grossman Wins\" \/>\n<meta property=\"og:description\" content=\"La maquinaria peligrosa puede transmitir cantidades letales de energ\u00eda o atrapar mangas sueltas o ropa que use un trabajador de la construcci\u00f3n. Las m\u00e1quinas con componentes complejos y partes m\u00f3viles son las m\u00e1s peligrosas, incluyendo equipos que giran o tienen partes transversales. Trabajar con poleas, correas, engranajes, volantes y cadenas requiere concentraci\u00f3n y enfoque para [&hellip;]\" \/>\n<meta property=\"og:url\" content=\"https:\/\/grossmanwins.com\/es\/areas-practica\/maquinaria-peligrosa\/\" \/>\n<meta property=\"og:site_name\" content=\"Grossman Wins\" \/>\n<meta property=\"article:modified_time\" content=\"2025-10-15T18:48:35+00:00\" \/>\n<meta name=\"twitter:card\" content=\"summary_large_image\" \/>\n<meta name=\"twitter:label1\" content=\"Tiempo de lectura\" \/>\n\t<meta name=\"twitter:data1\" content=\"2 minutos\" \/>\n<script type=\"application\/ld+json\" class=\"yoast-schema-graph\">{\"@context\":\"https:\\\/\\\/schema.org\",\"@graph\":[{\"@type\":\"WebPage\",\"@id\":\"https:\\\/\\\/grossmanwins.com\\\/es\\\/areas-practica\\\/maquinaria-peligrosa\\\/\",\"url\":\"https:\\\/\\\/grossmanwins.com\\\/es\\\/areas-practica\\\/maquinaria-peligrosa\\\/\",\"name\":\"Maquinaria Peligrosa - Grossman Wins\",\"isPartOf\":{\"@id\":\"https:\\\/\\\/grossmanwins.com\\\/es\\\/#website\"},\"datePublished\":\"2025-05-26T20:27:34+00:00\",\"dateModified\":\"2025-10-15T18:48:35+00:00\",\"breadcrumb\":{\"@id\":\"https:\\\/\\\/grossmanwins.com\\\/es\\\/areas-practica\\\/maquinaria-peligrosa\\\/#breadcrumb\"},\"inLanguage\":\"es\",\"potentialAction\":[{\"@type\":\"ReadAction\",\"target\":[\"https:\\\/\\\/grossmanwins.com\\\/es\\\/areas-practica\\\/maquinaria-peligrosa\\\/\"]}]},{\"@type\":\"BreadcrumbList\",\"@id\":\"https:\\\/\\\/grossmanwins.com\\\/es\\\/areas-practica\\\/maquinaria-peligrosa\\\/#breadcrumb\",\"itemListElement\":[{\"@type\":\"ListItem\",\"position\":1,\"name\":\"Home\",\"item\":\"https:\\\/\\\/grossmanwins.com\\\/es\\\/\"},{\"@type\":\"ListItem\",\"position\":2,\"name\":\"areas-practica\",\"item\":\"https:\\\/\\\/grossmanwins.com\\\/es\\\/areas-practica\\\/\"},{\"@type\":\"ListItem\",\"position\":3,\"name\":\"Maquinaria Peligrosa\"}]},{\"@type\":\"WebSite\",\"@id\":\"https:\\\/\\\/grossmanwins.com\\\/es\\\/#website\",\"url\":\"https:\\\/\\\/grossmanwins.com\\\/es\\\/\",\"name\":\"Grossman Wins\",\"description\":\"\",\"potentialAction\":[{\"@type\":\"SearchAction\",\"target\":{\"@type\":\"EntryPoint\",\"urlTemplate\":\"https:\\\/\\\/grossmanwins.com\\\/es\\\/?s={search_term_string}\"},\"query-input\":{\"@type\":\"PropertyValueSpecification\",\"valueRequired\":true,\"valueName\":\"search_term_string\"}}],\"inLanguage\":\"es\"}]}<\/script>\n<!-- \/ Yoast SEO plugin. -->","yoast_head_json":{"title":"Maquinaria Peligrosa - Grossman Wins","robots":{"index":"index","follow":"follow","max-snippet":"max-snippet:-1","max-image-preview":"max-image-preview:large","max-video-preview":"max-video-preview:-1"},"canonical":"https:\/\/grossmanwins.com\/es\/areas-practica\/maquinaria-peligrosa\/","og_locale":"es_ES","og_type":"article","og_title":"Maquinaria Peligrosa - Grossman Wins","og_description":"La maquinaria peligrosa puede transmitir cantidades letales de energ\u00eda o atrapar mangas sueltas o ropa que use un trabajador de la construcci\u00f3n. Las m\u00e1quinas con componentes complejos y partes m\u00f3viles son las m\u00e1s peligrosas, incluyendo equipos que giran o tienen partes transversales. Trabajar con poleas, correas, engranajes, volantes y cadenas requiere concentraci\u00f3n y enfoque para [&hellip;]","og_url":"https:\/\/grossmanwins.com\/es\/areas-practica\/maquinaria-peligrosa\/","og_site_name":"Grossman Wins","article_modified_time":"2025-10-15T18:48:35+00:00","twitter_card":"summary_large_image","twitter_misc":{"Tiempo de lectura":"2 minutos"},"schema":{"@context":"https:\/\/schema.org","@graph":[{"@type":"WebPage","@id":"https:\/\/grossmanwins.com\/es\/areas-practica\/maquinaria-peligrosa\/","url":"https:\/\/grossmanwins.com\/es\/areas-practica\/maquinaria-peligrosa\/","name":"Maquinaria Peligrosa - Grossman Wins","isPartOf":{"@id":"https:\/\/grossmanwins.com\/es\/#website"},"datePublished":"2025-05-26T20:27:34+00:00","dateModified":"2025-10-15T18:48:35+00:00","breadcrumb":{"@id":"https:\/\/grossmanwins.com\/es\/areas-practica\/maquinaria-peligrosa\/#breadcrumb"},"inLanguage":"es","potentialAction":[{"@type":"ReadAction","target":["https:\/\/grossmanwins.com\/es\/areas-practica\/maquinaria-peligrosa\/"]}]},{"@type":"BreadcrumbList","@id":"https:\/\/grossmanwins.com\/es\/areas-practica\/maquinaria-peligrosa\/#breadcrumb","itemListElement":[{"@type":"ListItem","position":1,"name":"Home","item":"https:\/\/grossmanwins.com\/es\/"},{"@type":"ListItem","position":2,"name":"areas-practica","item":"https:\/\/grossmanwins.com\/es\/areas-practica\/"},{"@type":"ListItem","position":3,"name":"Maquinaria Peligrosa"}]},{"@type":"WebSite","@id":"https:\/\/grossmanwins.com\/es\/#website","url":"https:\/\/grossmanwins.com\/es\/","name":"Grossman Wins","description":"","potentialAction":[{"@type":"SearchAction","target":{"@type":"EntryPoint","urlTemplate":"https:\/\/grossmanwins.com\/es\/?s={search_term_string}"},"query-input":{"@type":"PropertyValueSpecification","valueRequired":true,"valueName":"search_term_string"}}],"inLanguage":"es"}]}},"_links":{"self":[{"href":"https:\/\/grossmanwins.com\/es\/wp-json\/wp\/v2\/pages\/1199","targetHints":{"allow":["GET"]}}],"collection":[{"href":"https:\/\/grossmanwins.com\/es\/wp-json\/wp\/v2\/pages"}],"about":[{"href":"https:\/\/grossmanwins.com\/es\/wp-json\/wp\/v2\/types\/page"}],"author":[{"embeddable":true,"href":"https:\/\/grossmanwins.com\/es\/wp-json\/wp\/v2\/users\/11"}],"replies":[{"embeddable":true,"href":"https:\/\/grossmanwins.com\/es\/wp-json\/wp\/v2\/comments?post=1199"}],"version-history":[{"count":0,"href":"https:\/\/grossmanwins.com\/es\/wp-json\/wp\/v2\/pages\/1199\/revisions"}],"up":[{"embeddable":true,"href":"https:\/\/grossmanwins.com\/es\/wp-json\/wp\/v2\/pages\/1272"}],"wp:attachment":[{"href":"https:\/\/grossmanwins.com\/es\/wp-json\/wp\/v2\/media?parent=1199"}],"curies":[{"name":"wp","href":"https:\/\/api.w.org\/{rel}","templated":true}]}}