{"id":1200,"date":"2025-05-26T20:58:27","date_gmt":"2025-05-26T20:58:27","guid":{"rendered":"https:\/\/grossman-wins.local\/caidas-desde-altura\/"},"modified":"2026-04-16T13:28:41","modified_gmt":"2026-04-16T13:28:41","slug":"accidentes-caidas-altura","status":"publish","type":"page","link":"https:\/\/grossmanwins.com\/es\/areas-practica\/accidentes-caidas-altura\/","title":{"rendered":"Ca\u00eddas desde Altura"},"content":{"rendered":"<p>Las resbalones, <a href=\"https:\/\/www.cdc.gov\/niosh\/injury\/fastfacts.html#:~:text=The%20three%20leading%20causes%20of,and%20trips%20without%20a%20fall\">tropiezos y ca\u00eddas representaron el 18% de las lesiones laborales<\/a> no mortales que resultaron en tiempo perdido del trabajo en 2020. Los trabajadores de la construcci\u00f3n y otros que deben realizar sus labores a gran altura tienen el mayor riesgo de sufrir lesiones graves. Como la segunda causa principal de muertes accidentales en construcci\u00f3n, los empleadores conocen los riesgos de las ca\u00eddas y, sin embargo, a menudo no toman las medidas preventivas que podr\u00edan salvar vidas.<\/p>\n<p>California es un estado de <a href=\"https:\/\/personalinjuryattorney-fresno.com\/personal-injury\/workers-compensation\/\">compensaci\u00f3n laboral <\/a>sin culpa, por lo que los empleados de la construcci\u00f3n pueden recibir beneficios aun si fueron responsables de su accidente. Su abogado no tiene que probar negligencia por parte de su empleador para que reciba beneficios de compensaci\u00f3n laboral. Sin embargo, a cambio, los empleados pierden el derecho a demandar a su empleador. Hay excepciones a esta regla, y en algunos casos la v\u00edctima puede recibir da\u00f1os y perjuicios adicionales.<\/p>\n<p>Estos casos pueden complicarse r\u00e1pidamente, pero cuando trabaja con Grossman Law Offices, podemos facilitarle el proceso. Le explicamos sus derechos bajo la ley, las excepciones a esta regla, y luchamos para obtener todos los da\u00f1os y perjuicios adicionales a los que podr\u00eda tener derecho. Ll\u00e1menos ahora al (800) 462-5555 para hablar con un abogado.<\/p>\n","protected":false},"excerpt":{"rendered":"<p>Las resbalones, tropiezos y ca\u00eddas representaron el 18% de las lesiones laborales no mortales que resultaron en tiempo perdido del trabajo en 2020. Los trabajadores de la construcci\u00f3n y otros que deben realizar sus labores a gran altura tienen el mayor riesgo de sufrir lesiones graves. Como la segunda causa principal de muertes accidentales en [&hellip;]<\/p>\n","protected":false},"author":11,"featured_media":0,"parent":1272,"menu_order":0,"comment_status":"closed","ping_status":"closed","template":"templates\/practice-area.php","meta":{"_acf_changed":false,"footnotes":""},"class_list":["post-1200","page","type-page","status-publish","hentry"],"acf":[],"yoast_head":"<!-- This site is optimized with the Yoast SEO plugin v27.4 - https:\/\/yoast.com\/product\/yoast-seo-wordpress\/ -->\n<title>Abogado de accidentes por ca\u00eddas desde altura en Fresno | Grossman Law Offices<\/title>\n<meta name=\"description\" content=\"Lesionado por una ca\u00edda desde altura en Fresno o el Valle Central? Nuestros abogados de lesiones graves lo representan y luchan por su compensaci\u00f3n. Consulta gratuita.\" \/>\n<meta name=\"robots\" content=\"index, follow, max-snippet:-1, max-image-preview:large, max-video-preview:-1\" \/>\n<link rel=\"canonical\" href=\"https:\/\/grossmanwins.com\/es\/areas-practica\/accidentes-caidas-altura\/\" \/>\n<meta property=\"og:locale\" content=\"es_ES\" \/>\n<meta property=\"og:type\" content=\"article\" \/>\n<meta property=\"og:title\" content=\"Abogado de accidentes por ca\u00eddas desde altura en Fresno | Grossman Law Offices\" \/>\n<meta property=\"og:description\" content=\"Lesionado por una ca\u00edda desde altura en Fresno o el Valle Central? Nuestros abogados de lesiones graves lo representan y luchan por su compensaci\u00f3n. Consulta gratuita.\" \/>\n<meta property=\"og:url\" content=\"https:\/\/grossmanwins.com\/es\/areas-practica\/accidentes-caidas-altura\/\" \/>\n<meta property=\"og:site_name\" content=\"Grossman Wins\" \/>\n<meta property=\"article:modified_time\" content=\"2026-04-16T13:28:41+00:00\" \/>\n<meta name=\"twitter:card\" content=\"summary_large_image\" \/>\n<meta name=\"twitter:label1\" content=\"Tiempo de lectura\" \/>\n\t<meta name=\"twitter:data1\" content=\"1 minuto\" \/>\n<script type=\"application\/ld+json\" class=\"yoast-schema-graph\">{\"@context\":\"https:\\\/\\\/schema.org\",\"@graph\":[{\"@type\":\"WebPage\",\"@id\":\"https:\\\/\\\/grossmanwins.com\\\/es\\\/areas-practica\\\/accidentes-caidas-altura\\\/\",\"url\":\"https:\\\/\\\/grossmanwins.com\\\/es\\\/areas-practica\\\/accidentes-caidas-altura\\\/\",\"name\":\"Abogado de accidentes por ca\u00eddas desde altura en Fresno | Grossman Law Offices\",\"isPartOf\":{\"@id\":\"https:\\\/\\\/grossmanwins.com\\\/es\\\/#website\"},\"datePublished\":\"2025-05-26T20:58:27+00:00\",\"dateModified\":\"2026-04-16T13:28:41+00:00\",\"description\":\"Lesionado por una ca\u00edda desde altura en Fresno o el Valle Central? Nuestros abogados de lesiones graves lo representan y luchan por su compensaci\u00f3n. Consulta gratuita.\",\"breadcrumb\":{\"@id\":\"https:\\\/\\\/grossmanwins.com\\\/es\\\/areas-practica\\\/accidentes-caidas-altura\\\/#breadcrumb\"},\"inLanguage\":\"es\",\"potentialAction\":[{\"@type\":\"ReadAction\",\"target\":[\"https:\\\/\\\/grossmanwins.com\\\/es\\\/areas-practica\\\/accidentes-caidas-altura\\\/\"]}]},{\"@type\":\"BreadcrumbList\",\"@id\":\"https:\\\/\\\/grossmanwins.com\\\/es\\\/areas-practica\\\/accidentes-caidas-altura\\\/#breadcrumb\",\"itemListElement\":[{\"@type\":\"ListItem\",\"position\":1,\"name\":\"Home\",\"item\":\"https:\\\/\\\/grossmanwins.com\\\/es\\\/\"},{\"@type\":\"ListItem\",\"position\":2,\"name\":\"areas-practica\",\"item\":\"https:\\\/\\\/grossmanwins.com\\\/es\\\/areas-practica\\\/\"},{\"@type\":\"ListItem\",\"position\":3,\"name\":\"Ca\u00eddas desde Altura\"}]},{\"@type\":\"WebSite\",\"@id\":\"https:\\\/\\\/grossmanwins.com\\\/es\\\/#website\",\"url\":\"https:\\\/\\\/grossmanwins.com\\\/es\\\/\",\"name\":\"Grossman Wins\",\"description\":\"\",\"potentialAction\":[{\"@type\":\"SearchAction\",\"target\":{\"@type\":\"EntryPoint\",\"urlTemplate\":\"https:\\\/\\\/grossmanwins.com\\\/es\\\/?s={search_term_string}\"},\"query-input\":{\"@type\":\"PropertyValueSpecification\",\"valueRequired\":true,\"valueName\":\"search_term_string\"}}],\"inLanguage\":\"es\"}]}<\/script>\n<!-- \/ Yoast SEO plugin. -->","yoast_head_json":{"title":"Abogado de accidentes por ca\u00eddas desde altura en Fresno | Grossman Law Offices","description":"Lesionado por una ca\u00edda desde altura en Fresno o el Valle Central? Nuestros abogados de lesiones graves lo representan y luchan por su compensaci\u00f3n. Consulta gratuita.","robots":{"index":"index","follow":"follow","max-snippet":"max-snippet:-1","max-image-preview":"max-image-preview:large","max-video-preview":"max-video-preview:-1"},"canonical":"https:\/\/grossmanwins.com\/es\/areas-practica\/accidentes-caidas-altura\/","og_locale":"es_ES","og_type":"article","og_title":"Abogado de accidentes por ca\u00eddas desde altura en Fresno | Grossman Law Offices","og_description":"Lesionado por una ca\u00edda desde altura en Fresno o el Valle Central? Nuestros abogados de lesiones graves lo representan y luchan por su compensaci\u00f3n. Consulta gratuita.","og_url":"https:\/\/grossmanwins.com\/es\/areas-practica\/accidentes-caidas-altura\/","og_site_name":"Grossman Wins","article_modified_time":"2026-04-16T13:28:41+00:00","twitter_card":"summary_large_image","twitter_misc":{"Tiempo de lectura":"1 minuto"},"schema":{"@context":"https:\/\/schema.org","@graph":[{"@type":"WebPage","@id":"https:\/\/grossmanwins.com\/es\/areas-practica\/accidentes-caidas-altura\/","url":"https:\/\/grossmanwins.com\/es\/areas-practica\/accidentes-caidas-altura\/","name":"Abogado de accidentes por ca\u00eddas desde altura en Fresno | Grossman Law Offices","isPartOf":{"@id":"https:\/\/grossmanwins.com\/es\/#website"},"datePublished":"2025-05-26T20:58:27+00:00","dateModified":"2026-04-16T13:28:41+00:00","description":"Lesionado por una ca\u00edda desde altura en Fresno o el Valle Central? Nuestros abogados de lesiones graves lo representan y luchan por su compensaci\u00f3n. Consulta gratuita.","breadcrumb":{"@id":"https:\/\/grossmanwins.com\/es\/areas-practica\/accidentes-caidas-altura\/#breadcrumb"},"inLanguage":"es","potentialAction":[{"@type":"ReadAction","target":["https:\/\/grossmanwins.com\/es\/areas-practica\/accidentes-caidas-altura\/"]}]},{"@type":"BreadcrumbList","@id":"https:\/\/grossmanwins.com\/es\/areas-practica\/accidentes-caidas-altura\/#breadcrumb","itemListElement":[{"@type":"ListItem","position":1,"name":"Home","item":"https:\/\/grossmanwins.com\/es\/"},{"@type":"ListItem","position":2,"name":"areas-practica","item":"https:\/\/grossmanwins.com\/es\/areas-practica\/"},{"@type":"ListItem","position":3,"name":"Ca\u00eddas desde Altura"}]},{"@type":"WebSite","@id":"https:\/\/grossmanwins.com\/es\/#website","url":"https:\/\/grossmanwins.com\/es\/","name":"Grossman Wins","description":"","potentialAction":[{"@type":"SearchAction","target":{"@type":"EntryPoint","urlTemplate":"https:\/\/grossmanwins.com\/es\/?s={search_term_string}"},"query-input":{"@type":"PropertyValueSpecification","valueRequired":true,"valueName":"search_term_string"}}],"inLanguage":"es"}]}},"_links":{"self":[{"href":"https:\/\/grossmanwins.com\/es\/wp-json\/wp\/v2\/pages\/1200","targetHints":{"allow":["GET"]}}],"collection":[{"href":"https:\/\/grossmanwins.com\/es\/wp-json\/wp\/v2\/pages"}],"about":[{"href":"https:\/\/grossmanwins.com\/es\/wp-json\/wp\/v2\/types\/page"}],"author":[{"embeddable":true,"href":"https:\/\/grossmanwins.com\/es\/wp-json\/wp\/v2\/users\/11"}],"replies":[{"embeddable":true,"href":"https:\/\/grossmanwins.com\/es\/wp-json\/wp\/v2\/comments?post=1200"}],"version-history":[{"count":0,"href":"https:\/\/grossmanwins.com\/es\/wp-json\/wp\/v2\/pages\/1200\/revisions"}],"up":[{"embeddable":true,"href":"https:\/\/grossmanwins.com\/es\/wp-json\/wp\/v2\/pages\/1272"}],"wp:attachment":[{"href":"https:\/\/grossmanwins.com\/es\/wp-json\/wp\/v2\/media?parent=1200"}],"curies":[{"name":"wp","href":"https:\/\/api.w.org\/{rel}","templated":true}]}}