{"id":1203,"date":"2025-05-26T21:20:04","date_gmt":"2025-05-26T21:20:04","guid":{"rendered":"https:\/\/grossman-wins.local\/accidentes-por-equipo-de-proteccion-personal-inadecuado\/"},"modified":"2025-09-08T21:36:40","modified_gmt":"2025-09-08T21:36:40","slug":"accidentes-equipo-proteccion-personal-inadecuado","status":"publish","type":"page","link":"https:\/\/grossmanwins.com\/es\/areas-practica\/compensacion-laboral\/accidentes-equipo-proteccion-personal-inadecuado\/","title":{"rendered":"Accidentes por Equipo de Protecci\u00f3n Personal Inadecuado"},"content":{"rendered":"<p>Existen muchas formas de prevenir <a href=\"https:\/\/personalinjuryattorney-fresno.com\/es\/lesiones-personales\/accidentes-de-construccio\/\">lesiones y muertes en trabajadores de la construcci\u00f3n<\/a>. Pero cuando los empleadores priorizan las ganancias por encima de la seguridad, los empleados lesionados pueden presentar una demanda por negligencia contra el contratista general, subcontratistas, su empleador, el gerente de construcci\u00f3n o el due\u00f1o del sitio, adem\u00e1s de recibir beneficios de <a href=\"https:\/\/personalinjuryattorney-fresno.com\/es\/lesiones-personales\/compensacion-laboral\/\">compensaci\u00f3n laboral<\/a>.<\/p>\n<p><img loading=\"lazy\" decoding=\"async\" class=\"alignnone size-full wp-image-2325\" src=\"https:\/\/grossmanwins.com\/wp-content\/uploads\/2025\/09\/improper-ppe-1.webp\" alt=\"\" width=\"1600\" height=\"900\" srcset=\"https:\/\/grossmanwins.com\/wp-content\/uploads\/2025\/09\/improper-ppe-1.webp 1600w, https:\/\/grossmanwins.com\/wp-content\/uploads\/2025\/09\/improper-ppe-1-300x169.webp 300w, https:\/\/grossmanwins.com\/wp-content\/uploads\/2025\/09\/improper-ppe-1-1024x576.webp 1024w, https:\/\/grossmanwins.com\/wp-content\/uploads\/2025\/09\/improper-ppe-1-768x432.webp 768w, https:\/\/grossmanwins.com\/wp-content\/uploads\/2025\/09\/improper-ppe-1-1536x864.webp 1536w\" sizes=\"auto, (max-width: 1600px) 100vw, 1600px\" \/><\/p>\n","protected":false},"excerpt":{"rendered":"<p>Existen muchas formas de prevenir lesiones y muertes en trabajadores de la construcci\u00f3n. Pero cuando los empleadores priorizan las ganancias por encima de la seguridad, los empleados lesionados pueden presentar una demanda por negligencia contra el contratista general, subcontratistas, su empleador, el gerente de construcci\u00f3n o el due\u00f1o del sitio, adem\u00e1s de recibir beneficios de [&hellip;]<\/p>\n","protected":false},"author":11,"featured_media":0,"parent":1213,"menu_order":0,"comment_status":"closed","ping_status":"closed","template":"templates\/practice-area.php","meta":{"_acf_changed":false,"footnotes":""},"class_list":["post-1203","page","type-page","status-publish","hentry"],"acf":[],"yoast_head":"<!-- This site is optimized with the Yoast SEO plugin v27.4 - https:\/\/yoast.com\/product\/yoast-seo-wordpress\/ -->\n<title>Accidentes por Equipo de Protecci\u00f3n Personal Inadecuado - Grossman Wins<\/title>\n<meta name=\"robots\" content=\"index, follow, max-snippet:-1, max-image-preview:large, max-video-preview:-1\" \/>\n<link rel=\"canonical\" href=\"https:\/\/grossmanwins.com\/es\/areas-practica\/compensacion-laboral\/accidentes-equipo-proteccion-personal-inadecuado\/\" \/>\n<meta property=\"og:locale\" content=\"es_ES\" \/>\n<meta property=\"og:type\" content=\"article\" \/>\n<meta property=\"og:title\" content=\"Accidentes por Equipo de Protecci\u00f3n Personal Inadecuado - Grossman Wins\" \/>\n<meta property=\"og:description\" content=\"Existen muchas formas de prevenir lesiones y muertes en trabajadores de la construcci\u00f3n. Pero cuando los empleadores priorizan las ganancias por encima de la seguridad, los empleados lesionados pueden presentar una demanda por negligencia contra el contratista general, subcontratistas, su empleador, el gerente de construcci\u00f3n o el due\u00f1o del sitio, adem\u00e1s de recibir beneficios de [&hellip;]\" \/>\n<meta property=\"og:url\" content=\"https:\/\/grossmanwins.com\/es\/areas-practica\/compensacion-laboral\/accidentes-equipo-proteccion-personal-inadecuado\/\" \/>\n<meta property=\"og:site_name\" content=\"Grossman Wins\" \/>\n<meta property=\"article:modified_time\" content=\"2025-09-08T21:36:40+00:00\" \/>\n<meta property=\"og:image\" content=\"https:\/\/grossmanwins.com\/wp-content\/uploads\/2025\/09\/improper-ppe-1.webp\" \/>\n\t<meta property=\"og:image:width\" content=\"1600\" \/>\n\t<meta property=\"og:image:height\" content=\"900\" \/>\n\t<meta property=\"og:image:type\" content=\"image\/webp\" \/>\n<meta name=\"twitter:card\" content=\"summary_large_image\" \/>\n<meta name=\"twitter:label1\" content=\"Tiempo de lectura\" \/>\n\t<meta name=\"twitter:data1\" content=\"1 minuto\" \/>\n<script type=\"application\/ld+json\" class=\"yoast-schema-graph\">{\"@context\":\"https:\\\/\\\/schema.org\",\"@graph\":[{\"@type\":\"WebPage\",\"@id\":\"https:\\\/\\\/grossmanwins.com\\\/es\\\/areas-practica\\\/compensacion-laboral\\\/accidentes-equipo-proteccion-personal-inadecuado\\\/\",\"url\":\"https:\\\/\\\/grossmanwins.com\\\/es\\\/areas-practica\\\/compensacion-laboral\\\/accidentes-equipo-proteccion-personal-inadecuado\\\/\",\"name\":\"Accidentes por Equipo de Protecci\u00f3n Personal Inadecuado - Grossman Wins\",\"isPartOf\":{\"@id\":\"https:\\\/\\\/grossmanwins.com\\\/es\\\/#website\"},\"primaryImageOfPage\":{\"@id\":\"https:\\\/\\\/grossmanwins.com\\\/es\\\/areas-practica\\\/compensacion-laboral\\\/accidentes-equipo-proteccion-personal-inadecuado\\\/#primaryimage\"},\"image\":{\"@id\":\"https:\\\/\\\/grossmanwins.com\\\/es\\\/areas-practica\\\/compensacion-laboral\\\/accidentes-equipo-proteccion-personal-inadecuado\\\/#primaryimage\"},\"thumbnailUrl\":\"https:\\\/\\\/grossmanwins.com\\\/wp-content\\\/uploads\\\/2025\\\/09\\\/improper-ppe-1.webp\",\"datePublished\":\"2025-05-26T21:20:04+00:00\",\"dateModified\":\"2025-09-08T21:36:40+00:00\",\"breadcrumb\":{\"@id\":\"https:\\\/\\\/grossmanwins.com\\\/es\\\/areas-practica\\\/compensacion-laboral\\\/accidentes-equipo-proteccion-personal-inadecuado\\\/#breadcrumb\"},\"inLanguage\":\"es\",\"potentialAction\":[{\"@type\":\"ReadAction\",\"target\":[\"https:\\\/\\\/grossmanwins.com\\\/es\\\/areas-practica\\\/compensacion-laboral\\\/accidentes-equipo-proteccion-personal-inadecuado\\\/\"]}]},{\"@type\":\"ImageObject\",\"inLanguage\":\"es\",\"@id\":\"https:\\\/\\\/grossmanwins.com\\\/es\\\/areas-practica\\\/compensacion-laboral\\\/accidentes-equipo-proteccion-personal-inadecuado\\\/#primaryimage\",\"url\":\"https:\\\/\\\/grossmanwins.com\\\/wp-content\\\/uploads\\\/2025\\\/09\\\/improper-ppe-1.webp\",\"contentUrl\":\"https:\\\/\\\/grossmanwins.com\\\/wp-content\\\/uploads\\\/2025\\\/09\\\/improper-ppe-1.webp\"},{\"@type\":\"BreadcrumbList\",\"@id\":\"https:\\\/\\\/grossmanwins.com\\\/es\\\/areas-practica\\\/compensacion-laboral\\\/accidentes-equipo-proteccion-personal-inadecuado\\\/#breadcrumb\",\"itemListElement\":[{\"@type\":\"ListItem\",\"position\":1,\"name\":\"Home\",\"item\":\"https:\\\/\\\/grossmanwins.com\\\/es\\\/\"},{\"@type\":\"ListItem\",\"position\":2,\"name\":\"areas-practica\",\"item\":\"https:\\\/\\\/grossmanwins.com\\\/es\\\/areas-practica\\\/\"},{\"@type\":\"ListItem\",\"position\":3,\"name\":\"Accidentes por Equipo de Protecci\u00f3n Personal Inadecuado\"}]},{\"@type\":\"WebSite\",\"@id\":\"https:\\\/\\\/grossmanwins.com\\\/es\\\/#website\",\"url\":\"https:\\\/\\\/grossmanwins.com\\\/es\\\/\",\"name\":\"Grossman Wins\",\"description\":\"\",\"potentialAction\":[{\"@type\":\"SearchAction\",\"target\":{\"@type\":\"EntryPoint\",\"urlTemplate\":\"https:\\\/\\\/grossmanwins.com\\\/es\\\/?s={search_term_string}\"},\"query-input\":{\"@type\":\"PropertyValueSpecification\",\"valueRequired\":true,\"valueName\":\"search_term_string\"}}],\"inLanguage\":\"es\"}]}<\/script>\n<!-- \/ Yoast SEO plugin. -->","yoast_head_json":{"title":"Accidentes por Equipo de Protecci\u00f3n Personal Inadecuado - Grossman Wins","robots":{"index":"index","follow":"follow","max-snippet":"max-snippet:-1","max-image-preview":"max-image-preview:large","max-video-preview":"max-video-preview:-1"},"canonical":"https:\/\/grossmanwins.com\/es\/areas-practica\/compensacion-laboral\/accidentes-equipo-proteccion-personal-inadecuado\/","og_locale":"es_ES","og_type":"article","og_title":"Accidentes por Equipo de Protecci\u00f3n Personal Inadecuado - Grossman Wins","og_description":"Existen muchas formas de prevenir lesiones y muertes en trabajadores de la construcci\u00f3n. Pero cuando los empleadores priorizan las ganancias por encima de la seguridad, los empleados lesionados pueden presentar una demanda por negligencia contra el contratista general, subcontratistas, su empleador, el gerente de construcci\u00f3n o el due\u00f1o del sitio, adem\u00e1s de recibir beneficios de [&hellip;]","og_url":"https:\/\/grossmanwins.com\/es\/areas-practica\/compensacion-laboral\/accidentes-equipo-proteccion-personal-inadecuado\/","og_site_name":"Grossman Wins","article_modified_time":"2025-09-08T21:36:40+00:00","og_image":[{"width":1600,"height":900,"url":"https:\/\/grossmanwins.com\/wp-content\/uploads\/2025\/09\/improper-ppe-1.webp","type":"image\/webp"}],"twitter_card":"summary_large_image","twitter_misc":{"Tiempo de lectura":"1 minuto"},"schema":{"@context":"https:\/\/schema.org","@graph":[{"@type":"WebPage","@id":"https:\/\/grossmanwins.com\/es\/areas-practica\/compensacion-laboral\/accidentes-equipo-proteccion-personal-inadecuado\/","url":"https:\/\/grossmanwins.com\/es\/areas-practica\/compensacion-laboral\/accidentes-equipo-proteccion-personal-inadecuado\/","name":"Accidentes por Equipo de Protecci\u00f3n Personal Inadecuado - Grossman Wins","isPartOf":{"@id":"https:\/\/grossmanwins.com\/es\/#website"},"primaryImageOfPage":{"@id":"https:\/\/grossmanwins.com\/es\/areas-practica\/compensacion-laboral\/accidentes-equipo-proteccion-personal-inadecuado\/#primaryimage"},"image":{"@id":"https:\/\/grossmanwins.com\/es\/areas-practica\/compensacion-laboral\/accidentes-equipo-proteccion-personal-inadecuado\/#primaryimage"},"thumbnailUrl":"https:\/\/grossmanwins.com\/wp-content\/uploads\/2025\/09\/improper-ppe-1.webp","datePublished":"2025-05-26T21:20:04+00:00","dateModified":"2025-09-08T21:36:40+00:00","breadcrumb":{"@id":"https:\/\/grossmanwins.com\/es\/areas-practica\/compensacion-laboral\/accidentes-equipo-proteccion-personal-inadecuado\/#breadcrumb"},"inLanguage":"es","potentialAction":[{"@type":"ReadAction","target":["https:\/\/grossmanwins.com\/es\/areas-practica\/compensacion-laboral\/accidentes-equipo-proteccion-personal-inadecuado\/"]}]},{"@type":"ImageObject","inLanguage":"es","@id":"https:\/\/grossmanwins.com\/es\/areas-practica\/compensacion-laboral\/accidentes-equipo-proteccion-personal-inadecuado\/#primaryimage","url":"https:\/\/grossmanwins.com\/wp-content\/uploads\/2025\/09\/improper-ppe-1.webp","contentUrl":"https:\/\/grossmanwins.com\/wp-content\/uploads\/2025\/09\/improper-ppe-1.webp"},{"@type":"BreadcrumbList","@id":"https:\/\/grossmanwins.com\/es\/areas-practica\/compensacion-laboral\/accidentes-equipo-proteccion-personal-inadecuado\/#breadcrumb","itemListElement":[{"@type":"ListItem","position":1,"name":"Home","item":"https:\/\/grossmanwins.com\/es\/"},{"@type":"ListItem","position":2,"name":"areas-practica","item":"https:\/\/grossmanwins.com\/es\/areas-practica\/"},{"@type":"ListItem","position":3,"name":"Accidentes por Equipo de Protecci\u00f3n Personal Inadecuado"}]},{"@type":"WebSite","@id":"https:\/\/grossmanwins.com\/es\/#website","url":"https:\/\/grossmanwins.com\/es\/","name":"Grossman Wins","description":"","potentialAction":[{"@type":"SearchAction","target":{"@type":"EntryPoint","urlTemplate":"https:\/\/grossmanwins.com\/es\/?s={search_term_string}"},"query-input":{"@type":"PropertyValueSpecification","valueRequired":true,"valueName":"search_term_string"}}],"inLanguage":"es"}]}},"_links":{"self":[{"href":"https:\/\/grossmanwins.com\/es\/wp-json\/wp\/v2\/pages\/1203","targetHints":{"allow":["GET"]}}],"collection":[{"href":"https:\/\/grossmanwins.com\/es\/wp-json\/wp\/v2\/pages"}],"about":[{"href":"https:\/\/grossmanwins.com\/es\/wp-json\/wp\/v2\/types\/page"}],"author":[{"embeddable":true,"href":"https:\/\/grossmanwins.com\/es\/wp-json\/wp\/v2\/users\/11"}],"replies":[{"embeddable":true,"href":"https:\/\/grossmanwins.com\/es\/wp-json\/wp\/v2\/comments?post=1203"}],"version-history":[{"count":0,"href":"https:\/\/grossmanwins.com\/es\/wp-json\/wp\/v2\/pages\/1203\/revisions"}],"up":[{"embeddable":true,"href":"https:\/\/grossmanwins.com\/es\/wp-json\/wp\/v2\/pages\/1213"}],"wp:attachment":[{"href":"https:\/\/grossmanwins.com\/es\/wp-json\/wp\/v2\/media?parent=1203"}],"curies":[{"name":"wp","href":"https:\/\/api.w.org\/{rel}","templated":true}]}}