{"id":1205,"date":"2025-05-26T21:31:41","date_gmt":"2025-05-26T21:31:41","guid":{"rendered":"https:\/\/grossman-wins.local\/lesiones-por-mordedura-de-perro\/"},"modified":"2025-12-22T21:42:25","modified_gmt":"2025-12-22T21:42:25","slug":"mordedura-perro","status":"publish","type":"page","link":"https:\/\/grossmanwins.com\/es\/areas-practica\/mordedura-perro\/","title":{"rendered":"Lesiones por Mordedura de Perro"},"content":{"rendered":"<p>Las mordeduras de perro pueden causar lesiones permanentes y profundas cicatrices f\u00edsicas y emocionales. Seg\u00fan los CDC, alrededor de 4.5 millones de personas en Estados Unidos son mordidas por perros cada a\u00f1o. Alrededor de 800,000 de esas mordeduras requieren atenci\u00f3n m\u00e9dica. Si t\u00fa o tu hijo fueron mordidos por un perro, puedes tener derecho a una compensaci\u00f3n por tus lesiones y p\u00e9rdidas.<\/p>\n<p><img loading=\"lazy\" decoding=\"async\" class=\"alignnone size-full wp-image-2240\" src=\"https:\/\/grossmanwins.com\/wp-content\/uploads\/2025\/09\/dog-bite-1.webp\" alt=\"\" width=\"1600\" height=\"900\" srcset=\"https:\/\/grossmanwins.com\/wp-content\/uploads\/2025\/09\/dog-bite-1.webp 1600w, https:\/\/grossmanwins.com\/wp-content\/uploads\/2025\/09\/dog-bite-1-300x169.webp 300w, https:\/\/grossmanwins.com\/wp-content\/uploads\/2025\/09\/dog-bite-1-1024x576.webp 1024w, https:\/\/grossmanwins.com\/wp-content\/uploads\/2025\/09\/dog-bite-1-768x432.webp 768w, https:\/\/grossmanwins.com\/wp-content\/uploads\/2025\/09\/dog-bite-1-1536x864.webp 1536w\" sizes=\"auto, (max-width: 1600px) 100vw, 1600px\" \/><\/p>\n","protected":false},"excerpt":{"rendered":"<p>Las mordeduras de perro pueden causar lesiones permanentes y profundas cicatrices f\u00edsicas y emocionales. Seg\u00fan los CDC, alrededor de 4.5 millones de personas en Estados Unidos son mordidas por perros cada a\u00f1o. Alrededor de 800,000 de esas mordeduras requieren atenci\u00f3n m\u00e9dica. Si t\u00fa o tu hijo fueron mordidos por un perro, puedes tener derecho a [&hellip;]<\/p>\n","protected":false},"author":11,"featured_media":0,"parent":1272,"menu_order":0,"comment_status":"closed","ping_status":"closed","template":"templates\/practice-area.php","meta":{"_acf_changed":false,"footnotes":""},"class_list":["post-1205","page","type-page","status-publish","hentry"],"acf":[],"yoast_head":"<!-- This site is optimized with the Yoast SEO plugin v27.3 - https:\/\/yoast.com\/product\/yoast-seo-wordpress\/ -->\n<title>Abogado de Mordeduras de Perro en Fresno | Grossman Law Offices<\/title>\n<meta name=\"description\" content=\"Abogado de confianza en mordeduras de perro en Fresno ayudando a v\u00edctimas a recuperar compensaci\u00f3n por lesiones, facturas m\u00e9dicas y trauma. Los due\u00f1os de perros en California son estrictamente responsables.\" \/>\n<meta name=\"robots\" content=\"index, follow, max-snippet:-1, max-image-preview:large, max-video-preview:-1\" \/>\n<link rel=\"canonical\" href=\"https:\/\/grossmanwins.com\/es\/areas-practica\/mordedura-perro\/\" \/>\n<meta property=\"og:locale\" content=\"es_ES\" \/>\n<meta property=\"og:type\" content=\"article\" \/>\n<meta property=\"og:title\" content=\"Abogado de Mordeduras de Perro en Fresno | Grossman Law Offices\" \/>\n<meta property=\"og:description\" content=\"Abogado de confianza en mordeduras de perro en Fresno ayudando a v\u00edctimas a recuperar compensaci\u00f3n por lesiones, facturas m\u00e9dicas y trauma. Los due\u00f1os de perros en California son estrictamente responsables.\" \/>\n<meta property=\"og:url\" content=\"https:\/\/grossmanwins.com\/es\/areas-practica\/mordedura-perro\/\" \/>\n<meta property=\"og:site_name\" content=\"Grossman Wins\" \/>\n<meta property=\"article:modified_time\" content=\"2025-12-22T21:42:25+00:00\" \/>\n<meta property=\"og:image\" content=\"https:\/\/grossmanwins.com\/wp-content\/uploads\/2025\/09\/dog-bite-1.webp\" \/>\n\t<meta property=\"og:image:width\" content=\"1600\" \/>\n\t<meta property=\"og:image:height\" content=\"900\" \/>\n\t<meta property=\"og:image:type\" content=\"image\/webp\" \/>\n<meta name=\"twitter:card\" content=\"summary_large_image\" \/>\n<meta name=\"twitter:label1\" content=\"Tiempo de lectura\" \/>\n\t<meta name=\"twitter:data1\" content=\"1 minuto\" \/>\n<script type=\"application\/ld+json\" class=\"yoast-schema-graph\">{\"@context\":\"https:\\\/\\\/schema.org\",\"@graph\":[{\"@type\":\"WebPage\",\"@id\":\"https:\\\/\\\/grossmanwins.com\\\/es\\\/areas-practica\\\/mordedura-perro\\\/\",\"url\":\"https:\\\/\\\/grossmanwins.com\\\/es\\\/areas-practica\\\/mordedura-perro\\\/\",\"name\":\"Abogado de Mordeduras de Perro en Fresno | Grossman Law Offices\",\"isPartOf\":{\"@id\":\"https:\\\/\\\/grossmanwins.com\\\/es\\\/#website\"},\"primaryImageOfPage\":{\"@id\":\"https:\\\/\\\/grossmanwins.com\\\/es\\\/areas-practica\\\/mordedura-perro\\\/#primaryimage\"},\"image\":{\"@id\":\"https:\\\/\\\/grossmanwins.com\\\/es\\\/areas-practica\\\/mordedura-perro\\\/#primaryimage\"},\"thumbnailUrl\":\"https:\\\/\\\/grossmanwins.com\\\/wp-content\\\/uploads\\\/2025\\\/09\\\/dog-bite-1.webp\",\"datePublished\":\"2025-05-26T21:31:41+00:00\",\"dateModified\":\"2025-12-22T21:42:25+00:00\",\"description\":\"Abogado de confianza en mordeduras de perro en Fresno ayudando a v\u00edctimas a recuperar compensaci\u00f3n por lesiones, facturas m\u00e9dicas y trauma. Los due\u00f1os de perros en California son estrictamente responsables.\",\"breadcrumb\":{\"@id\":\"https:\\\/\\\/grossmanwins.com\\\/es\\\/areas-practica\\\/mordedura-perro\\\/#breadcrumb\"},\"inLanguage\":\"es\",\"potentialAction\":[{\"@type\":\"ReadAction\",\"target\":[\"https:\\\/\\\/grossmanwins.com\\\/es\\\/areas-practica\\\/mordedura-perro\\\/\"]}]},{\"@type\":\"ImageObject\",\"inLanguage\":\"es\",\"@id\":\"https:\\\/\\\/grossmanwins.com\\\/es\\\/areas-practica\\\/mordedura-perro\\\/#primaryimage\",\"url\":\"https:\\\/\\\/grossmanwins.com\\\/wp-content\\\/uploads\\\/2025\\\/09\\\/dog-bite-1.webp\",\"contentUrl\":\"https:\\\/\\\/grossmanwins.com\\\/wp-content\\\/uploads\\\/2025\\\/09\\\/dog-bite-1.webp\"},{\"@type\":\"BreadcrumbList\",\"@id\":\"https:\\\/\\\/grossmanwins.com\\\/es\\\/areas-practica\\\/mordedura-perro\\\/#breadcrumb\",\"itemListElement\":[{\"@type\":\"ListItem\",\"position\":1,\"name\":\"Home\",\"item\":\"https:\\\/\\\/grossmanwins.com\\\/es\\\/\"},{\"@type\":\"ListItem\",\"position\":2,\"name\":\"areas-practica\",\"item\":\"https:\\\/\\\/grossmanwins.com\\\/es\\\/areas-practica\\\/\"},{\"@type\":\"ListItem\",\"position\":3,\"name\":\"Lesiones por Mordedura de Perro\"}]},{\"@type\":\"WebSite\",\"@id\":\"https:\\\/\\\/grossmanwins.com\\\/es\\\/#website\",\"url\":\"https:\\\/\\\/grossmanwins.com\\\/es\\\/\",\"name\":\"Grossman Wins\",\"description\":\"\",\"potentialAction\":[{\"@type\":\"SearchAction\",\"target\":{\"@type\":\"EntryPoint\",\"urlTemplate\":\"https:\\\/\\\/grossmanwins.com\\\/es\\\/?s={search_term_string}\"},\"query-input\":{\"@type\":\"PropertyValueSpecification\",\"valueRequired\":true,\"valueName\":\"search_term_string\"}}],\"inLanguage\":\"es\"}]}<\/script>\n<!-- \/ Yoast SEO plugin. -->","yoast_head_json":{"title":"Abogado de Mordeduras de Perro en Fresno | Grossman Law Offices","description":"Abogado de confianza en mordeduras de perro en Fresno ayudando a v\u00edctimas a recuperar compensaci\u00f3n por lesiones, facturas m\u00e9dicas y trauma. Los due\u00f1os de perros en California son estrictamente responsables.","robots":{"index":"index","follow":"follow","max-snippet":"max-snippet:-1","max-image-preview":"max-image-preview:large","max-video-preview":"max-video-preview:-1"},"canonical":"https:\/\/grossmanwins.com\/es\/areas-practica\/mordedura-perro\/","og_locale":"es_ES","og_type":"article","og_title":"Abogado de Mordeduras de Perro en Fresno | Grossman Law Offices","og_description":"Abogado de confianza en mordeduras de perro en Fresno ayudando a v\u00edctimas a recuperar compensaci\u00f3n por lesiones, facturas m\u00e9dicas y trauma. Los due\u00f1os de perros en California son estrictamente responsables.","og_url":"https:\/\/grossmanwins.com\/es\/areas-practica\/mordedura-perro\/","og_site_name":"Grossman Wins","article_modified_time":"2025-12-22T21:42:25+00:00","og_image":[{"width":1600,"height":900,"url":"https:\/\/grossmanwins.com\/wp-content\/uploads\/2025\/09\/dog-bite-1.webp","type":"image\/webp"}],"twitter_card":"summary_large_image","twitter_misc":{"Tiempo de lectura":"1 minuto"},"schema":{"@context":"https:\/\/schema.org","@graph":[{"@type":"WebPage","@id":"https:\/\/grossmanwins.com\/es\/areas-practica\/mordedura-perro\/","url":"https:\/\/grossmanwins.com\/es\/areas-practica\/mordedura-perro\/","name":"Abogado de Mordeduras de Perro en Fresno | Grossman Law Offices","isPartOf":{"@id":"https:\/\/grossmanwins.com\/es\/#website"},"primaryImageOfPage":{"@id":"https:\/\/grossmanwins.com\/es\/areas-practica\/mordedura-perro\/#primaryimage"},"image":{"@id":"https:\/\/grossmanwins.com\/es\/areas-practica\/mordedura-perro\/#primaryimage"},"thumbnailUrl":"https:\/\/grossmanwins.com\/wp-content\/uploads\/2025\/09\/dog-bite-1.webp","datePublished":"2025-05-26T21:31:41+00:00","dateModified":"2025-12-22T21:42:25+00:00","description":"Abogado de confianza en mordeduras de perro en Fresno ayudando a v\u00edctimas a recuperar compensaci\u00f3n por lesiones, facturas m\u00e9dicas y trauma. Los due\u00f1os de perros en California son estrictamente responsables.","breadcrumb":{"@id":"https:\/\/grossmanwins.com\/es\/areas-practica\/mordedura-perro\/#breadcrumb"},"inLanguage":"es","potentialAction":[{"@type":"ReadAction","target":["https:\/\/grossmanwins.com\/es\/areas-practica\/mordedura-perro\/"]}]},{"@type":"ImageObject","inLanguage":"es","@id":"https:\/\/grossmanwins.com\/es\/areas-practica\/mordedura-perro\/#primaryimage","url":"https:\/\/grossmanwins.com\/wp-content\/uploads\/2025\/09\/dog-bite-1.webp","contentUrl":"https:\/\/grossmanwins.com\/wp-content\/uploads\/2025\/09\/dog-bite-1.webp"},{"@type":"BreadcrumbList","@id":"https:\/\/grossmanwins.com\/es\/areas-practica\/mordedura-perro\/#breadcrumb","itemListElement":[{"@type":"ListItem","position":1,"name":"Home","item":"https:\/\/grossmanwins.com\/es\/"},{"@type":"ListItem","position":2,"name":"areas-practica","item":"https:\/\/grossmanwins.com\/es\/areas-practica\/"},{"@type":"ListItem","position":3,"name":"Lesiones por Mordedura de Perro"}]},{"@type":"WebSite","@id":"https:\/\/grossmanwins.com\/es\/#website","url":"https:\/\/grossmanwins.com\/es\/","name":"Grossman Wins","description":"","potentialAction":[{"@type":"SearchAction","target":{"@type":"EntryPoint","urlTemplate":"https:\/\/grossmanwins.com\/es\/?s={search_term_string}"},"query-input":{"@type":"PropertyValueSpecification","valueRequired":true,"valueName":"search_term_string"}}],"inLanguage":"es"}]}},"_links":{"self":[{"href":"https:\/\/grossmanwins.com\/es\/wp-json\/wp\/v2\/pages\/1205","targetHints":{"allow":["GET"]}}],"collection":[{"href":"https:\/\/grossmanwins.com\/es\/wp-json\/wp\/v2\/pages"}],"about":[{"href":"https:\/\/grossmanwins.com\/es\/wp-json\/wp\/v2\/types\/page"}],"author":[{"embeddable":true,"href":"https:\/\/grossmanwins.com\/es\/wp-json\/wp\/v2\/users\/11"}],"replies":[{"embeddable":true,"href":"https:\/\/grossmanwins.com\/es\/wp-json\/wp\/v2\/comments?post=1205"}],"version-history":[{"count":0,"href":"https:\/\/grossmanwins.com\/es\/wp-json\/wp\/v2\/pages\/1205\/revisions"}],"up":[{"embeddable":true,"href":"https:\/\/grossmanwins.com\/es\/wp-json\/wp\/v2\/pages\/1272"}],"wp:attachment":[{"href":"https:\/\/grossmanwins.com\/es\/wp-json\/wp\/v2\/media?parent=1205"}],"curies":[{"name":"wp","href":"https:\/\/api.w.org\/{rel}","templated":true}]}}