{"id":1208,"date":"2025-05-26T21:42:36","date_gmt":"2025-05-26T21:42:36","guid":{"rendered":"https:\/\/grossman-wins.local\/accidentes-en-bicicleta-electrica\/"},"modified":"2026-04-16T11:55:15","modified_gmt":"2026-04-16T11:55:15","slug":"accidentes-bicicleta-electrica","status":"publish","type":"page","link":"https:\/\/grossmanwins.com\/es\/areas-practica\/accidentes-bicicleta-electrica\/","title":{"rendered":"Accidentes en Bicicleta El\u00e9ctrica"},"content":{"rendered":"<p><span style=\"font-weight: 400;\">Andar en bicicleta el\u00e9ctrica o scooter se supone que debe ser conveniente y divertido, no el inicio de una larga recuperaci\u00f3n, montones de facturas m\u00e9dicas y dolores de cabeza con el seguro. Cuando un accidente pone tu vida de cabeza, contar con la ayuda legal adecuada es importante. Si has resultado lesionado en un choque o necesitas orientaci\u00f3n de un abogado experimentado en bicicletas el\u00e9ctricas o scooters, Grossman Law Offices est\u00e1 aqu\u00ed para proteger tus derechos y ayudarte a seguir adelante.<\/span><\/p>\n<p><span style=\"font-weight: 400;\">Durante m\u00e1s de 40 a\u00f1os, nuestro despacho ha representado a v\u00edctimas de lesiones en toda California en casos graves de accidentes. Entendemos los riesgos \u00fanicos que conllevan las bicicletas el\u00e9ctricas y los scooters, y sabemos qu\u00e9 tan r\u00e1pido estos incidentes pueden volverse complicados. Nuestro trabajo es quitarte la presi\u00f3n y buscar la compensaci\u00f3n que mereces mientras t\u00fa te enfocas en sanar.<\/span><\/p>\n<p>&nbsp;<\/p>\n","protected":false},"excerpt":{"rendered":"<p>Andar en bicicleta el\u00e9ctrica o scooter se supone que debe ser conveniente y divertido, no el inicio de una larga recuperaci\u00f3n, montones de facturas m\u00e9dicas y dolores de cabeza con el seguro. Cuando un accidente pone tu vida de cabeza, contar con la ayuda legal adecuada es importante. Si has resultado lesionado en un choque [&hellip;]<\/p>\n","protected":false},"author":11,"featured_media":0,"parent":1272,"menu_order":0,"comment_status":"closed","ping_status":"closed","template":"templates\/practice-area.php","meta":{"_acf_changed":false,"footnotes":""},"class_list":["post-1208","page","type-page","status-publish","hentry"],"acf":[],"yoast_head":"<!-- This site is optimized with the Yoast SEO plugin v27.4 - https:\/\/yoast.com\/product\/yoast-seo-wordpress\/ -->\n<title>Abogado de accidentes de bicicleta el\u00e9ctrica en Fresno | Grossman Law<\/title>\n<meta name=\"description\" content=\"Lesionado en un accidente de bicicleta el\u00e9ctrica en Fresno o el Valle Central. Conozca sus derechos legales y obtenga una consulta gratuita hoy mismo.\" \/>\n<meta name=\"robots\" content=\"index, follow, max-snippet:-1, max-image-preview:large, max-video-preview:-1\" \/>\n<link rel=\"canonical\" href=\"https:\/\/grossmanwins.com\/es\/areas-practica\/accidentes-bicicleta-electrica\/\" \/>\n<meta property=\"og:locale\" content=\"es_ES\" \/>\n<meta property=\"og:type\" content=\"article\" \/>\n<meta property=\"og:title\" content=\"Abogado de accidentes de bicicleta el\u00e9ctrica en Fresno | Grossman Law\" \/>\n<meta property=\"og:description\" content=\"Lesionado en un accidente de bicicleta el\u00e9ctrica en Fresno o el Valle Central. Conozca sus derechos legales y obtenga una consulta gratuita hoy mismo.\" \/>\n<meta property=\"og:url\" content=\"https:\/\/grossmanwins.com\/es\/areas-practica\/accidentes-bicicleta-electrica\/\" \/>\n<meta property=\"og:site_name\" content=\"Grossman Wins\" \/>\n<meta property=\"article:modified_time\" content=\"2026-04-16T11:55:15+00:00\" \/>\n<meta name=\"twitter:card\" content=\"summary_large_image\" \/>\n<meta name=\"twitter:label1\" content=\"Tiempo de lectura\" \/>\n\t<meta name=\"twitter:data1\" content=\"1 minuto\" \/>\n<script type=\"application\/ld+json\" class=\"yoast-schema-graph\">{\"@context\":\"https:\\\/\\\/schema.org\",\"@graph\":[{\"@type\":\"WebPage\",\"@id\":\"https:\\\/\\\/grossmanwins.com\\\/es\\\/areas-practica\\\/accidentes-bicicleta-electrica\\\/\",\"url\":\"https:\\\/\\\/grossmanwins.com\\\/es\\\/areas-practica\\\/accidentes-bicicleta-electrica\\\/\",\"name\":\"Abogado de accidentes de bicicleta el\u00e9ctrica en Fresno | Grossman Law\",\"isPartOf\":{\"@id\":\"https:\\\/\\\/grossmanwins.com\\\/es\\\/#website\"},\"datePublished\":\"2025-05-26T21:42:36+00:00\",\"dateModified\":\"2026-04-16T11:55:15+00:00\",\"description\":\"Lesionado en un accidente de bicicleta el\u00e9ctrica en Fresno o el Valle Central. Conozca sus derechos legales y obtenga una consulta gratuita hoy mismo.\",\"breadcrumb\":{\"@id\":\"https:\\\/\\\/grossmanwins.com\\\/es\\\/areas-practica\\\/accidentes-bicicleta-electrica\\\/#breadcrumb\"},\"inLanguage\":\"es\",\"potentialAction\":[{\"@type\":\"ReadAction\",\"target\":[\"https:\\\/\\\/grossmanwins.com\\\/es\\\/areas-practica\\\/accidentes-bicicleta-electrica\\\/\"]}]},{\"@type\":\"BreadcrumbList\",\"@id\":\"https:\\\/\\\/grossmanwins.com\\\/es\\\/areas-practica\\\/accidentes-bicicleta-electrica\\\/#breadcrumb\",\"itemListElement\":[{\"@type\":\"ListItem\",\"position\":1,\"name\":\"Home\",\"item\":\"https:\\\/\\\/grossmanwins.com\\\/es\\\/\"},{\"@type\":\"ListItem\",\"position\":2,\"name\":\"areas-practica\",\"item\":\"https:\\\/\\\/grossmanwins.com\\\/es\\\/areas-practica\\\/\"},{\"@type\":\"ListItem\",\"position\":3,\"name\":\"Accidentes en Bicicleta El\u00e9ctrica\"}]},{\"@type\":\"WebSite\",\"@id\":\"https:\\\/\\\/grossmanwins.com\\\/es\\\/#website\",\"url\":\"https:\\\/\\\/grossmanwins.com\\\/es\\\/\",\"name\":\"Grossman Wins\",\"description\":\"\",\"potentialAction\":[{\"@type\":\"SearchAction\",\"target\":{\"@type\":\"EntryPoint\",\"urlTemplate\":\"https:\\\/\\\/grossmanwins.com\\\/es\\\/?s={search_term_string}\"},\"query-input\":{\"@type\":\"PropertyValueSpecification\",\"valueRequired\":true,\"valueName\":\"search_term_string\"}}],\"inLanguage\":\"es\"}]}<\/script>\n<!-- \/ Yoast SEO plugin. -->","yoast_head_json":{"title":"Abogado de accidentes de bicicleta el\u00e9ctrica en Fresno | Grossman Law","description":"Lesionado en un accidente de bicicleta el\u00e9ctrica en Fresno o el Valle Central. Conozca sus derechos legales y obtenga una consulta gratuita hoy mismo.","robots":{"index":"index","follow":"follow","max-snippet":"max-snippet:-1","max-image-preview":"max-image-preview:large","max-video-preview":"max-video-preview:-1"},"canonical":"https:\/\/grossmanwins.com\/es\/areas-practica\/accidentes-bicicleta-electrica\/","og_locale":"es_ES","og_type":"article","og_title":"Abogado de accidentes de bicicleta el\u00e9ctrica en Fresno | Grossman Law","og_description":"Lesionado en un accidente de bicicleta el\u00e9ctrica en Fresno o el Valle Central. Conozca sus derechos legales y obtenga una consulta gratuita hoy mismo.","og_url":"https:\/\/grossmanwins.com\/es\/areas-practica\/accidentes-bicicleta-electrica\/","og_site_name":"Grossman Wins","article_modified_time":"2026-04-16T11:55:15+00:00","twitter_card":"summary_large_image","twitter_misc":{"Tiempo de lectura":"1 minuto"},"schema":{"@context":"https:\/\/schema.org","@graph":[{"@type":"WebPage","@id":"https:\/\/grossmanwins.com\/es\/areas-practica\/accidentes-bicicleta-electrica\/","url":"https:\/\/grossmanwins.com\/es\/areas-practica\/accidentes-bicicleta-electrica\/","name":"Abogado de accidentes de bicicleta el\u00e9ctrica en Fresno | Grossman Law","isPartOf":{"@id":"https:\/\/grossmanwins.com\/es\/#website"},"datePublished":"2025-05-26T21:42:36+00:00","dateModified":"2026-04-16T11:55:15+00:00","description":"Lesionado en un accidente de bicicleta el\u00e9ctrica en Fresno o el Valle Central. Conozca sus derechos legales y obtenga una consulta gratuita hoy mismo.","breadcrumb":{"@id":"https:\/\/grossmanwins.com\/es\/areas-practica\/accidentes-bicicleta-electrica\/#breadcrumb"},"inLanguage":"es","potentialAction":[{"@type":"ReadAction","target":["https:\/\/grossmanwins.com\/es\/areas-practica\/accidentes-bicicleta-electrica\/"]}]},{"@type":"BreadcrumbList","@id":"https:\/\/grossmanwins.com\/es\/areas-practica\/accidentes-bicicleta-electrica\/#breadcrumb","itemListElement":[{"@type":"ListItem","position":1,"name":"Home","item":"https:\/\/grossmanwins.com\/es\/"},{"@type":"ListItem","position":2,"name":"areas-practica","item":"https:\/\/grossmanwins.com\/es\/areas-practica\/"},{"@type":"ListItem","position":3,"name":"Accidentes en Bicicleta El\u00e9ctrica"}]},{"@type":"WebSite","@id":"https:\/\/grossmanwins.com\/es\/#website","url":"https:\/\/grossmanwins.com\/es\/","name":"Grossman Wins","description":"","potentialAction":[{"@type":"SearchAction","target":{"@type":"EntryPoint","urlTemplate":"https:\/\/grossmanwins.com\/es\/?s={search_term_string}"},"query-input":{"@type":"PropertyValueSpecification","valueRequired":true,"valueName":"search_term_string"}}],"inLanguage":"es"}]}},"_links":{"self":[{"href":"https:\/\/grossmanwins.com\/es\/wp-json\/wp\/v2\/pages\/1208","targetHints":{"allow":["GET"]}}],"collection":[{"href":"https:\/\/grossmanwins.com\/es\/wp-json\/wp\/v2\/pages"}],"about":[{"href":"https:\/\/grossmanwins.com\/es\/wp-json\/wp\/v2\/types\/page"}],"author":[{"embeddable":true,"href":"https:\/\/grossmanwins.com\/es\/wp-json\/wp\/v2\/users\/11"}],"replies":[{"embeddable":true,"href":"https:\/\/grossmanwins.com\/es\/wp-json\/wp\/v2\/comments?post=1208"}],"version-history":[{"count":0,"href":"https:\/\/grossmanwins.com\/es\/wp-json\/wp\/v2\/pages\/1208\/revisions"}],"up":[{"embeddable":true,"href":"https:\/\/grossmanwins.com\/es\/wp-json\/wp\/v2\/pages\/1272"}],"wp:attachment":[{"href":"https:\/\/grossmanwins.com\/es\/wp-json\/wp\/v2\/media?parent=1208"}],"curies":[{"name":"wp","href":"https:\/\/api.w.org\/{rel}","templated":true}]}}