{"id":1209,"date":"2025-05-26T21:55:08","date_gmt":"2025-05-26T21:55:08","guid":{"rendered":"https:\/\/grossman-wins.local\/accidentes-agricolas\/"},"modified":"2025-12-22T21:54:20","modified_gmt":"2025-12-22T21:54:20","slug":"accidentes-agricolas","status":"publish","type":"page","link":"https:\/\/grossmanwins.com\/es\/areas-practica\/accidentes-agricolas\/","title":{"rendered":"Accidentes Agr\u00edcolas"},"content":{"rendered":"<p>California depende de sus agricultores para la carne y los vegetales que alimentan a nuestro gran estado. Los agricultores y trabajadores agr\u00edcolas son algunas de las personas m\u00e1s trabajadoras en California: merecen un entorno laboral seguro y, cuando se lesionan en el trabajo, merecen todo nuestro apoyo.<\/p>\n<p>Si ha resultado lesionado en el trabajo \u2014ya sea en una granja, rancho u otra industria agr\u00edcola\u2014 es de su mayor inter\u00e9s conocer sus derechos. Como su empleador busca proteger sus propios intereses, usted debe protegerse consultando con un abogado experimentado en accidentes agr\u00edcolas.<\/p>\n<p>Prot\u00e9jase consultando con los abogados de accidentes agr\u00edcolas de Grossman Law Offices. Es el mejor primer paso para asegurarse de que lo traten con justicia y comprender el alcance de los beneficios y la compensaci\u00f3n a la que puede tener derecho. Nuestro compasivo equipo legal reducir\u00e1 el estr\u00e9s del proceso legal, permiti\u00e9ndole enfocar su energ\u00eda en su recuperaci\u00f3n.<\/p>\n<p><img loading=\"lazy\" decoding=\"async\" class=\"alignnone size-full wp-image-2321\" src=\"https:\/\/grossmanwins.com\/wp-content\/uploads\/2025\/09\/farming-accident-1.webp\" alt=\"\" width=\"1600\" height=\"900\" srcset=\"https:\/\/grossmanwins.com\/wp-content\/uploads\/2025\/09\/farming-accident-1.webp 1600w, https:\/\/grossmanwins.com\/wp-content\/uploads\/2025\/09\/farming-accident-1-300x169.webp 300w, https:\/\/grossmanwins.com\/wp-content\/uploads\/2025\/09\/farming-accident-1-1024x576.webp 1024w, https:\/\/grossmanwins.com\/wp-content\/uploads\/2025\/09\/farming-accident-1-768x432.webp 768w, https:\/\/grossmanwins.com\/wp-content\/uploads\/2025\/09\/farming-accident-1-1536x864.webp 1536w\" sizes=\"auto, (max-width: 1600px) 100vw, 1600px\" \/><\/p>\n","protected":false},"excerpt":{"rendered":"<p>California depende de sus agricultores para la carne y los vegetales que alimentan a nuestro gran estado. Los agricultores y trabajadores agr\u00edcolas son algunas de las personas m\u00e1s trabajadoras en California: merecen un entorno laboral seguro y, cuando se lesionan en el trabajo, merecen todo nuestro apoyo. Si ha resultado lesionado en el trabajo \u2014ya [&hellip;]<\/p>\n","protected":false},"author":11,"featured_media":2323,"parent":1272,"menu_order":0,"comment_status":"closed","ping_status":"closed","template":"templates\/practice-area.php","meta":{"_acf_changed":false,"footnotes":""},"class_list":["post-1209","page","type-page","status-publish","has-post-thumbnail","hentry"],"acf":[],"yoast_head":"<!-- This site is optimized with the Yoast SEO plugin v27.4 - https:\/\/yoast.com\/product\/yoast-seo-wordpress\/ -->\n<title>Accidentes Agr\u00edcolas - Grossman Wins<\/title>\n<meta name=\"robots\" content=\"index, follow, max-snippet:-1, max-image-preview:large, max-video-preview:-1\" \/>\n<link rel=\"canonical\" href=\"https:\/\/grossmanwins.com\/es\/areas-practica\/accidentes-agricolas\/\" \/>\n<meta property=\"og:locale\" content=\"es_ES\" \/>\n<meta property=\"og:type\" content=\"article\" \/>\n<meta property=\"og:title\" content=\"Accidentes Agr\u00edcolas - Grossman Wins\" \/>\n<meta property=\"og:description\" content=\"California depende de sus agricultores para la carne y los vegetales que alimentan a nuestro gran estado. Los agricultores y trabajadores agr\u00edcolas son algunas de las personas m\u00e1s trabajadoras en California: merecen un entorno laboral seguro y, cuando se lesionan en el trabajo, merecen todo nuestro apoyo. Si ha resultado lesionado en el trabajo \u2014ya [&hellip;]\" \/>\n<meta property=\"og:url\" content=\"https:\/\/grossmanwins.com\/es\/areas-practica\/accidentes-agricolas\/\" \/>\n<meta property=\"og:site_name\" content=\"Grossman Wins\" \/>\n<meta property=\"article:modified_time\" content=\"2025-12-22T21:54:20+00:00\" \/>\n<meta property=\"og:image\" content=\"https:\/\/grossmanwins.com\/wp-content\/uploads\/2025\/09\/farming-accident-2.webp\" \/>\n\t<meta property=\"og:image:width\" content=\"1600\" \/>\n\t<meta property=\"og:image:height\" content=\"900\" \/>\n\t<meta property=\"og:image:type\" content=\"image\/webp\" \/>\n<meta name=\"twitter:card\" content=\"summary_large_image\" \/>\n<meta name=\"twitter:label1\" content=\"Tiempo de lectura\" \/>\n\t<meta name=\"twitter:data1\" content=\"2 minutos\" \/>\n<script type=\"application\/ld+json\" class=\"yoast-schema-graph\">{\"@context\":\"https:\\\/\\\/schema.org\",\"@graph\":[{\"@type\":\"WebPage\",\"@id\":\"https:\\\/\\\/grossmanwins.com\\\/es\\\/areas-practica\\\/accidentes-agricolas\\\/\",\"url\":\"https:\\\/\\\/grossmanwins.com\\\/es\\\/areas-practica\\\/accidentes-agricolas\\\/\",\"name\":\"Accidentes Agr\u00edcolas - Grossman Wins\",\"isPartOf\":{\"@id\":\"https:\\\/\\\/grossmanwins.com\\\/es\\\/#website\"},\"primaryImageOfPage\":{\"@id\":\"https:\\\/\\\/grossmanwins.com\\\/es\\\/areas-practica\\\/accidentes-agricolas\\\/#primaryimage\"},\"image\":{\"@id\":\"https:\\\/\\\/grossmanwins.com\\\/es\\\/areas-practica\\\/accidentes-agricolas\\\/#primaryimage\"},\"thumbnailUrl\":\"https:\\\/\\\/grossmanwins.com\\\/wp-content\\\/uploads\\\/2025\\\/09\\\/farming-accident-2.webp\",\"datePublished\":\"2025-05-26T21:55:08+00:00\",\"dateModified\":\"2025-12-22T21:54:20+00:00\",\"breadcrumb\":{\"@id\":\"https:\\\/\\\/grossmanwins.com\\\/es\\\/areas-practica\\\/accidentes-agricolas\\\/#breadcrumb\"},\"inLanguage\":\"es\",\"potentialAction\":[{\"@type\":\"ReadAction\",\"target\":[\"https:\\\/\\\/grossmanwins.com\\\/es\\\/areas-practica\\\/accidentes-agricolas\\\/\"]}]},{\"@type\":\"ImageObject\",\"inLanguage\":\"es\",\"@id\":\"https:\\\/\\\/grossmanwins.com\\\/es\\\/areas-practica\\\/accidentes-agricolas\\\/#primaryimage\",\"url\":\"https:\\\/\\\/grossmanwins.com\\\/wp-content\\\/uploads\\\/2025\\\/09\\\/farming-accident-2.webp\",\"contentUrl\":\"https:\\\/\\\/grossmanwins.com\\\/wp-content\\\/uploads\\\/2025\\\/09\\\/farming-accident-2.webp\",\"width\":1600,\"height\":900},{\"@type\":\"BreadcrumbList\",\"@id\":\"https:\\\/\\\/grossmanwins.com\\\/es\\\/areas-practica\\\/accidentes-agricolas\\\/#breadcrumb\",\"itemListElement\":[{\"@type\":\"ListItem\",\"position\":1,\"name\":\"Home\",\"item\":\"https:\\\/\\\/grossmanwins.com\\\/es\\\/\"},{\"@type\":\"ListItem\",\"position\":2,\"name\":\"areas-practica\",\"item\":\"https:\\\/\\\/grossmanwins.com\\\/es\\\/areas-practica\\\/\"},{\"@type\":\"ListItem\",\"position\":3,\"name\":\"Accidentes Agr\u00edcolas\"}]},{\"@type\":\"WebSite\",\"@id\":\"https:\\\/\\\/grossmanwins.com\\\/es\\\/#website\",\"url\":\"https:\\\/\\\/grossmanwins.com\\\/es\\\/\",\"name\":\"Grossman Wins\",\"description\":\"\",\"potentialAction\":[{\"@type\":\"SearchAction\",\"target\":{\"@type\":\"EntryPoint\",\"urlTemplate\":\"https:\\\/\\\/grossmanwins.com\\\/es\\\/?s={search_term_string}\"},\"query-input\":{\"@type\":\"PropertyValueSpecification\",\"valueRequired\":true,\"valueName\":\"search_term_string\"}}],\"inLanguage\":\"es\"}]}<\/script>\n<!-- \/ Yoast SEO plugin. -->","yoast_head_json":{"title":"Accidentes Agr\u00edcolas - Grossman Wins","robots":{"index":"index","follow":"follow","max-snippet":"max-snippet:-1","max-image-preview":"max-image-preview:large","max-video-preview":"max-video-preview:-1"},"canonical":"https:\/\/grossmanwins.com\/es\/areas-practica\/accidentes-agricolas\/","og_locale":"es_ES","og_type":"article","og_title":"Accidentes Agr\u00edcolas - Grossman Wins","og_description":"California depende de sus agricultores para la carne y los vegetales que alimentan a nuestro gran estado. Los agricultores y trabajadores agr\u00edcolas son algunas de las personas m\u00e1s trabajadoras en California: merecen un entorno laboral seguro y, cuando se lesionan en el trabajo, merecen todo nuestro apoyo. Si ha resultado lesionado en el trabajo \u2014ya [&hellip;]","og_url":"https:\/\/grossmanwins.com\/es\/areas-practica\/accidentes-agricolas\/","og_site_name":"Grossman Wins","article_modified_time":"2025-12-22T21:54:20+00:00","og_image":[{"width":1600,"height":900,"url":"https:\/\/grossmanwins.com\/wp-content\/uploads\/2025\/09\/farming-accident-2.webp","type":"image\/webp"}],"twitter_card":"summary_large_image","twitter_misc":{"Tiempo de lectura":"2 minutos"},"schema":{"@context":"https:\/\/schema.org","@graph":[{"@type":"WebPage","@id":"https:\/\/grossmanwins.com\/es\/areas-practica\/accidentes-agricolas\/","url":"https:\/\/grossmanwins.com\/es\/areas-practica\/accidentes-agricolas\/","name":"Accidentes Agr\u00edcolas - Grossman Wins","isPartOf":{"@id":"https:\/\/grossmanwins.com\/es\/#website"},"primaryImageOfPage":{"@id":"https:\/\/grossmanwins.com\/es\/areas-practica\/accidentes-agricolas\/#primaryimage"},"image":{"@id":"https:\/\/grossmanwins.com\/es\/areas-practica\/accidentes-agricolas\/#primaryimage"},"thumbnailUrl":"https:\/\/grossmanwins.com\/wp-content\/uploads\/2025\/09\/farming-accident-2.webp","datePublished":"2025-05-26T21:55:08+00:00","dateModified":"2025-12-22T21:54:20+00:00","breadcrumb":{"@id":"https:\/\/grossmanwins.com\/es\/areas-practica\/accidentes-agricolas\/#breadcrumb"},"inLanguage":"es","potentialAction":[{"@type":"ReadAction","target":["https:\/\/grossmanwins.com\/es\/areas-practica\/accidentes-agricolas\/"]}]},{"@type":"ImageObject","inLanguage":"es","@id":"https:\/\/grossmanwins.com\/es\/areas-practica\/accidentes-agricolas\/#primaryimage","url":"https:\/\/grossmanwins.com\/wp-content\/uploads\/2025\/09\/farming-accident-2.webp","contentUrl":"https:\/\/grossmanwins.com\/wp-content\/uploads\/2025\/09\/farming-accident-2.webp","width":1600,"height":900},{"@type":"BreadcrumbList","@id":"https:\/\/grossmanwins.com\/es\/areas-practica\/accidentes-agricolas\/#breadcrumb","itemListElement":[{"@type":"ListItem","position":1,"name":"Home","item":"https:\/\/grossmanwins.com\/es\/"},{"@type":"ListItem","position":2,"name":"areas-practica","item":"https:\/\/grossmanwins.com\/es\/areas-practica\/"},{"@type":"ListItem","position":3,"name":"Accidentes Agr\u00edcolas"}]},{"@type":"WebSite","@id":"https:\/\/grossmanwins.com\/es\/#website","url":"https:\/\/grossmanwins.com\/es\/","name":"Grossman Wins","description":"","potentialAction":[{"@type":"SearchAction","target":{"@type":"EntryPoint","urlTemplate":"https:\/\/grossmanwins.com\/es\/?s={search_term_string}"},"query-input":{"@type":"PropertyValueSpecification","valueRequired":true,"valueName":"search_term_string"}}],"inLanguage":"es"}]}},"_links":{"self":[{"href":"https:\/\/grossmanwins.com\/es\/wp-json\/wp\/v2\/pages\/1209","targetHints":{"allow":["GET"]}}],"collection":[{"href":"https:\/\/grossmanwins.com\/es\/wp-json\/wp\/v2\/pages"}],"about":[{"href":"https:\/\/grossmanwins.com\/es\/wp-json\/wp\/v2\/types\/page"}],"author":[{"embeddable":true,"href":"https:\/\/grossmanwins.com\/es\/wp-json\/wp\/v2\/users\/11"}],"replies":[{"embeddable":true,"href":"https:\/\/grossmanwins.com\/es\/wp-json\/wp\/v2\/comments?post=1209"}],"version-history":[{"count":0,"href":"https:\/\/grossmanwins.com\/es\/wp-json\/wp\/v2\/pages\/1209\/revisions"}],"up":[{"embeddable":true,"href":"https:\/\/grossmanwins.com\/es\/wp-json\/wp\/v2\/pages\/1272"}],"wp:featuredmedia":[{"embeddable":true,"href":"https:\/\/grossmanwins.com\/es\/wp-json\/wp\/v2\/media\/2323"}],"wp:attachment":[{"href":"https:\/\/grossmanwins.com\/es\/wp-json\/wp\/v2\/media?parent=1209"}],"curies":[{"name":"wp","href":"https:\/\/api.w.org\/{rel}","templated":true}]}}