{"id":1213,"date":"2025-05-26T22:22:33","date_gmt":"2025-05-26T22:22:33","guid":{"rendered":"https:\/\/grossman-wins.local\/compensacion-laboral\/"},"modified":"2026-04-16T13:53:01","modified_gmt":"2026-04-16T13:53:01","slug":"compensacion-laboral","status":"publish","type":"page","link":"https:\/\/grossmanwins.com\/es\/areas-practica\/compensacion-laboral\/","title":{"rendered":"Compensaci\u00f3n Laboral"},"content":{"rendered":"<p>Si te has lastimado en el trabajo, probablemente tengas muchas preguntas sobre tus derechos. Consultar con un abogado de compensaci\u00f3n laboral en Grossman Law Offices es el primer paso correcto para asegurarte de que te traten justamente y entiendas los <a href=\"https:\/\/personalinjuryattorney-fresno.com\/es\/lesiones-personales\/compensacion-laboral\/abogado-de-beneficios-de-compensacion-laboral-en-fresno\/\">beneficios<\/a> y la compensaci\u00f3n a los que podr\u00edas tener derecho. Como un abogado l\u00edder en compensaci\u00f3n laboral en Fresno, ofrecemos compasi\u00f3n y experiencia que minimizan el estr\u00e9s del proceso legal, permiti\u00e9ndote enfocarte en tu recuperaci\u00f3n.<\/p>\n<p><img loading=\"lazy\" decoding=\"async\" class=\"alignnone size-full wp-image-2353\" src=\"https:\/\/grossmanwins.com\/wp-content\/uploads\/2025\/09\/workers-compenation-1.webp\" alt=\"\" width=\"1600\" height=\"900\" srcset=\"https:\/\/grossmanwins.com\/wp-content\/uploads\/2025\/09\/workers-compenation-1.webp 1600w, https:\/\/grossmanwins.com\/wp-content\/uploads\/2025\/09\/workers-compenation-1-300x169.webp 300w, https:\/\/grossmanwins.com\/wp-content\/uploads\/2025\/09\/workers-compenation-1-1024x576.webp 1024w, https:\/\/grossmanwins.com\/wp-content\/uploads\/2025\/09\/workers-compenation-1-768x432.webp 768w, https:\/\/grossmanwins.com\/wp-content\/uploads\/2025\/09\/workers-compenation-1-1536x864.webp 1536w\" sizes=\"auto, (max-width: 1600px) 100vw, 1600px\" \/><\/p>\n","protected":false},"excerpt":{"rendered":"<p>Si te has lastimado en el trabajo, probablemente tengas muchas preguntas sobre tus derechos. Consultar con un abogado de compensaci\u00f3n laboral en Grossman Law Offices es el primer paso correcto para asegurarte de que te traten justamente y entiendas los beneficios y la compensaci\u00f3n a los que podr\u00edas tener derecho. Como un abogado l\u00edder en [&hellip;]<\/p>\n","protected":false},"author":11,"featured_media":2353,"parent":1272,"menu_order":0,"comment_status":"closed","ping_status":"closed","template":"templates\/practice-area.php","meta":{"_acf_changed":false,"footnotes":""},"class_list":["post-1213","page","type-page","status-publish","has-post-thumbnail","hentry"],"acf":[],"yoast_head":"<!-- This site is optimized with the Yoast SEO plugin v27.4 - https:\/\/yoast.com\/product\/yoast-seo-wordpress\/ -->\n<title>Abogado de compensaci\u00f3n laboral en Fresno | Grossman Law Offices<\/title>\n<meta name=\"description\" content=\"Lesionado en el trabajo en Fresno o el Valle Central? Nuestros abogados lo gu\u00edan para asegurar beneficios de compensaci\u00f3n laboral. Consulta gratuita.\" \/>\n<meta name=\"robots\" content=\"index, follow, max-snippet:-1, max-image-preview:large, max-video-preview:-1\" \/>\n<link rel=\"canonical\" href=\"https:\/\/grossmanwins.com\/es\/areas-practica\/compensacion-laboral\/\" \/>\n<meta property=\"og:locale\" content=\"es_ES\" \/>\n<meta property=\"og:type\" content=\"article\" \/>\n<meta property=\"og:title\" content=\"Abogado de compensaci\u00f3n laboral en Fresno | Grossman Law Offices\" \/>\n<meta property=\"og:description\" content=\"Lesionado en el trabajo en Fresno o el Valle Central? Nuestros abogados lo gu\u00edan para asegurar beneficios de compensaci\u00f3n laboral. Consulta gratuita.\" \/>\n<meta property=\"og:url\" content=\"https:\/\/grossmanwins.com\/es\/areas-practica\/compensacion-laboral\/\" \/>\n<meta property=\"og:site_name\" content=\"Grossman Wins\" \/>\n<meta property=\"article:modified_time\" content=\"2026-04-16T13:53:01+00:00\" \/>\n<meta property=\"og:image\" content=\"https:\/\/grossmanwins.com\/wp-content\/uploads\/2025\/09\/workers-compenation-1.webp\" \/>\n\t<meta property=\"og:image:width\" content=\"1600\" \/>\n\t<meta property=\"og:image:height\" content=\"900\" \/>\n\t<meta property=\"og:image:type\" content=\"image\/webp\" \/>\n<meta name=\"twitter:card\" content=\"summary_large_image\" \/>\n<meta name=\"twitter:label1\" content=\"Tiempo de lectura\" \/>\n\t<meta name=\"twitter:data1\" content=\"1 minuto\" \/>\n<script type=\"application\/ld+json\" class=\"yoast-schema-graph\">{\"@context\":\"https:\\\/\\\/schema.org\",\"@graph\":[{\"@type\":\"WebPage\",\"@id\":\"https:\\\/\\\/grossmanwins.com\\\/es\\\/areas-practica\\\/compensacion-laboral\\\/\",\"url\":\"https:\\\/\\\/grossmanwins.com\\\/es\\\/areas-practica\\\/compensacion-laboral\\\/\",\"name\":\"Abogado de compensaci\u00f3n laboral en Fresno | Grossman Law Offices\",\"isPartOf\":{\"@id\":\"https:\\\/\\\/grossmanwins.com\\\/es\\\/#website\"},\"primaryImageOfPage\":{\"@id\":\"https:\\\/\\\/grossmanwins.com\\\/es\\\/areas-practica\\\/compensacion-laboral\\\/#primaryimage\"},\"image\":{\"@id\":\"https:\\\/\\\/grossmanwins.com\\\/es\\\/areas-practica\\\/compensacion-laboral\\\/#primaryimage\"},\"thumbnailUrl\":\"https:\\\/\\\/grossmanwins.com\\\/wp-content\\\/uploads\\\/2025\\\/09\\\/workers-compenation-1.webp\",\"datePublished\":\"2025-05-26T22:22:33+00:00\",\"dateModified\":\"2026-04-16T13:53:01+00:00\",\"description\":\"Lesionado en el trabajo en Fresno o el Valle Central? Nuestros abogados lo gu\u00edan para asegurar beneficios de compensaci\u00f3n laboral. Consulta gratuita.\",\"breadcrumb\":{\"@id\":\"https:\\\/\\\/grossmanwins.com\\\/es\\\/areas-practica\\\/compensacion-laboral\\\/#breadcrumb\"},\"inLanguage\":\"es\",\"potentialAction\":[{\"@type\":\"ReadAction\",\"target\":[\"https:\\\/\\\/grossmanwins.com\\\/es\\\/areas-practica\\\/compensacion-laboral\\\/\"]}]},{\"@type\":\"ImageObject\",\"inLanguage\":\"es\",\"@id\":\"https:\\\/\\\/grossmanwins.com\\\/es\\\/areas-practica\\\/compensacion-laboral\\\/#primaryimage\",\"url\":\"https:\\\/\\\/grossmanwins.com\\\/wp-content\\\/uploads\\\/2025\\\/09\\\/workers-compenation-1.webp\",\"contentUrl\":\"https:\\\/\\\/grossmanwins.com\\\/wp-content\\\/uploads\\\/2025\\\/09\\\/workers-compenation-1.webp\",\"width\":1600,\"height\":900},{\"@type\":\"BreadcrumbList\",\"@id\":\"https:\\\/\\\/grossmanwins.com\\\/es\\\/areas-practica\\\/compensacion-laboral\\\/#breadcrumb\",\"itemListElement\":[{\"@type\":\"ListItem\",\"position\":1,\"name\":\"Home\",\"item\":\"https:\\\/\\\/grossmanwins.com\\\/es\\\/\"},{\"@type\":\"ListItem\",\"position\":2,\"name\":\"areas-practica\",\"item\":\"https:\\\/\\\/grossmanwins.com\\\/es\\\/areas-practica\\\/\"},{\"@type\":\"ListItem\",\"position\":3,\"name\":\"Compensaci\u00f3n Laboral\"}]},{\"@type\":\"WebSite\",\"@id\":\"https:\\\/\\\/grossmanwins.com\\\/es\\\/#website\",\"url\":\"https:\\\/\\\/grossmanwins.com\\\/es\\\/\",\"name\":\"Grossman Wins\",\"description\":\"\",\"potentialAction\":[{\"@type\":\"SearchAction\",\"target\":{\"@type\":\"EntryPoint\",\"urlTemplate\":\"https:\\\/\\\/grossmanwins.com\\\/es\\\/?s={search_term_string}\"},\"query-input\":{\"@type\":\"PropertyValueSpecification\",\"valueRequired\":true,\"valueName\":\"search_term_string\"}}],\"inLanguage\":\"es\"}]}<\/script>\n<!-- \/ Yoast SEO plugin. -->","yoast_head_json":{"title":"Abogado de compensaci\u00f3n laboral en Fresno | Grossman Law Offices","description":"Lesionado en el trabajo en Fresno o el Valle Central? Nuestros abogados lo gu\u00edan para asegurar beneficios de compensaci\u00f3n laboral. Consulta gratuita.","robots":{"index":"index","follow":"follow","max-snippet":"max-snippet:-1","max-image-preview":"max-image-preview:large","max-video-preview":"max-video-preview:-1"},"canonical":"https:\/\/grossmanwins.com\/es\/areas-practica\/compensacion-laboral\/","og_locale":"es_ES","og_type":"article","og_title":"Abogado de compensaci\u00f3n laboral en Fresno | Grossman Law Offices","og_description":"Lesionado en el trabajo en Fresno o el Valle Central? Nuestros abogados lo gu\u00edan para asegurar beneficios de compensaci\u00f3n laboral. Consulta gratuita.","og_url":"https:\/\/grossmanwins.com\/es\/areas-practica\/compensacion-laboral\/","og_site_name":"Grossman Wins","article_modified_time":"2026-04-16T13:53:01+00:00","og_image":[{"width":1600,"height":900,"url":"https:\/\/grossmanwins.com\/wp-content\/uploads\/2025\/09\/workers-compenation-1.webp","type":"image\/webp"}],"twitter_card":"summary_large_image","twitter_misc":{"Tiempo de lectura":"1 minuto"},"schema":{"@context":"https:\/\/schema.org","@graph":[{"@type":"WebPage","@id":"https:\/\/grossmanwins.com\/es\/areas-practica\/compensacion-laboral\/","url":"https:\/\/grossmanwins.com\/es\/areas-practica\/compensacion-laboral\/","name":"Abogado de compensaci\u00f3n laboral en Fresno | Grossman Law Offices","isPartOf":{"@id":"https:\/\/grossmanwins.com\/es\/#website"},"primaryImageOfPage":{"@id":"https:\/\/grossmanwins.com\/es\/areas-practica\/compensacion-laboral\/#primaryimage"},"image":{"@id":"https:\/\/grossmanwins.com\/es\/areas-practica\/compensacion-laboral\/#primaryimage"},"thumbnailUrl":"https:\/\/grossmanwins.com\/wp-content\/uploads\/2025\/09\/workers-compenation-1.webp","datePublished":"2025-05-26T22:22:33+00:00","dateModified":"2026-04-16T13:53:01+00:00","description":"Lesionado en el trabajo en Fresno o el Valle Central? Nuestros abogados lo gu\u00edan para asegurar beneficios de compensaci\u00f3n laboral. Consulta gratuita.","breadcrumb":{"@id":"https:\/\/grossmanwins.com\/es\/areas-practica\/compensacion-laboral\/#breadcrumb"},"inLanguage":"es","potentialAction":[{"@type":"ReadAction","target":["https:\/\/grossmanwins.com\/es\/areas-practica\/compensacion-laboral\/"]}]},{"@type":"ImageObject","inLanguage":"es","@id":"https:\/\/grossmanwins.com\/es\/areas-practica\/compensacion-laboral\/#primaryimage","url":"https:\/\/grossmanwins.com\/wp-content\/uploads\/2025\/09\/workers-compenation-1.webp","contentUrl":"https:\/\/grossmanwins.com\/wp-content\/uploads\/2025\/09\/workers-compenation-1.webp","width":1600,"height":900},{"@type":"BreadcrumbList","@id":"https:\/\/grossmanwins.com\/es\/areas-practica\/compensacion-laboral\/#breadcrumb","itemListElement":[{"@type":"ListItem","position":1,"name":"Home","item":"https:\/\/grossmanwins.com\/es\/"},{"@type":"ListItem","position":2,"name":"areas-practica","item":"https:\/\/grossmanwins.com\/es\/areas-practica\/"},{"@type":"ListItem","position":3,"name":"Compensaci\u00f3n Laboral"}]},{"@type":"WebSite","@id":"https:\/\/grossmanwins.com\/es\/#website","url":"https:\/\/grossmanwins.com\/es\/","name":"Grossman Wins","description":"","potentialAction":[{"@type":"SearchAction","target":{"@type":"EntryPoint","urlTemplate":"https:\/\/grossmanwins.com\/es\/?s={search_term_string}"},"query-input":{"@type":"PropertyValueSpecification","valueRequired":true,"valueName":"search_term_string"}}],"inLanguage":"es"}]}},"_links":{"self":[{"href":"https:\/\/grossmanwins.com\/es\/wp-json\/wp\/v2\/pages\/1213","targetHints":{"allow":["GET"]}}],"collection":[{"href":"https:\/\/grossmanwins.com\/es\/wp-json\/wp\/v2\/pages"}],"about":[{"href":"https:\/\/grossmanwins.com\/es\/wp-json\/wp\/v2\/types\/page"}],"author":[{"embeddable":true,"href":"https:\/\/grossmanwins.com\/es\/wp-json\/wp\/v2\/users\/11"}],"replies":[{"embeddable":true,"href":"https:\/\/grossmanwins.com\/es\/wp-json\/wp\/v2\/comments?post=1213"}],"version-history":[{"count":0,"href":"https:\/\/grossmanwins.com\/es\/wp-json\/wp\/v2\/pages\/1213\/revisions"}],"up":[{"embeddable":true,"href":"https:\/\/grossmanwins.com\/es\/wp-json\/wp\/v2\/pages\/1272"}],"wp:featuredmedia":[{"embeddable":true,"href":"https:\/\/grossmanwins.com\/es\/wp-json\/wp\/v2\/media\/2353"}],"wp:attachment":[{"href":"https:\/\/grossmanwins.com\/es\/wp-json\/wp\/v2\/media?parent=1213"}],"curies":[{"name":"wp","href":"https:\/\/api.w.org\/{rel}","templated":true}]}}