{"id":1219,"date":"2025-05-27T04:35:04","date_gmt":"2025-05-27T04:35:04","guid":{"rendered":"https:\/\/grossman-wins.local\/caidas-y-resbalones\/"},"modified":"2025-09-08T21:13:30","modified_gmt":"2025-09-08T21:13:30","slug":"accidentes-resbalones-caidas","status":"publish","type":"page","link":"https:\/\/grossmanwins.com\/es\/areas-practica\/accidentes-resbalones-caidas\/","title":{"rendered":"Ca\u00eddas y Resbalones"},"content":{"rendered":"<p>Si ha sufrido un accidente de ca\u00edda o resbal\u00f3n, es posible que se pregunte qui\u00e9n est\u00e1 de su lado, qui\u00e9n tiene la culpa y qu\u00e9 puede hacer para protegerse.<\/p>\n<p>Pero recuerde: no se cay\u00f3 sin motivo.<\/p>\n<p>No fue porque fuera torpe o estuviera distra\u00eddo. Un propietario negligente que sab\u00eda del peligro pero decidi\u00f3 no solucionarlo puede ser responsable, dej\u00e1ndolo lesionado, sin poder trabajar y enfrentando facturas m\u00e9dicas. Ya sea por un <a href=\"https:\/\/personalinjuryattorney-fresno.com\/es\/lesiones-personales\/responsabilidad-civil\/accidente-por-piso-resbaladizo-en-fresno\/\">derrame no limpiado<\/a>, una barandilla o escal\u00f3n roto, un obst\u00e1culo, o cualquier otra condici\u00f3n peligrosa que el propietario haya ignorado, ahora enfrenta desaf\u00edos que no son su culpa. No deber\u00eda tener que aceptar esta situaci\u00f3n.<\/p>\n<p>Usted tiene derecho a presentar una demanda por ca\u00edda o resbal\u00f3n contra el propietario cuya negligencia ha afectado negativamente su vida. Como abogados experimentados en casos de ca\u00eddas y resbalones en Fresno, el equipo de Grossman Law Offices est\u00e1 listo para ayudarlo a obtener la justicia y la compensaci\u00f3n que merece.<\/p>\n<p><img loading=\"lazy\" decoding=\"async\" class=\"alignnone size-full wp-image-2341\" src=\"https:\/\/grossmanwins.com\/wp-content\/uploads\/2025\/09\/slip-fall-1.webp\" alt=\"\" width=\"1600\" height=\"900\" srcset=\"https:\/\/grossmanwins.com\/wp-content\/uploads\/2025\/09\/slip-fall-1.webp 1600w, https:\/\/grossmanwins.com\/wp-content\/uploads\/2025\/09\/slip-fall-1-300x169.webp 300w, https:\/\/grossmanwins.com\/wp-content\/uploads\/2025\/09\/slip-fall-1-1024x576.webp 1024w, https:\/\/grossmanwins.com\/wp-content\/uploads\/2025\/09\/slip-fall-1-768x432.webp 768w, https:\/\/grossmanwins.com\/wp-content\/uploads\/2025\/09\/slip-fall-1-1536x864.webp 1536w\" sizes=\"auto, (max-width: 1600px) 100vw, 1600px\" \/><\/p>\n","protected":false},"excerpt":{"rendered":"<p>Si ha sufrido un accidente de ca\u00edda o resbal\u00f3n, es posible que se pregunte qui\u00e9n est\u00e1 de su lado, qui\u00e9n tiene la culpa y qu\u00e9 puede hacer para protegerse. Pero recuerde: no se cay\u00f3 sin motivo. No fue porque fuera torpe o estuviera distra\u00eddo. Un propietario negligente que sab\u00eda del peligro pero decidi\u00f3 no solucionarlo [&hellip;]<\/p>\n","protected":false},"author":11,"featured_media":0,"parent":1272,"menu_order":0,"comment_status":"closed","ping_status":"closed","template":"templates\/practice-area.php","meta":{"_acf_changed":false,"footnotes":""},"class_list":["post-1219","page","type-page","status-publish","hentry"],"acf":[],"yoast_head":"<!-- This site is optimized with the Yoast SEO plugin v27.4 - https:\/\/yoast.com\/product\/yoast-seo-wordpress\/ -->\n<title>Ca\u00eddas y Resbalones - Grossman Wins<\/title>\n<meta name=\"robots\" content=\"index, follow, max-snippet:-1, max-image-preview:large, max-video-preview:-1\" \/>\n<link rel=\"canonical\" href=\"https:\/\/grossmanwins.com\/es\/areas-practica\/accidentes-resbalones-caidas\/\" \/>\n<meta property=\"og:locale\" content=\"es_ES\" \/>\n<meta property=\"og:type\" content=\"article\" \/>\n<meta property=\"og:title\" content=\"Ca\u00eddas y Resbalones - Grossman Wins\" \/>\n<meta property=\"og:description\" content=\"Si ha sufrido un accidente de ca\u00edda o resbal\u00f3n, es posible que se pregunte qui\u00e9n est\u00e1 de su lado, qui\u00e9n tiene la culpa y qu\u00e9 puede hacer para protegerse. Pero recuerde: no se cay\u00f3 sin motivo. No fue porque fuera torpe o estuviera distra\u00eddo. Un propietario negligente que sab\u00eda del peligro pero decidi\u00f3 no solucionarlo [&hellip;]\" \/>\n<meta property=\"og:url\" content=\"https:\/\/grossmanwins.com\/es\/areas-practica\/accidentes-resbalones-caidas\/\" \/>\n<meta property=\"og:site_name\" content=\"Grossman Wins\" \/>\n<meta property=\"article:modified_time\" content=\"2025-09-08T21:13:30+00:00\" \/>\n<meta property=\"og:image\" content=\"https:\/\/grossmanwins.com\/wp-content\/uploads\/2025\/09\/slip-fall-1.webp\" \/>\n\t<meta property=\"og:image:width\" content=\"1600\" \/>\n\t<meta property=\"og:image:height\" content=\"900\" \/>\n\t<meta property=\"og:image:type\" content=\"image\/webp\" \/>\n<meta name=\"twitter:card\" content=\"summary_large_image\" \/>\n<meta name=\"twitter:label1\" content=\"Tiempo de lectura\" \/>\n\t<meta name=\"twitter:data1\" content=\"1 minuto\" \/>\n<script type=\"application\/ld+json\" class=\"yoast-schema-graph\">{\"@context\":\"https:\\\/\\\/schema.org\",\"@graph\":[{\"@type\":\"WebPage\",\"@id\":\"https:\\\/\\\/grossmanwins.com\\\/es\\\/areas-practica\\\/accidentes-resbalones-caidas\\\/\",\"url\":\"https:\\\/\\\/grossmanwins.com\\\/es\\\/areas-practica\\\/accidentes-resbalones-caidas\\\/\",\"name\":\"Ca\u00eddas y Resbalones - Grossman Wins\",\"isPartOf\":{\"@id\":\"https:\\\/\\\/grossmanwins.com\\\/es\\\/#website\"},\"primaryImageOfPage\":{\"@id\":\"https:\\\/\\\/grossmanwins.com\\\/es\\\/areas-practica\\\/accidentes-resbalones-caidas\\\/#primaryimage\"},\"image\":{\"@id\":\"https:\\\/\\\/grossmanwins.com\\\/es\\\/areas-practica\\\/accidentes-resbalones-caidas\\\/#primaryimage\"},\"thumbnailUrl\":\"https:\\\/\\\/grossmanwins.com\\\/wp-content\\\/uploads\\\/2025\\\/09\\\/slip-fall-1.webp\",\"datePublished\":\"2025-05-27T04:35:04+00:00\",\"dateModified\":\"2025-09-08T21:13:30+00:00\",\"breadcrumb\":{\"@id\":\"https:\\\/\\\/grossmanwins.com\\\/es\\\/areas-practica\\\/accidentes-resbalones-caidas\\\/#breadcrumb\"},\"inLanguage\":\"es\",\"potentialAction\":[{\"@type\":\"ReadAction\",\"target\":[\"https:\\\/\\\/grossmanwins.com\\\/es\\\/areas-practica\\\/accidentes-resbalones-caidas\\\/\"]}]},{\"@type\":\"ImageObject\",\"inLanguage\":\"es\",\"@id\":\"https:\\\/\\\/grossmanwins.com\\\/es\\\/areas-practica\\\/accidentes-resbalones-caidas\\\/#primaryimage\",\"url\":\"https:\\\/\\\/grossmanwins.com\\\/wp-content\\\/uploads\\\/2025\\\/09\\\/slip-fall-1.webp\",\"contentUrl\":\"https:\\\/\\\/grossmanwins.com\\\/wp-content\\\/uploads\\\/2025\\\/09\\\/slip-fall-1.webp\"},{\"@type\":\"BreadcrumbList\",\"@id\":\"https:\\\/\\\/grossmanwins.com\\\/es\\\/areas-practica\\\/accidentes-resbalones-caidas\\\/#breadcrumb\",\"itemListElement\":[{\"@type\":\"ListItem\",\"position\":1,\"name\":\"Home\",\"item\":\"https:\\\/\\\/grossmanwins.com\\\/es\\\/\"},{\"@type\":\"ListItem\",\"position\":2,\"name\":\"areas-practica\",\"item\":\"https:\\\/\\\/grossmanwins.com\\\/es\\\/areas-practica\\\/\"},{\"@type\":\"ListItem\",\"position\":3,\"name\":\"Ca\u00eddas y Resbalones\"}]},{\"@type\":\"WebSite\",\"@id\":\"https:\\\/\\\/grossmanwins.com\\\/es\\\/#website\",\"url\":\"https:\\\/\\\/grossmanwins.com\\\/es\\\/\",\"name\":\"Grossman Wins\",\"description\":\"\",\"potentialAction\":[{\"@type\":\"SearchAction\",\"target\":{\"@type\":\"EntryPoint\",\"urlTemplate\":\"https:\\\/\\\/grossmanwins.com\\\/es\\\/?s={search_term_string}\"},\"query-input\":{\"@type\":\"PropertyValueSpecification\",\"valueRequired\":true,\"valueName\":\"search_term_string\"}}],\"inLanguage\":\"es\"}]}<\/script>\n<!-- \/ Yoast SEO plugin. -->","yoast_head_json":{"title":"Ca\u00eddas y Resbalones - Grossman Wins","robots":{"index":"index","follow":"follow","max-snippet":"max-snippet:-1","max-image-preview":"max-image-preview:large","max-video-preview":"max-video-preview:-1"},"canonical":"https:\/\/grossmanwins.com\/es\/areas-practica\/accidentes-resbalones-caidas\/","og_locale":"es_ES","og_type":"article","og_title":"Ca\u00eddas y Resbalones - Grossman Wins","og_description":"Si ha sufrido un accidente de ca\u00edda o resbal\u00f3n, es posible que se pregunte qui\u00e9n est\u00e1 de su lado, qui\u00e9n tiene la culpa y qu\u00e9 puede hacer para protegerse. Pero recuerde: no se cay\u00f3 sin motivo. No fue porque fuera torpe o estuviera distra\u00eddo. Un propietario negligente que sab\u00eda del peligro pero decidi\u00f3 no solucionarlo [&hellip;]","og_url":"https:\/\/grossmanwins.com\/es\/areas-practica\/accidentes-resbalones-caidas\/","og_site_name":"Grossman Wins","article_modified_time":"2025-09-08T21:13:30+00:00","og_image":[{"width":1600,"height":900,"url":"https:\/\/grossmanwins.com\/wp-content\/uploads\/2025\/09\/slip-fall-1.webp","type":"image\/webp"}],"twitter_card":"summary_large_image","twitter_misc":{"Tiempo de lectura":"1 minuto"},"schema":{"@context":"https:\/\/schema.org","@graph":[{"@type":"WebPage","@id":"https:\/\/grossmanwins.com\/es\/areas-practica\/accidentes-resbalones-caidas\/","url":"https:\/\/grossmanwins.com\/es\/areas-practica\/accidentes-resbalones-caidas\/","name":"Ca\u00eddas y Resbalones - Grossman Wins","isPartOf":{"@id":"https:\/\/grossmanwins.com\/es\/#website"},"primaryImageOfPage":{"@id":"https:\/\/grossmanwins.com\/es\/areas-practica\/accidentes-resbalones-caidas\/#primaryimage"},"image":{"@id":"https:\/\/grossmanwins.com\/es\/areas-practica\/accidentes-resbalones-caidas\/#primaryimage"},"thumbnailUrl":"https:\/\/grossmanwins.com\/wp-content\/uploads\/2025\/09\/slip-fall-1.webp","datePublished":"2025-05-27T04:35:04+00:00","dateModified":"2025-09-08T21:13:30+00:00","breadcrumb":{"@id":"https:\/\/grossmanwins.com\/es\/areas-practica\/accidentes-resbalones-caidas\/#breadcrumb"},"inLanguage":"es","potentialAction":[{"@type":"ReadAction","target":["https:\/\/grossmanwins.com\/es\/areas-practica\/accidentes-resbalones-caidas\/"]}]},{"@type":"ImageObject","inLanguage":"es","@id":"https:\/\/grossmanwins.com\/es\/areas-practica\/accidentes-resbalones-caidas\/#primaryimage","url":"https:\/\/grossmanwins.com\/wp-content\/uploads\/2025\/09\/slip-fall-1.webp","contentUrl":"https:\/\/grossmanwins.com\/wp-content\/uploads\/2025\/09\/slip-fall-1.webp"},{"@type":"BreadcrumbList","@id":"https:\/\/grossmanwins.com\/es\/areas-practica\/accidentes-resbalones-caidas\/#breadcrumb","itemListElement":[{"@type":"ListItem","position":1,"name":"Home","item":"https:\/\/grossmanwins.com\/es\/"},{"@type":"ListItem","position":2,"name":"areas-practica","item":"https:\/\/grossmanwins.com\/es\/areas-practica\/"},{"@type":"ListItem","position":3,"name":"Ca\u00eddas y Resbalones"}]},{"@type":"WebSite","@id":"https:\/\/grossmanwins.com\/es\/#website","url":"https:\/\/grossmanwins.com\/es\/","name":"Grossman Wins","description":"","potentialAction":[{"@type":"SearchAction","target":{"@type":"EntryPoint","urlTemplate":"https:\/\/grossmanwins.com\/es\/?s={search_term_string}"},"query-input":{"@type":"PropertyValueSpecification","valueRequired":true,"valueName":"search_term_string"}}],"inLanguage":"es"}]}},"_links":{"self":[{"href":"https:\/\/grossmanwins.com\/es\/wp-json\/wp\/v2\/pages\/1219","targetHints":{"allow":["GET"]}}],"collection":[{"href":"https:\/\/grossmanwins.com\/es\/wp-json\/wp\/v2\/pages"}],"about":[{"href":"https:\/\/grossmanwins.com\/es\/wp-json\/wp\/v2\/types\/page"}],"author":[{"embeddable":true,"href":"https:\/\/grossmanwins.com\/es\/wp-json\/wp\/v2\/users\/11"}],"replies":[{"embeddable":true,"href":"https:\/\/grossmanwins.com\/es\/wp-json\/wp\/v2\/comments?post=1219"}],"version-history":[{"count":0,"href":"https:\/\/grossmanwins.com\/es\/wp-json\/wp\/v2\/pages\/1219\/revisions"}],"up":[{"embeddable":true,"href":"https:\/\/grossmanwins.com\/es\/wp-json\/wp\/v2\/pages\/1272"}],"wp:attachment":[{"href":"https:\/\/grossmanwins.com\/es\/wp-json\/wp\/v2\/media?parent=1219"}],"curies":[{"name":"wp","href":"https:\/\/api.w.org\/{rel}","templated":true}]}}