{"id":1222,"date":"2025-05-27T04:57:47","date_gmt":"2025-05-27T04:57:47","guid":{"rendered":"https:\/\/grossman-wins.local\/accidentes-de-camion\/"},"modified":"2025-12-22T21:12:33","modified_gmt":"2025-12-22T21:12:33","slug":"accidentes-camion","status":"publish","type":"page","link":"https:\/\/grossmanwins.com\/es\/areas-practica\/accidentes-camion\/","title":{"rendered":"Accidentes de Cami\u00f3n"},"content":{"rendered":"<p>Un accidente con un tr\u00e1iler o cami\u00f3n comercial puede tener un gran impacto en su vida. Es crucial prepararse y protegerse sabiendo qu\u00e9 esperar de un abogado y del proceso legal. Mientras muchas firmas legales buscan resolver su caso r\u00e1pidamente sin preocuparse por su bienestar, los abogados de accidentes de cami\u00f3n de Grossman Law Offices en Fresno hacen las cosas de manera diferente: ofrecemos experiencia, compasi\u00f3n y paciencia para su caso \u00fanico.<\/p>\n<p>Como miembro comprometido de las comunidades de Fresno y Central Valley durante m\u00e1s de 50 a\u00f1os, lo vemos como una persona, no solo como un caso.<\/p>\n<p>Si usted o un ser querido ha estado involucrado en un accidente de cami\u00f3n en Fresno, esto es lo que debe saber.<\/p>\n","protected":false},"excerpt":{"rendered":"<p>Un accidente con un tr\u00e1iler o cami\u00f3n comercial puede tener un gran impacto en su vida. Es crucial prepararse y protegerse sabiendo qu\u00e9 esperar de un abogado y del proceso legal. Mientras muchas firmas legales buscan resolver su caso r\u00e1pidamente sin preocuparse por su bienestar, los abogados de accidentes de cami\u00f3n de Grossman Law Offices [&hellip;]<\/p>\n","protected":false},"author":11,"featured_media":0,"parent":1272,"menu_order":0,"comment_status":"closed","ping_status":"closed","template":"templates\/practice-area.php","meta":{"_acf_changed":false,"footnotes":""},"class_list":["post-1222","page","type-page","status-publish","hentry"],"acf":[],"yoast_head":"<!-- This site is optimized with the Yoast SEO plugin v27.4 - https:\/\/yoast.com\/product\/yoast-seo-wordpress\/ -->\n<title>Abogado de Accidentes de Cami\u00f3n en Fresno | Grossman Law Offices<\/title>\n<meta name=\"description\" content=\"\u00bfLesionado en un accidente de cami\u00f3n? Conozca sus derechos legales, causas comunes de accidentes de camiones comerciales y c\u00f3mo asegurar compensaci\u00f3n con un abogado experimentado.\" \/>\n<meta name=\"robots\" content=\"index, follow, max-snippet:-1, max-image-preview:large, max-video-preview:-1\" \/>\n<link rel=\"canonical\" href=\"https:\/\/grossmanwins.com\/es\/areas-practica\/accidentes-camion\/\" \/>\n<meta property=\"og:locale\" content=\"es_ES\" \/>\n<meta property=\"og:type\" content=\"article\" \/>\n<meta property=\"og:title\" content=\"Abogado de Accidentes de Cami\u00f3n en Fresno | Grossman Law Offices\" \/>\n<meta property=\"og:description\" content=\"\u00bfLesionado en un accidente de cami\u00f3n? Conozca sus derechos legales, causas comunes de accidentes de camiones comerciales y c\u00f3mo asegurar compensaci\u00f3n con un abogado experimentado.\" \/>\n<meta property=\"og:url\" content=\"https:\/\/grossmanwins.com\/es\/areas-practica\/accidentes-camion\/\" \/>\n<meta property=\"og:site_name\" content=\"Grossman Wins\" \/>\n<meta property=\"article:modified_time\" content=\"2025-12-22T21:12:33+00:00\" \/>\n<meta name=\"twitter:card\" content=\"summary_large_image\" \/>\n<meta name=\"twitter:label1\" content=\"Tiempo de lectura\" \/>\n\t<meta name=\"twitter:data1\" content=\"1 minuto\" \/>\n<script type=\"application\/ld+json\" class=\"yoast-schema-graph\">{\"@context\":\"https:\\\/\\\/schema.org\",\"@graph\":[{\"@type\":\"WebPage\",\"@id\":\"https:\\\/\\\/grossmanwins.com\\\/es\\\/areas-practica\\\/accidentes-camion\\\/\",\"url\":\"https:\\\/\\\/grossmanwins.com\\\/es\\\/areas-practica\\\/accidentes-camion\\\/\",\"name\":\"Abogado de Accidentes de Cami\u00f3n en Fresno | Grossman Law Offices\",\"isPartOf\":{\"@id\":\"https:\\\/\\\/grossmanwins.com\\\/es\\\/#website\"},\"datePublished\":\"2025-05-27T04:57:47+00:00\",\"dateModified\":\"2025-12-22T21:12:33+00:00\",\"description\":\"\u00bfLesionado en un accidente de cami\u00f3n? Conozca sus derechos legales, causas comunes de accidentes de camiones comerciales y c\u00f3mo asegurar compensaci\u00f3n con un abogado experimentado.\",\"breadcrumb\":{\"@id\":\"https:\\\/\\\/grossmanwins.com\\\/es\\\/areas-practica\\\/accidentes-camion\\\/#breadcrumb\"},\"inLanguage\":\"es\",\"potentialAction\":[{\"@type\":\"ReadAction\",\"target\":[\"https:\\\/\\\/grossmanwins.com\\\/es\\\/areas-practica\\\/accidentes-camion\\\/\"]}]},{\"@type\":\"BreadcrumbList\",\"@id\":\"https:\\\/\\\/grossmanwins.com\\\/es\\\/areas-practica\\\/accidentes-camion\\\/#breadcrumb\",\"itemListElement\":[{\"@type\":\"ListItem\",\"position\":1,\"name\":\"Home\",\"item\":\"https:\\\/\\\/grossmanwins.com\\\/es\\\/\"},{\"@type\":\"ListItem\",\"position\":2,\"name\":\"areas-practica\",\"item\":\"https:\\\/\\\/grossmanwins.com\\\/es\\\/areas-practica\\\/\"},{\"@type\":\"ListItem\",\"position\":3,\"name\":\"Accidentes de Cami\u00f3n\"}]},{\"@type\":\"WebSite\",\"@id\":\"https:\\\/\\\/grossmanwins.com\\\/es\\\/#website\",\"url\":\"https:\\\/\\\/grossmanwins.com\\\/es\\\/\",\"name\":\"Grossman Wins\",\"description\":\"\",\"potentialAction\":[{\"@type\":\"SearchAction\",\"target\":{\"@type\":\"EntryPoint\",\"urlTemplate\":\"https:\\\/\\\/grossmanwins.com\\\/es\\\/?s={search_term_string}\"},\"query-input\":{\"@type\":\"PropertyValueSpecification\",\"valueRequired\":true,\"valueName\":\"search_term_string\"}}],\"inLanguage\":\"es\"}]}<\/script>\n<!-- \/ Yoast SEO plugin. -->","yoast_head_json":{"title":"Abogado de Accidentes de Cami\u00f3n en Fresno | Grossman Law Offices","description":"\u00bfLesionado en un accidente de cami\u00f3n? Conozca sus derechos legales, causas comunes de accidentes de camiones comerciales y c\u00f3mo asegurar compensaci\u00f3n con un abogado experimentado.","robots":{"index":"index","follow":"follow","max-snippet":"max-snippet:-1","max-image-preview":"max-image-preview:large","max-video-preview":"max-video-preview:-1"},"canonical":"https:\/\/grossmanwins.com\/es\/areas-practica\/accidentes-camion\/","og_locale":"es_ES","og_type":"article","og_title":"Abogado de Accidentes de Cami\u00f3n en Fresno | Grossman Law Offices","og_description":"\u00bfLesionado en un accidente de cami\u00f3n? Conozca sus derechos legales, causas comunes de accidentes de camiones comerciales y c\u00f3mo asegurar compensaci\u00f3n con un abogado experimentado.","og_url":"https:\/\/grossmanwins.com\/es\/areas-practica\/accidentes-camion\/","og_site_name":"Grossman Wins","article_modified_time":"2025-12-22T21:12:33+00:00","twitter_card":"summary_large_image","twitter_misc":{"Tiempo de lectura":"1 minuto"},"schema":{"@context":"https:\/\/schema.org","@graph":[{"@type":"WebPage","@id":"https:\/\/grossmanwins.com\/es\/areas-practica\/accidentes-camion\/","url":"https:\/\/grossmanwins.com\/es\/areas-practica\/accidentes-camion\/","name":"Abogado de Accidentes de Cami\u00f3n en Fresno | Grossman Law Offices","isPartOf":{"@id":"https:\/\/grossmanwins.com\/es\/#website"},"datePublished":"2025-05-27T04:57:47+00:00","dateModified":"2025-12-22T21:12:33+00:00","description":"\u00bfLesionado en un accidente de cami\u00f3n? Conozca sus derechos legales, causas comunes de accidentes de camiones comerciales y c\u00f3mo asegurar compensaci\u00f3n con un abogado experimentado.","breadcrumb":{"@id":"https:\/\/grossmanwins.com\/es\/areas-practica\/accidentes-camion\/#breadcrumb"},"inLanguage":"es","potentialAction":[{"@type":"ReadAction","target":["https:\/\/grossmanwins.com\/es\/areas-practica\/accidentes-camion\/"]}]},{"@type":"BreadcrumbList","@id":"https:\/\/grossmanwins.com\/es\/areas-practica\/accidentes-camion\/#breadcrumb","itemListElement":[{"@type":"ListItem","position":1,"name":"Home","item":"https:\/\/grossmanwins.com\/es\/"},{"@type":"ListItem","position":2,"name":"areas-practica","item":"https:\/\/grossmanwins.com\/es\/areas-practica\/"},{"@type":"ListItem","position":3,"name":"Accidentes de Cami\u00f3n"}]},{"@type":"WebSite","@id":"https:\/\/grossmanwins.com\/es\/#website","url":"https:\/\/grossmanwins.com\/es\/","name":"Grossman Wins","description":"","potentialAction":[{"@type":"SearchAction","target":{"@type":"EntryPoint","urlTemplate":"https:\/\/grossmanwins.com\/es\/?s={search_term_string}"},"query-input":{"@type":"PropertyValueSpecification","valueRequired":true,"valueName":"search_term_string"}}],"inLanguage":"es"}]}},"_links":{"self":[{"href":"https:\/\/grossmanwins.com\/es\/wp-json\/wp\/v2\/pages\/1222","targetHints":{"allow":["GET"]}}],"collection":[{"href":"https:\/\/grossmanwins.com\/es\/wp-json\/wp\/v2\/pages"}],"about":[{"href":"https:\/\/grossmanwins.com\/es\/wp-json\/wp\/v2\/types\/page"}],"author":[{"embeddable":true,"href":"https:\/\/grossmanwins.com\/es\/wp-json\/wp\/v2\/users\/11"}],"replies":[{"embeddable":true,"href":"https:\/\/grossmanwins.com\/es\/wp-json\/wp\/v2\/comments?post=1222"}],"version-history":[{"count":0,"href":"https:\/\/grossmanwins.com\/es\/wp-json\/wp\/v2\/pages\/1222\/revisions"}],"up":[{"embeddable":true,"href":"https:\/\/grossmanwins.com\/es\/wp-json\/wp\/v2\/pages\/1272"}],"wp:attachment":[{"href":"https:\/\/grossmanwins.com\/es\/wp-json\/wp\/v2\/media?parent=1222"}],"curies":[{"name":"wp","href":"https:\/\/api.w.org\/{rel}","templated":true}]}}