{"id":1224,"date":"2025-05-27T04:59:15","date_gmt":"2025-05-27T04:59:15","guid":{"rendered":"https:\/\/grossman-wins.local\/muerte-injusta\/"},"modified":"2025-11-26T16:16:02","modified_gmt":"2025-11-26T16:16:02","slug":"muerte-negligencia","status":"publish","type":"page","link":"https:\/\/grossmanwins.com\/es\/areas-practica\/muerte-negligencia\/","title":{"rendered":"Muerte por Negligencia"},"content":{"rendered":"<p><span style=\"font-weight: 400;\">Perder a un ser querido por la negligencia de otra persona es una de las experiencias m\u00e1s dolorosas que una familia puede enfrentar. En un momento en que est\u00e1 abrumado por el dolor, las facturas y las preguntas sin respuesta, un abogado de muerte por negligencia en Fresno puede ayudarle a comprender sus derechos y buscar justicia en nombre de su familiar.<\/span><\/p>\n<p><span style=\"font-weight: 400;\">En Grossman Law Offices, hemos pasado m\u00e1s de cuatro d\u00e9cadas ayudando a familias en Fresno y el Valle Central a navegar algunos de los cap\u00edtulos m\u00e1s dif\u00edciles de sus vidas. Y aunque nada puede reemplazar a la persona que perdi\u00f3, presentar una demanda por muerte por negligencia puede proporcionar estabilidad financiera, cierre y un sentido de justicia.<\/span><\/p>\n","protected":false},"excerpt":{"rendered":"<p>Perder a un ser querido por la negligencia de otra persona es una de las experiencias m\u00e1s dolorosas que una familia puede enfrentar. En un momento en que est\u00e1 abrumado por el dolor, las facturas y las preguntas sin respuesta, un abogado de muerte por negligencia en Fresno puede ayudarle a comprender sus derechos y [&hellip;]<\/p>\n","protected":false},"author":11,"featured_media":0,"parent":1272,"menu_order":0,"comment_status":"closed","ping_status":"closed","template":"templates\/practice-area.php","meta":{"_acf_changed":false,"footnotes":""},"class_list":["post-1224","page","type-page","status-publish","hentry"],"acf":[],"yoast_head":"<!-- This site is optimized with the Yoast SEO plugin v27.4 - https:\/\/yoast.com\/product\/yoast-seo-wordpress\/ -->\n<title>Abogado de Muerte por Negligencia en Fresno | Grossman Law Offices<\/title>\n<meta name=\"description\" content=\"Encuentre un abogado de muerte por negligencia en Fresno y conozca c\u00f3mo Grossman Law Offices ayuda a las familias a buscar justicia, responsabilidad y compensaci\u00f3n justa.Retry\" \/>\n<meta name=\"robots\" content=\"index, follow, max-snippet:-1, max-image-preview:large, max-video-preview:-1\" \/>\n<link rel=\"canonical\" href=\"https:\/\/grossmanwins.com\/es\/areas-practica\/muerte-negligencia\/\" \/>\n<meta property=\"og:locale\" content=\"es_ES\" \/>\n<meta property=\"og:type\" content=\"article\" \/>\n<meta property=\"og:title\" content=\"Abogado de Muerte por Negligencia en Fresno | Grossman Law Offices\" \/>\n<meta property=\"og:description\" content=\"Encuentre un abogado de muerte por negligencia en Fresno y conozca c\u00f3mo Grossman Law Offices ayuda a las familias a buscar justicia, responsabilidad y compensaci\u00f3n justa.Retry\" \/>\n<meta property=\"og:url\" content=\"https:\/\/grossmanwins.com\/es\/areas-practica\/muerte-negligencia\/\" \/>\n<meta property=\"og:site_name\" content=\"Grossman Wins\" \/>\n<meta property=\"article:modified_time\" content=\"2025-11-26T16:16:02+00:00\" \/>\n<meta name=\"twitter:card\" content=\"summary_large_image\" \/>\n<meta name=\"twitter:label1\" content=\"Tiempo de lectura\" \/>\n\t<meta name=\"twitter:data1\" content=\"1 minuto\" \/>\n<script type=\"application\/ld+json\" class=\"yoast-schema-graph\">{\"@context\":\"https:\\\/\\\/schema.org\",\"@graph\":[{\"@type\":\"WebPage\",\"@id\":\"https:\\\/\\\/grossmanwins.com\\\/es\\\/areas-practica\\\/muerte-negligencia\\\/\",\"url\":\"https:\\\/\\\/grossmanwins.com\\\/es\\\/areas-practica\\\/muerte-negligencia\\\/\",\"name\":\"Abogado de Muerte por Negligencia en Fresno | Grossman Law Offices\",\"isPartOf\":{\"@id\":\"https:\\\/\\\/grossmanwins.com\\\/es\\\/#website\"},\"datePublished\":\"2025-05-27T04:59:15+00:00\",\"dateModified\":\"2025-11-26T16:16:02+00:00\",\"description\":\"Encuentre un abogado de muerte por negligencia en Fresno y conozca c\u00f3mo Grossman Law Offices ayuda a las familias a buscar justicia, responsabilidad y compensaci\u00f3n justa.Retry\",\"breadcrumb\":{\"@id\":\"https:\\\/\\\/grossmanwins.com\\\/es\\\/areas-practica\\\/muerte-negligencia\\\/#breadcrumb\"},\"inLanguage\":\"es\",\"potentialAction\":[{\"@type\":\"ReadAction\",\"target\":[\"https:\\\/\\\/grossmanwins.com\\\/es\\\/areas-practica\\\/muerte-negligencia\\\/\"]}]},{\"@type\":\"BreadcrumbList\",\"@id\":\"https:\\\/\\\/grossmanwins.com\\\/es\\\/areas-practica\\\/muerte-negligencia\\\/#breadcrumb\",\"itemListElement\":[{\"@type\":\"ListItem\",\"position\":1,\"name\":\"Home\",\"item\":\"https:\\\/\\\/grossmanwins.com\\\/es\\\/\"},{\"@type\":\"ListItem\",\"position\":2,\"name\":\"areas-practica\",\"item\":\"https:\\\/\\\/grossmanwins.com\\\/es\\\/areas-practica\\\/\"},{\"@type\":\"ListItem\",\"position\":3,\"name\":\"Muerte por Negligencia\"}]},{\"@type\":\"WebSite\",\"@id\":\"https:\\\/\\\/grossmanwins.com\\\/es\\\/#website\",\"url\":\"https:\\\/\\\/grossmanwins.com\\\/es\\\/\",\"name\":\"Grossman Wins\",\"description\":\"\",\"potentialAction\":[{\"@type\":\"SearchAction\",\"target\":{\"@type\":\"EntryPoint\",\"urlTemplate\":\"https:\\\/\\\/grossmanwins.com\\\/es\\\/?s={search_term_string}\"},\"query-input\":{\"@type\":\"PropertyValueSpecification\",\"valueRequired\":true,\"valueName\":\"search_term_string\"}}],\"inLanguage\":\"es\"}]}<\/script>\n<!-- \/ Yoast SEO plugin. -->","yoast_head_json":{"title":"Abogado de Muerte por Negligencia en Fresno | Grossman Law Offices","description":"Encuentre un abogado de muerte por negligencia en Fresno y conozca c\u00f3mo Grossman Law Offices ayuda a las familias a buscar justicia, responsabilidad y compensaci\u00f3n justa.Retry","robots":{"index":"index","follow":"follow","max-snippet":"max-snippet:-1","max-image-preview":"max-image-preview:large","max-video-preview":"max-video-preview:-1"},"canonical":"https:\/\/grossmanwins.com\/es\/areas-practica\/muerte-negligencia\/","og_locale":"es_ES","og_type":"article","og_title":"Abogado de Muerte por Negligencia en Fresno | Grossman Law Offices","og_description":"Encuentre un abogado de muerte por negligencia en Fresno y conozca c\u00f3mo Grossman Law Offices ayuda a las familias a buscar justicia, responsabilidad y compensaci\u00f3n justa.Retry","og_url":"https:\/\/grossmanwins.com\/es\/areas-practica\/muerte-negligencia\/","og_site_name":"Grossman Wins","article_modified_time":"2025-11-26T16:16:02+00:00","twitter_card":"summary_large_image","twitter_misc":{"Tiempo de lectura":"1 minuto"},"schema":{"@context":"https:\/\/schema.org","@graph":[{"@type":"WebPage","@id":"https:\/\/grossmanwins.com\/es\/areas-practica\/muerte-negligencia\/","url":"https:\/\/grossmanwins.com\/es\/areas-practica\/muerte-negligencia\/","name":"Abogado de Muerte por Negligencia en Fresno | Grossman Law Offices","isPartOf":{"@id":"https:\/\/grossmanwins.com\/es\/#website"},"datePublished":"2025-05-27T04:59:15+00:00","dateModified":"2025-11-26T16:16:02+00:00","description":"Encuentre un abogado de muerte por negligencia en Fresno y conozca c\u00f3mo Grossman Law Offices ayuda a las familias a buscar justicia, responsabilidad y compensaci\u00f3n justa.Retry","breadcrumb":{"@id":"https:\/\/grossmanwins.com\/es\/areas-practica\/muerte-negligencia\/#breadcrumb"},"inLanguage":"es","potentialAction":[{"@type":"ReadAction","target":["https:\/\/grossmanwins.com\/es\/areas-practica\/muerte-negligencia\/"]}]},{"@type":"BreadcrumbList","@id":"https:\/\/grossmanwins.com\/es\/areas-practica\/muerte-negligencia\/#breadcrumb","itemListElement":[{"@type":"ListItem","position":1,"name":"Home","item":"https:\/\/grossmanwins.com\/es\/"},{"@type":"ListItem","position":2,"name":"areas-practica","item":"https:\/\/grossmanwins.com\/es\/areas-practica\/"},{"@type":"ListItem","position":3,"name":"Muerte por Negligencia"}]},{"@type":"WebSite","@id":"https:\/\/grossmanwins.com\/es\/#website","url":"https:\/\/grossmanwins.com\/es\/","name":"Grossman Wins","description":"","potentialAction":[{"@type":"SearchAction","target":{"@type":"EntryPoint","urlTemplate":"https:\/\/grossmanwins.com\/es\/?s={search_term_string}"},"query-input":{"@type":"PropertyValueSpecification","valueRequired":true,"valueName":"search_term_string"}}],"inLanguage":"es"}]}},"_links":{"self":[{"href":"https:\/\/grossmanwins.com\/es\/wp-json\/wp\/v2\/pages\/1224","targetHints":{"allow":["GET"]}}],"collection":[{"href":"https:\/\/grossmanwins.com\/es\/wp-json\/wp\/v2\/pages"}],"about":[{"href":"https:\/\/grossmanwins.com\/es\/wp-json\/wp\/v2\/types\/page"}],"author":[{"embeddable":true,"href":"https:\/\/grossmanwins.com\/es\/wp-json\/wp\/v2\/users\/11"}],"replies":[{"embeddable":true,"href":"https:\/\/grossmanwins.com\/es\/wp-json\/wp\/v2\/comments?post=1224"}],"version-history":[{"count":0,"href":"https:\/\/grossmanwins.com\/es\/wp-json\/wp\/v2\/pages\/1224\/revisions"}],"up":[{"embeddable":true,"href":"https:\/\/grossmanwins.com\/es\/wp-json\/wp\/v2\/pages\/1272"}],"wp:attachment":[{"href":"https:\/\/grossmanwins.com\/es\/wp-json\/wp\/v2\/media?parent=1224"}],"curies":[{"name":"wp","href":"https:\/\/api.w.org\/{rel}","templated":true}]}}