{"id":1452,"date":"2025-05-13T18:12:39","date_gmt":"2025-05-13T18:12:39","guid":{"rendered":"https:\/\/grossman-wins.local\/lawyer\/"},"modified":"2026-04-16T12:22:33","modified_gmt":"2026-04-16T12:22:33","slug":"abogados","status":"publish","type":"page","link":"https:\/\/grossmanwins.com\/es\/sobre-nosotros\/abogados\/","title":{"rendered":"Abogados"},"content":{"rendered":"<p class=\"blue-title\" style=\"text-align: center;\">Nuestros Abogados<\/p>\n<h1 style=\"text-align: center;\">Conozca a Nuestro Equipo<\/h1>\n<p>Los abogados de Grossman Law Offices en Fresno, California, est\u00e1n comprometidos con ayudar a las v\u00edctimas de accidentes a obtener la compensaci\u00f3n que merecen por sus lesiones. Nuestro bufete de abogados de lesiones personales se ha ganado una reputaci\u00f3n por su \u00e9xito al asumir casos dif\u00edciles y negociar acuerdos justos para nuestros clientes lesionados. Tambi\u00e9n contamos con amplia experiencia ganando casos de lesiones personales en los tribunales de California.<\/p>\n<p>Si ha sufrido una lesi\u00f3n en un accidente causado por la negligencia de otra persona, comun\u00edquese con nuestra oficina de lesiones personales en Fresno para analizar su caso. Todas las consultas son gratuitas y trabajamos con base en honorarios de contingencia. Solo cobramos si su caso se resuelve con \u00e9xito o se gana en los tribunales.<\/p>\n","protected":false},"excerpt":{"rendered":"<p>Nuestros Abogados Conozca a Nuestro Equipo Los abogados de Grossman Law Offices en Fresno, California, est\u00e1n comprometidos con ayudar a las v\u00edctimas de accidentes a obtener la compensaci\u00f3n que merecen por sus lesiones. Nuestro bufete de abogados de lesiones personales se ha ganado una reputaci\u00f3n por su \u00e9xito al asumir casos dif\u00edciles y negociar acuerdos [&hellip;]<\/p>\n","protected":false},"author":11,"featured_media":0,"parent":2376,"menu_order":0,"comment_status":"closed","ping_status":"closed","template":"templates\/lawyer.php","meta":{"_acf_changed":false,"footnotes":""},"class_list":["post-1452","page","type-page","status-publish","hentry"],"acf":[],"yoast_head":"<!-- This site is optimized with the Yoast SEO plugin v27.4 - https:\/\/yoast.com\/product\/yoast-seo-wordpress\/ -->\n<title>Conozca a nuestros abogados en Grossman Law en Fresno<\/title>\n<meta name=\"description\" content=\"Conozca al equipo de abogados profesionales de Grossman Law en Fresno y el Valle Central. Comprometidos con su caso de lesiones personales. Consulta gratuita.\" \/>\n<meta name=\"robots\" content=\"index, follow, max-snippet:-1, max-image-preview:large, max-video-preview:-1\" \/>\n<link rel=\"canonical\" href=\"https:\/\/grossmanwins.com\/es\/sobre-nosotros\/abogados\/\" \/>\n<meta property=\"og:locale\" content=\"es_ES\" \/>\n<meta property=\"og:type\" content=\"article\" \/>\n<meta property=\"og:title\" content=\"Conozca a nuestros abogados en Grossman Law en Fresno\" \/>\n<meta property=\"og:description\" content=\"Conozca al equipo de abogados profesionales de Grossman Law en Fresno y el Valle Central. Comprometidos con su caso de lesiones personales. Consulta gratuita.\" \/>\n<meta property=\"og:url\" content=\"https:\/\/grossmanwins.com\/es\/sobre-nosotros\/abogados\/\" \/>\n<meta property=\"og:site_name\" content=\"Grossman Wins\" \/>\n<meta property=\"article:modified_time\" content=\"2026-04-16T12:22:33+00:00\" \/>\n<meta name=\"twitter:card\" content=\"summary_large_image\" \/>\n<meta name=\"twitter:label1\" content=\"Tiempo de lectura\" \/>\n\t<meta name=\"twitter:data1\" content=\"1 minuto\" \/>\n<script type=\"application\/ld+json\" class=\"yoast-schema-graph\">{\"@context\":\"https:\\\/\\\/schema.org\",\"@graph\":[{\"@type\":\"WebPage\",\"@id\":\"https:\\\/\\\/grossmanwins.com\\\/es\\\/sobre-nosotros\\\/abogados\\\/\",\"url\":\"https:\\\/\\\/grossmanwins.com\\\/es\\\/sobre-nosotros\\\/abogados\\\/\",\"name\":\"Conozca a nuestros abogados en Grossman Law en Fresno\",\"isPartOf\":{\"@id\":\"https:\\\/\\\/grossmanwins.com\\\/es\\\/#website\"},\"datePublished\":\"2025-05-13T18:12:39+00:00\",\"dateModified\":\"2026-04-16T12:22:33+00:00\",\"description\":\"Conozca al equipo de abogados profesionales de Grossman Law en Fresno y el Valle Central. Comprometidos con su caso de lesiones personales. Consulta gratuita.\",\"breadcrumb\":{\"@id\":\"https:\\\/\\\/grossmanwins.com\\\/es\\\/sobre-nosotros\\\/abogados\\\/#breadcrumb\"},\"inLanguage\":\"es\",\"potentialAction\":[{\"@type\":\"ReadAction\",\"target\":[\"https:\\\/\\\/grossmanwins.com\\\/es\\\/sobre-nosotros\\\/abogados\\\/\"]}]},{\"@type\":\"BreadcrumbList\",\"@id\":\"https:\\\/\\\/grossmanwins.com\\\/es\\\/sobre-nosotros\\\/abogados\\\/#breadcrumb\",\"itemListElement\":[{\"@type\":\"ListItem\",\"position\":1,\"name\":\"Home\",\"item\":\"https:\\\/\\\/grossmanwins.com\\\/es\\\/\"},{\"@type\":\"ListItem\",\"position\":2,\"name\":\"Sobre nosotros\",\"item\":\"https:\\\/\\\/grossmanwins.com\\\/es\\\/sobre-nosotros\\\/\"},{\"@type\":\"ListItem\",\"position\":3,\"name\":\"Abogados\"}]},{\"@type\":\"WebSite\",\"@id\":\"https:\\\/\\\/grossmanwins.com\\\/es\\\/#website\",\"url\":\"https:\\\/\\\/grossmanwins.com\\\/es\\\/\",\"name\":\"Grossman Wins\",\"description\":\"\",\"potentialAction\":[{\"@type\":\"SearchAction\",\"target\":{\"@type\":\"EntryPoint\",\"urlTemplate\":\"https:\\\/\\\/grossmanwins.com\\\/es\\\/?s={search_term_string}\"},\"query-input\":{\"@type\":\"PropertyValueSpecification\",\"valueRequired\":true,\"valueName\":\"search_term_string\"}}],\"inLanguage\":\"es\"}]}<\/script>\n<!-- \/ Yoast SEO plugin. -->","yoast_head_json":{"title":"Conozca a nuestros abogados en Grossman Law en Fresno","description":"Conozca al equipo de abogados profesionales de Grossman Law en Fresno y el Valle Central. Comprometidos con su caso de lesiones personales. Consulta gratuita.","robots":{"index":"index","follow":"follow","max-snippet":"max-snippet:-1","max-image-preview":"max-image-preview:large","max-video-preview":"max-video-preview:-1"},"canonical":"https:\/\/grossmanwins.com\/es\/sobre-nosotros\/abogados\/","og_locale":"es_ES","og_type":"article","og_title":"Conozca a nuestros abogados en Grossman Law en Fresno","og_description":"Conozca al equipo de abogados profesionales de Grossman Law en Fresno y el Valle Central. Comprometidos con su caso de lesiones personales. Consulta gratuita.","og_url":"https:\/\/grossmanwins.com\/es\/sobre-nosotros\/abogados\/","og_site_name":"Grossman Wins","article_modified_time":"2026-04-16T12:22:33+00:00","twitter_card":"summary_large_image","twitter_misc":{"Tiempo de lectura":"1 minuto"},"schema":{"@context":"https:\/\/schema.org","@graph":[{"@type":"WebPage","@id":"https:\/\/grossmanwins.com\/es\/sobre-nosotros\/abogados\/","url":"https:\/\/grossmanwins.com\/es\/sobre-nosotros\/abogados\/","name":"Conozca a nuestros abogados en Grossman Law en Fresno","isPartOf":{"@id":"https:\/\/grossmanwins.com\/es\/#website"},"datePublished":"2025-05-13T18:12:39+00:00","dateModified":"2026-04-16T12:22:33+00:00","description":"Conozca al equipo de abogados profesionales de Grossman Law en Fresno y el Valle Central. Comprometidos con su caso de lesiones personales. Consulta gratuita.","breadcrumb":{"@id":"https:\/\/grossmanwins.com\/es\/sobre-nosotros\/abogados\/#breadcrumb"},"inLanguage":"es","potentialAction":[{"@type":"ReadAction","target":["https:\/\/grossmanwins.com\/es\/sobre-nosotros\/abogados\/"]}]},{"@type":"BreadcrumbList","@id":"https:\/\/grossmanwins.com\/es\/sobre-nosotros\/abogados\/#breadcrumb","itemListElement":[{"@type":"ListItem","position":1,"name":"Home","item":"https:\/\/grossmanwins.com\/es\/"},{"@type":"ListItem","position":2,"name":"Sobre nosotros","item":"https:\/\/grossmanwins.com\/es\/sobre-nosotros\/"},{"@type":"ListItem","position":3,"name":"Abogados"}]},{"@type":"WebSite","@id":"https:\/\/grossmanwins.com\/es\/#website","url":"https:\/\/grossmanwins.com\/es\/","name":"Grossman Wins","description":"","potentialAction":[{"@type":"SearchAction","target":{"@type":"EntryPoint","urlTemplate":"https:\/\/grossmanwins.com\/es\/?s={search_term_string}"},"query-input":{"@type":"PropertyValueSpecification","valueRequired":true,"valueName":"search_term_string"}}],"inLanguage":"es"}]}},"_links":{"self":[{"href":"https:\/\/grossmanwins.com\/es\/wp-json\/wp\/v2\/pages\/1452","targetHints":{"allow":["GET"]}}],"collection":[{"href":"https:\/\/grossmanwins.com\/es\/wp-json\/wp\/v2\/pages"}],"about":[{"href":"https:\/\/grossmanwins.com\/es\/wp-json\/wp\/v2\/types\/page"}],"author":[{"embeddable":true,"href":"https:\/\/grossmanwins.com\/es\/wp-json\/wp\/v2\/users\/11"}],"replies":[{"embeddable":true,"href":"https:\/\/grossmanwins.com\/es\/wp-json\/wp\/v2\/comments?post=1452"}],"version-history":[{"count":0,"href":"https:\/\/grossmanwins.com\/es\/wp-json\/wp\/v2\/pages\/1452\/revisions"}],"up":[{"embeddable":true,"href":"https:\/\/grossmanwins.com\/es\/wp-json\/wp\/v2\/pages\/2376"}],"wp:attachment":[{"href":"https:\/\/grossmanwins.com\/es\/wp-json\/wp\/v2\/media?parent=1452"}],"curies":[{"name":"wp","href":"https:\/\/api.w.org\/{rel}","templated":true}]}}