{"id":2682,"date":"2025-10-28T16:11:55","date_gmt":"2025-10-28T16:11:55","guid":{"rendered":"https:\/\/grossmanwins.com\/?page_id=2682"},"modified":"2025-10-28T20:32:07","modified_gmt":"2025-10-28T20:32:07","slug":"accidentes-transporte-compartido","status":"publish","type":"page","link":"https:\/\/grossmanwins.com\/es\/areas-practica\/accidentes-auto\/accidentes-transporte-compartido\/","title":{"rendered":"Accidentes de Transporte Compartido"},"content":{"rendered":"<p class=\"whitespace-normal break-words\">Los servicios de transporte compartido como Uber, Lyft y otras aplicaciones han transformado la manera en que la gente se mueve por Fresno y el Valle Central. Ya sea que vayas al aeropuerto, salgas por la noche, o simplemente necesites un avent\u00f3n por la ciudad, estas aplicaciones ofrecen conveniencia al alcance de tus dedos. Pero los veh\u00edculos de transporte compartido siguen siendo autos en la carretera\u2014y los accidentes ocurren.<\/p>\n<p class=\"whitespace-normal break-words\">Cuando suceden, las consecuencias son mucho m\u00e1s complicadas que un accidente automovil\u00edstico t\u00edpico. \u00bfQui\u00e9n es responsable\u2014el conductor del transporte compartido, la compa\u00f1\u00eda, u otro conductor? \u00bfQu\u00e9 p\u00f3liza de seguro aplica? \u00bfEstaba el conductor conectado a la aplicaci\u00f3n? Estas preguntas pueden determinar si recibes la compensaci\u00f3n que necesitas o si te quedas luchando contra m\u00faltiples compa\u00f1\u00edas de seguros mientras tus gastos m\u00e9dicos se acumulan.<\/p>\n<p class=\"whitespace-normal break-words\">En Grossman Law Offices, hemos pasado m\u00e1s de 50 a\u00f1os ayudando a v\u00edctimas de accidentes en Fresno a navegar reclamos complejos de lesiones. Los accidentes de transporte compartido presentan desaf\u00edos legales y de seguros \u00fanicos, pero sabemos c\u00f3mo cortar la confusi\u00f3n y luchar por la m\u00e1xima compensaci\u00f3n\u2014ya sea que fueras pasajero, conductor de transporte compartido, o te haya chocado un veh\u00edculo de transporte compartido.<\/p>\n","protected":false},"excerpt":{"rendered":"<p>Los servicios de transporte compartido como Uber, Lyft y otras aplicaciones han transformado la manera en que la gente se mueve por Fresno y el Valle Central. Ya sea que vayas al aeropuerto, salgas por la noche, o simplemente necesites un avent\u00f3n por la ciudad, estas aplicaciones ofrecen conveniencia al alcance de tus dedos. Pero [&hellip;]<\/p>\n","protected":false},"author":2,"featured_media":0,"parent":1185,"menu_order":0,"comment_status":"closed","ping_status":"closed","template":"templates\/practice-area.php","meta":{"_acf_changed":false,"footnotes":""},"class_list":["post-2682","page","type-page","status-publish","hentry"],"acf":[],"yoast_head":"<!-- This site is optimized with the Yoast SEO plugin v27.3 - https:\/\/yoast.com\/product\/yoast-seo-wordpress\/ -->\n<title>Abogado de Accidentes de Transporte Compartido Fresno | Grossman Law Offices<\/title>\n<meta name=\"description\" content=\"\u00bfLesionado en un accidente de Uber o Lyft? Nuestros abogados de Fresno pelean contra compa\u00f1\u00edas de seguros por m\u00e1xima compensaci\u00f3n. 50+ a\u00f1os de experiencia.\" \/>\n<meta name=\"robots\" content=\"index, follow, max-snippet:-1, max-image-preview:large, max-video-preview:-1\" \/>\n<link rel=\"canonical\" href=\"https:\/\/grossmanwins.com\/es\/areas-practica\/accidentes-auto\/accidentes-transporte-compartido\/\" \/>\n<meta property=\"og:locale\" content=\"es_ES\" \/>\n<meta property=\"og:type\" content=\"article\" \/>\n<meta property=\"og:title\" content=\"Abogado de Accidentes de Transporte Compartido Fresno | Grossman Law Offices\" \/>\n<meta property=\"og:description\" content=\"\u00bfLesionado en un accidente de Uber o Lyft? Nuestros abogados de Fresno pelean contra compa\u00f1\u00edas de seguros por m\u00e1xima compensaci\u00f3n. 50+ a\u00f1os de experiencia.\" \/>\n<meta property=\"og:url\" content=\"https:\/\/grossmanwins.com\/es\/areas-practica\/accidentes-auto\/accidentes-transporte-compartido\/\" \/>\n<meta property=\"og:site_name\" content=\"Grossman Wins\" \/>\n<meta property=\"article:modified_time\" content=\"2025-10-28T20:32:07+00:00\" \/>\n<meta name=\"twitter:card\" content=\"summary_large_image\" \/>\n<meta name=\"twitter:label1\" content=\"Tiempo de lectura\" \/>\n\t<meta name=\"twitter:data1\" content=\"1 minuto\" \/>\n<script type=\"application\/ld+json\" class=\"yoast-schema-graph\">{\"@context\":\"https:\\\/\\\/schema.org\",\"@graph\":[{\"@type\":\"WebPage\",\"@id\":\"https:\\\/\\\/grossmanwins.com\\\/es\\\/areas-practica\\\/accidentes-auto\\\/accidentes-transporte-compartido\\\/\",\"url\":\"https:\\\/\\\/grossmanwins.com\\\/es\\\/areas-practica\\\/accidentes-auto\\\/accidentes-transporte-compartido\\\/\",\"name\":\"Abogado de Accidentes de Transporte Compartido Fresno | Grossman Law Offices\",\"isPartOf\":{\"@id\":\"https:\\\/\\\/grossmanwins.com\\\/es\\\/#website\"},\"datePublished\":\"2025-10-28T16:11:55+00:00\",\"dateModified\":\"2025-10-28T20:32:07+00:00\",\"description\":\"\u00bfLesionado en un accidente de Uber o Lyft? Nuestros abogados de Fresno pelean contra compa\u00f1\u00edas de seguros por m\u00e1xima compensaci\u00f3n. 50+ a\u00f1os de experiencia.\",\"breadcrumb\":{\"@id\":\"https:\\\/\\\/grossmanwins.com\\\/es\\\/areas-practica\\\/accidentes-auto\\\/accidentes-transporte-compartido\\\/#breadcrumb\"},\"inLanguage\":\"es\",\"potentialAction\":[{\"@type\":\"ReadAction\",\"target\":[\"https:\\\/\\\/grossmanwins.com\\\/es\\\/areas-practica\\\/accidentes-auto\\\/accidentes-transporte-compartido\\\/\"]}]},{\"@type\":\"BreadcrumbList\",\"@id\":\"https:\\\/\\\/grossmanwins.com\\\/es\\\/areas-practica\\\/accidentes-auto\\\/accidentes-transporte-compartido\\\/#breadcrumb\",\"itemListElement\":[{\"@type\":\"ListItem\",\"position\":1,\"name\":\"Home\",\"item\":\"https:\\\/\\\/grossmanwins.com\\\/es\\\/\"},{\"@type\":\"ListItem\",\"position\":2,\"name\":\"areas-practica\",\"item\":\"https:\\\/\\\/grossmanwins.com\\\/es\\\/areas-practica\\\/\"},{\"@type\":\"ListItem\",\"position\":3,\"name\":\"Accidente de Coche\",\"item\":\"https:\\\/\\\/grossmanwins.com\\\/es\\\/areas-practica\\\/accidentes-auto\\\/\"},{\"@type\":\"ListItem\",\"position\":4,\"name\":\"Accidentes de Transporte Compartido\"}]},{\"@type\":\"WebSite\",\"@id\":\"https:\\\/\\\/grossmanwins.com\\\/es\\\/#website\",\"url\":\"https:\\\/\\\/grossmanwins.com\\\/es\\\/\",\"name\":\"Grossman Wins\",\"description\":\"\",\"potentialAction\":[{\"@type\":\"SearchAction\",\"target\":{\"@type\":\"EntryPoint\",\"urlTemplate\":\"https:\\\/\\\/grossmanwins.com\\\/es\\\/?s={search_term_string}\"},\"query-input\":{\"@type\":\"PropertyValueSpecification\",\"valueRequired\":true,\"valueName\":\"search_term_string\"}}],\"inLanguage\":\"es\"}]}<\/script>\n<!-- \/ Yoast SEO plugin. -->","yoast_head_json":{"title":"Abogado de Accidentes de Transporte Compartido Fresno | Grossman Law Offices","description":"\u00bfLesionado en un accidente de Uber o Lyft? Nuestros abogados de Fresno pelean contra compa\u00f1\u00edas de seguros por m\u00e1xima compensaci\u00f3n. 50+ a\u00f1os de experiencia.","robots":{"index":"index","follow":"follow","max-snippet":"max-snippet:-1","max-image-preview":"max-image-preview:large","max-video-preview":"max-video-preview:-1"},"canonical":"https:\/\/grossmanwins.com\/es\/areas-practica\/accidentes-auto\/accidentes-transporte-compartido\/","og_locale":"es_ES","og_type":"article","og_title":"Abogado de Accidentes de Transporte Compartido Fresno | Grossman Law Offices","og_description":"\u00bfLesionado en un accidente de Uber o Lyft? Nuestros abogados de Fresno pelean contra compa\u00f1\u00edas de seguros por m\u00e1xima compensaci\u00f3n. 50+ a\u00f1os de experiencia.","og_url":"https:\/\/grossmanwins.com\/es\/areas-practica\/accidentes-auto\/accidentes-transporte-compartido\/","og_site_name":"Grossman Wins","article_modified_time":"2025-10-28T20:32:07+00:00","twitter_card":"summary_large_image","twitter_misc":{"Tiempo de lectura":"1 minuto"},"schema":{"@context":"https:\/\/schema.org","@graph":[{"@type":"WebPage","@id":"https:\/\/grossmanwins.com\/es\/areas-practica\/accidentes-auto\/accidentes-transporte-compartido\/","url":"https:\/\/grossmanwins.com\/es\/areas-practica\/accidentes-auto\/accidentes-transporte-compartido\/","name":"Abogado de Accidentes de Transporte Compartido Fresno | Grossman Law Offices","isPartOf":{"@id":"https:\/\/grossmanwins.com\/es\/#website"},"datePublished":"2025-10-28T16:11:55+00:00","dateModified":"2025-10-28T20:32:07+00:00","description":"\u00bfLesionado en un accidente de Uber o Lyft? Nuestros abogados de Fresno pelean contra compa\u00f1\u00edas de seguros por m\u00e1xima compensaci\u00f3n. 50+ a\u00f1os de experiencia.","breadcrumb":{"@id":"https:\/\/grossmanwins.com\/es\/areas-practica\/accidentes-auto\/accidentes-transporte-compartido\/#breadcrumb"},"inLanguage":"es","potentialAction":[{"@type":"ReadAction","target":["https:\/\/grossmanwins.com\/es\/areas-practica\/accidentes-auto\/accidentes-transporte-compartido\/"]}]},{"@type":"BreadcrumbList","@id":"https:\/\/grossmanwins.com\/es\/areas-practica\/accidentes-auto\/accidentes-transporte-compartido\/#breadcrumb","itemListElement":[{"@type":"ListItem","position":1,"name":"Home","item":"https:\/\/grossmanwins.com\/es\/"},{"@type":"ListItem","position":2,"name":"areas-practica","item":"https:\/\/grossmanwins.com\/es\/areas-practica\/"},{"@type":"ListItem","position":3,"name":"Accidente de Coche","item":"https:\/\/grossmanwins.com\/es\/areas-practica\/accidentes-auto\/"},{"@type":"ListItem","position":4,"name":"Accidentes de Transporte Compartido"}]},{"@type":"WebSite","@id":"https:\/\/grossmanwins.com\/es\/#website","url":"https:\/\/grossmanwins.com\/es\/","name":"Grossman Wins","description":"","potentialAction":[{"@type":"SearchAction","target":{"@type":"EntryPoint","urlTemplate":"https:\/\/grossmanwins.com\/es\/?s={search_term_string}"},"query-input":{"@type":"PropertyValueSpecification","valueRequired":true,"valueName":"search_term_string"}}],"inLanguage":"es"}]}},"_links":{"self":[{"href":"https:\/\/grossmanwins.com\/es\/wp-json\/wp\/v2\/pages\/2682","targetHints":{"allow":["GET"]}}],"collection":[{"href":"https:\/\/grossmanwins.com\/es\/wp-json\/wp\/v2\/pages"}],"about":[{"href":"https:\/\/grossmanwins.com\/es\/wp-json\/wp\/v2\/types\/page"}],"author":[{"embeddable":true,"href":"https:\/\/grossmanwins.com\/es\/wp-json\/wp\/v2\/users\/2"}],"replies":[{"embeddable":true,"href":"https:\/\/grossmanwins.com\/es\/wp-json\/wp\/v2\/comments?post=2682"}],"version-history":[{"count":0,"href":"https:\/\/grossmanwins.com\/es\/wp-json\/wp\/v2\/pages\/2682\/revisions"}],"up":[{"embeddable":true,"href":"https:\/\/grossmanwins.com\/es\/wp-json\/wp\/v2\/pages\/1185"}],"wp:attachment":[{"href":"https:\/\/grossmanwins.com\/es\/wp-json\/wp\/v2\/media?parent=2682"}],"curies":[{"name":"wp","href":"https:\/\/api.w.org\/{rel}","templated":true}]}}