{"id":2684,"date":"2025-10-28T15:55:10","date_gmt":"2025-10-28T15:55:10","guid":{"rendered":"https:\/\/grossmanwins.com\/?page_id=2684"},"modified":"2025-10-28T20:36:53","modified_gmt":"2025-10-28T20:36:53","slug":"lesiones-paralisis","status":"publish","type":"page","link":"https:\/\/grossmanwins.com\/es\/areas-practica\/accidentes-catastroficos\/lesiones-paralisis\/","title":{"rendered":"Lesiones de Par\u00e1lisis"},"content":{"rendered":"<div>\n<div class=\"grid-cols-1 grid gap-2.5 [&amp;_&gt;_*]:min-w-0\">\n<p class=\"whitespace-normal break-words\">La par\u00e1lisis cambia todo en un instante. Un momento est\u00e1s viviendo tu vida, movi\u00e9ndote libremente, dando por sentado todas las cosas que tu cuerpo puede hacer\u2014y al siguiente, no puedes mover partes de tu cuerpo que siempre han respondido a tus comandos. La p\u00e9rdida de movilidad, independencia y control sobre tu propio cuerpo es devastadora m\u00e1s all\u00e1 de las palabras.<\/p>\n<\/div>\n<\/div>\n<div>\n<div class=\"grid-cols-1 grid gap-2.5 [&amp;_&gt;_*]:min-w-0\">\n<p class=\"whitespace-normal break-words\">Ya sea que hayas perdido movimiento en una extremidad, ambas piernas, o todo tu cuerpo desde el cuello hacia abajo, la par\u00e1lisis afecta cada aspecto de tu existencia. Tareas simples que antes no requer\u00edan ning\u00fan pensamiento\u2014caminar, levantar una taza, vestirse, ir al ba\u00f1o\u2014se vuelven desaf\u00edos o imposibilidades. Las limitaciones f\u00edsicas se agravan con el trauma emocional, y la carga financiera del cuidado de por vida puede ser aplastante.<\/p>\n<\/div>\n<\/div>\n<div>\n<div class=\"grid-cols-1 grid gap-2.5 [&amp;_&gt;_*]:min-w-0\">\n<p class=\"whitespace-normal break-words\">Si t\u00fa o un ser querido ha quedado paralizado debido a la negligencia de otra persona, mereces justicia y los recursos para vivir con dignidad. En Grossman Law Offices, hemos pasado m\u00e1s de 50 a\u00f1os luchando por v\u00edctimas de lesiones catastr\u00f3ficas en Fresno y por toda California. Entendemos que los casos de par\u00e1lisis requieren compensaci\u00f3n sustancial\u2014no solo para las necesidades de hoy, sino para una vida de cuidado especializado. Lucharemos para conseguirte cada d\u00f3lar que mereces.<\/p>\n<\/div>\n<\/div>\n","protected":false},"excerpt":{"rendered":"<p>La par\u00e1lisis cambia todo en un instante. Un momento est\u00e1s viviendo tu vida, movi\u00e9ndote libremente, dando por sentado todas las cosas que tu cuerpo puede hacer\u2014y al siguiente, no puedes mover partes de tu cuerpo que siempre han respondido a tus comandos. La p\u00e9rdida de movilidad, independencia y control sobre tu propio cuerpo es devastadora [&hellip;]<\/p>\n","protected":false},"author":2,"featured_media":0,"parent":1190,"menu_order":0,"comment_status":"closed","ping_status":"closed","template":"templates\/practice-area.php","meta":{"_acf_changed":false,"footnotes":""},"class_list":["post-2684","page","type-page","status-publish","hentry"],"acf":[],"yoast_head":"<!-- This site is optimized with the Yoast SEO plugin v27.3 - https:\/\/yoast.com\/product\/yoast-seo-wordpress\/ -->\n<title>Abogado de Lesiones de Par\u00e1lisis Fresno | Grossman Law Offices<\/title>\n<meta name=\"description\" content=\"\u00bfParalizado en un accidente? Nuestros abogados de Fresno luchan por compensaci\u00f3n de cuidado de por vida para paraplej\u00eda y cuadriplej\u00eda. 50+ a\u00f1os de experiencia.\" \/>\n<meta name=\"robots\" content=\"index, follow, max-snippet:-1, max-image-preview:large, max-video-preview:-1\" \/>\n<link rel=\"canonical\" href=\"https:\/\/grossmanwins.com\/es\/areas-practica\/accidentes-catastroficos\/lesiones-paralisis\/\" \/>\n<meta property=\"og:locale\" content=\"es_ES\" \/>\n<meta property=\"og:type\" content=\"article\" \/>\n<meta property=\"og:title\" content=\"Abogado de Lesiones de Par\u00e1lisis Fresno | Grossman Law Offices\" \/>\n<meta property=\"og:description\" content=\"\u00bfParalizado en un accidente? Nuestros abogados de Fresno luchan por compensaci\u00f3n de cuidado de por vida para paraplej\u00eda y cuadriplej\u00eda. 50+ a\u00f1os de experiencia.\" \/>\n<meta property=\"og:url\" content=\"https:\/\/grossmanwins.com\/es\/areas-practica\/accidentes-catastroficos\/lesiones-paralisis\/\" \/>\n<meta property=\"og:site_name\" content=\"Grossman Wins\" \/>\n<meta property=\"article:modified_time\" content=\"2025-10-28T20:36:53+00:00\" \/>\n<meta name=\"twitter:card\" content=\"summary_large_image\" \/>\n<meta name=\"twitter:label1\" content=\"Tiempo de lectura\" \/>\n\t<meta name=\"twitter:data1\" content=\"1 minuto\" \/>\n<script type=\"application\/ld+json\" class=\"yoast-schema-graph\">{\"@context\":\"https:\\\/\\\/schema.org\",\"@graph\":[{\"@type\":\"WebPage\",\"@id\":\"https:\\\/\\\/grossmanwins.com\\\/es\\\/areas-practica\\\/accidentes-catastroficos\\\/lesiones-paralisis\\\/\",\"url\":\"https:\\\/\\\/grossmanwins.com\\\/es\\\/areas-practica\\\/accidentes-catastroficos\\\/lesiones-paralisis\\\/\",\"name\":\"Abogado de Lesiones de Par\u00e1lisis Fresno | Grossman Law Offices\",\"isPartOf\":{\"@id\":\"https:\\\/\\\/grossmanwins.com\\\/es\\\/#website\"},\"datePublished\":\"2025-10-28T15:55:10+00:00\",\"dateModified\":\"2025-10-28T20:36:53+00:00\",\"description\":\"\u00bfParalizado en un accidente? Nuestros abogados de Fresno luchan por compensaci\u00f3n de cuidado de por vida para paraplej\u00eda y cuadriplej\u00eda. 50+ a\u00f1os de experiencia.\",\"breadcrumb\":{\"@id\":\"https:\\\/\\\/grossmanwins.com\\\/es\\\/areas-practica\\\/accidentes-catastroficos\\\/lesiones-paralisis\\\/#breadcrumb\"},\"inLanguage\":\"es\",\"potentialAction\":[{\"@type\":\"ReadAction\",\"target\":[\"https:\\\/\\\/grossmanwins.com\\\/es\\\/areas-practica\\\/accidentes-catastroficos\\\/lesiones-paralisis\\\/\"]}]},{\"@type\":\"BreadcrumbList\",\"@id\":\"https:\\\/\\\/grossmanwins.com\\\/es\\\/areas-practica\\\/accidentes-catastroficos\\\/lesiones-paralisis\\\/#breadcrumb\",\"itemListElement\":[{\"@type\":\"ListItem\",\"position\":1,\"name\":\"Home\",\"item\":\"https:\\\/\\\/grossmanwins.com\\\/es\\\/\"},{\"@type\":\"ListItem\",\"position\":2,\"name\":\"areas-practica\",\"item\":\"https:\\\/\\\/grossmanwins.com\\\/es\\\/areas-practica\\\/\"},{\"@type\":\"ListItem\",\"position\":3,\"name\":\"Accidentes Catastr\u00f3ficos\",\"item\":\"https:\\\/\\\/grossmanwins.com\\\/es\\\/areas-practica\\\/accidentes-catastroficos\\\/\"},{\"@type\":\"ListItem\",\"position\":4,\"name\":\"Lesiones de Par\u00e1lisis\"}]},{\"@type\":\"WebSite\",\"@id\":\"https:\\\/\\\/grossmanwins.com\\\/es\\\/#website\",\"url\":\"https:\\\/\\\/grossmanwins.com\\\/es\\\/\",\"name\":\"Grossman Wins\",\"description\":\"\",\"potentialAction\":[{\"@type\":\"SearchAction\",\"target\":{\"@type\":\"EntryPoint\",\"urlTemplate\":\"https:\\\/\\\/grossmanwins.com\\\/es\\\/?s={search_term_string}\"},\"query-input\":{\"@type\":\"PropertyValueSpecification\",\"valueRequired\":true,\"valueName\":\"search_term_string\"}}],\"inLanguage\":\"es\"}]}<\/script>\n<!-- \/ Yoast SEO plugin. -->","yoast_head_json":{"title":"Abogado de Lesiones de Par\u00e1lisis Fresno | Grossman Law Offices","description":"\u00bfParalizado en un accidente? Nuestros abogados de Fresno luchan por compensaci\u00f3n de cuidado de por vida para paraplej\u00eda y cuadriplej\u00eda. 50+ a\u00f1os de experiencia.","robots":{"index":"index","follow":"follow","max-snippet":"max-snippet:-1","max-image-preview":"max-image-preview:large","max-video-preview":"max-video-preview:-1"},"canonical":"https:\/\/grossmanwins.com\/es\/areas-practica\/accidentes-catastroficos\/lesiones-paralisis\/","og_locale":"es_ES","og_type":"article","og_title":"Abogado de Lesiones de Par\u00e1lisis Fresno | Grossman Law Offices","og_description":"\u00bfParalizado en un accidente? Nuestros abogados de Fresno luchan por compensaci\u00f3n de cuidado de por vida para paraplej\u00eda y cuadriplej\u00eda. 50+ a\u00f1os de experiencia.","og_url":"https:\/\/grossmanwins.com\/es\/areas-practica\/accidentes-catastroficos\/lesiones-paralisis\/","og_site_name":"Grossman Wins","article_modified_time":"2025-10-28T20:36:53+00:00","twitter_card":"summary_large_image","twitter_misc":{"Tiempo de lectura":"1 minuto"},"schema":{"@context":"https:\/\/schema.org","@graph":[{"@type":"WebPage","@id":"https:\/\/grossmanwins.com\/es\/areas-practica\/accidentes-catastroficos\/lesiones-paralisis\/","url":"https:\/\/grossmanwins.com\/es\/areas-practica\/accidentes-catastroficos\/lesiones-paralisis\/","name":"Abogado de Lesiones de Par\u00e1lisis Fresno | Grossman Law Offices","isPartOf":{"@id":"https:\/\/grossmanwins.com\/es\/#website"},"datePublished":"2025-10-28T15:55:10+00:00","dateModified":"2025-10-28T20:36:53+00:00","description":"\u00bfParalizado en un accidente? Nuestros abogados de Fresno luchan por compensaci\u00f3n de cuidado de por vida para paraplej\u00eda y cuadriplej\u00eda. 50+ a\u00f1os de experiencia.","breadcrumb":{"@id":"https:\/\/grossmanwins.com\/es\/areas-practica\/accidentes-catastroficos\/lesiones-paralisis\/#breadcrumb"},"inLanguage":"es","potentialAction":[{"@type":"ReadAction","target":["https:\/\/grossmanwins.com\/es\/areas-practica\/accidentes-catastroficos\/lesiones-paralisis\/"]}]},{"@type":"BreadcrumbList","@id":"https:\/\/grossmanwins.com\/es\/areas-practica\/accidentes-catastroficos\/lesiones-paralisis\/#breadcrumb","itemListElement":[{"@type":"ListItem","position":1,"name":"Home","item":"https:\/\/grossmanwins.com\/es\/"},{"@type":"ListItem","position":2,"name":"areas-practica","item":"https:\/\/grossmanwins.com\/es\/areas-practica\/"},{"@type":"ListItem","position":3,"name":"Accidentes Catastr\u00f3ficos","item":"https:\/\/grossmanwins.com\/es\/areas-practica\/accidentes-catastroficos\/"},{"@type":"ListItem","position":4,"name":"Lesiones de Par\u00e1lisis"}]},{"@type":"WebSite","@id":"https:\/\/grossmanwins.com\/es\/#website","url":"https:\/\/grossmanwins.com\/es\/","name":"Grossman Wins","description":"","potentialAction":[{"@type":"SearchAction","target":{"@type":"EntryPoint","urlTemplate":"https:\/\/grossmanwins.com\/es\/?s={search_term_string}"},"query-input":{"@type":"PropertyValueSpecification","valueRequired":true,"valueName":"search_term_string"}}],"inLanguage":"es"}]}},"_links":{"self":[{"href":"https:\/\/grossmanwins.com\/es\/wp-json\/wp\/v2\/pages\/2684","targetHints":{"allow":["GET"]}}],"collection":[{"href":"https:\/\/grossmanwins.com\/es\/wp-json\/wp\/v2\/pages"}],"about":[{"href":"https:\/\/grossmanwins.com\/es\/wp-json\/wp\/v2\/types\/page"}],"author":[{"embeddable":true,"href":"https:\/\/grossmanwins.com\/es\/wp-json\/wp\/v2\/users\/2"}],"replies":[{"embeddable":true,"href":"https:\/\/grossmanwins.com\/es\/wp-json\/wp\/v2\/comments?post=2684"}],"version-history":[{"count":0,"href":"https:\/\/grossmanwins.com\/es\/wp-json\/wp\/v2\/pages\/2684\/revisions"}],"up":[{"embeddable":true,"href":"https:\/\/grossmanwins.com\/es\/wp-json\/wp\/v2\/pages\/1190"}],"wp:attachment":[{"href":"https:\/\/grossmanwins.com\/es\/wp-json\/wp\/v2\/media?parent=2684"}],"curies":[{"name":"wp","href":"https:\/\/api.w.org\/{rel}","templated":true}]}}