{"id":2685,"date":"2025-10-27T20:35:34","date_gmt":"2025-10-27T20:35:34","guid":{"rendered":"https:\/\/grossmanwins.com\/?page_id=2685"},"modified":"2026-01-28T02:54:55","modified_gmt":"2026-01-28T02:54:55","slug":"lesiones-quemaduras","status":"publish","type":"page","link":"https:\/\/grossmanwins.com\/es\/areas-practica\/accidentes-catastroficos\/lesiones-quemaduras\/","title":{"rendered":"Lesiones por Quemaduras"},"content":{"rendered":"<div class=\"grid-cols-1 grid gap-2.5 [&amp;_&gt;_*]:min-w-0\">\n<p><span style=\"font-weight: 400;\">Una quemadura grave puede cambiar tu vida en cuesti\u00f3n de segundos. Entre el dolor f\u00edsico, el trauma emocional y el largo proceso de recuperaci\u00f3n, todo se siente m\u00e1s pesado. Si tu lesi\u00f3n fue causada por el descuido de alguien m\u00e1s, un abogado especializado en lesiones por quemaduras puede ayudarte a responsabilizar a la parte culpable y buscar el apoyo financiero que necesitas para reconstruir tu vida.<\/span><\/p>\n<p><span style=\"font-weight: 400;\">En Grossman Law Offices, hemos pasado d\u00e9cadas defendiendo a californianos que han sufrido lesiones catastr\u00f3ficas, incluyendo quemaduras graves. Nuestro equipo aborda cada caso con enfoque, urgencia y compasi\u00f3n, porque entendemos que las v\u00edctimas de quemaduras frecuentemente enfrentan mucho m\u00e1s que solo facturas del hospital. Enfrentan meses de tratamiento, trabajo perdido, cicatrices permanentes y un futuro que de repente se ve muy diferente.<\/span><\/p>\n<p><span style=\"font-weight: 400;\">Estamos aqu\u00ed para guiarte a trav\u00e9s de ese proceso y luchar por el resultado que mereces.<\/span><\/p>\n<\/div>\n","protected":false},"excerpt":{"rendered":"<p>Una quemadura grave puede cambiar tu vida en cuesti\u00f3n de segundos. Entre el dolor f\u00edsico, el trauma emocional y el largo proceso de recuperaci\u00f3n, todo se siente m\u00e1s pesado. Si tu lesi\u00f3n fue causada por el descuido de alguien m\u00e1s, un abogado especializado en lesiones por quemaduras puede ayudarte a responsabilizar a la parte culpable [&hellip;]<\/p>\n","protected":false},"author":2,"featured_media":0,"parent":1190,"menu_order":0,"comment_status":"closed","ping_status":"closed","template":"templates\/practice-area.php","meta":{"_acf_changed":false,"footnotes":""},"class_list":["post-2685","page","type-page","status-publish","hentry"],"acf":[],"yoast_head":"<!-- This site is optimized with the Yoast SEO plugin v27.4 - https:\/\/yoast.com\/product\/yoast-seo-wordpress\/ -->\n<title>Abogado de Lesiones por Quemaduras Fresno | Grossman Law Offices<\/title>\n<meta name=\"description\" content=\"\u00bfLesi\u00f3n catastr\u00f3fica por quemadura? Nuestros abogados de Fresno luchan por m\u00e1xima compensaci\u00f3n para cuidado de por vida y cicatrices. 50+ a\u00f1os de experiencia.\" \/>\n<meta name=\"robots\" content=\"index, follow, max-snippet:-1, max-image-preview:large, max-video-preview:-1\" \/>\n<link rel=\"canonical\" href=\"https:\/\/grossmanwins.com\/es\/areas-practica\/accidentes-catastroficos\/lesiones-quemaduras\/\" \/>\n<meta property=\"og:locale\" content=\"es_ES\" \/>\n<meta property=\"og:type\" content=\"article\" \/>\n<meta property=\"og:title\" content=\"Abogado de Lesiones por Quemaduras Fresno | Grossman Law Offices\" \/>\n<meta property=\"og:description\" content=\"\u00bfLesi\u00f3n catastr\u00f3fica por quemadura? Nuestros abogados de Fresno luchan por m\u00e1xima compensaci\u00f3n para cuidado de por vida y cicatrices. 50+ a\u00f1os de experiencia.\" \/>\n<meta property=\"og:url\" content=\"https:\/\/grossmanwins.com\/es\/areas-practica\/accidentes-catastroficos\/lesiones-quemaduras\/\" \/>\n<meta property=\"og:site_name\" content=\"Grossman Wins\" \/>\n<meta property=\"article:modified_time\" content=\"2026-01-28T02:54:55+00:00\" \/>\n<meta name=\"twitter:card\" content=\"summary_large_image\" \/>\n<meta name=\"twitter:label1\" content=\"Tiempo de lectura\" \/>\n\t<meta name=\"twitter:data1\" content=\"1 minuto\" \/>\n<script type=\"application\/ld+json\" class=\"yoast-schema-graph\">{\"@context\":\"https:\\\/\\\/schema.org\",\"@graph\":[{\"@type\":\"WebPage\",\"@id\":\"https:\\\/\\\/grossmanwins.com\\\/es\\\/areas-practica\\\/accidentes-catastroficos\\\/lesiones-quemaduras\\\/\",\"url\":\"https:\\\/\\\/grossmanwins.com\\\/es\\\/areas-practica\\\/accidentes-catastroficos\\\/lesiones-quemaduras\\\/\",\"name\":\"Abogado de Lesiones por Quemaduras Fresno | Grossman Law Offices\",\"isPartOf\":{\"@id\":\"https:\\\/\\\/grossmanwins.com\\\/es\\\/#website\"},\"datePublished\":\"2025-10-27T20:35:34+00:00\",\"dateModified\":\"2026-01-28T02:54:55+00:00\",\"description\":\"\u00bfLesi\u00f3n catastr\u00f3fica por quemadura? Nuestros abogados de Fresno luchan por m\u00e1xima compensaci\u00f3n para cuidado de por vida y cicatrices. 50+ a\u00f1os de experiencia.\",\"breadcrumb\":{\"@id\":\"https:\\\/\\\/grossmanwins.com\\\/es\\\/areas-practica\\\/accidentes-catastroficos\\\/lesiones-quemaduras\\\/#breadcrumb\"},\"inLanguage\":\"es\",\"potentialAction\":[{\"@type\":\"ReadAction\",\"target\":[\"https:\\\/\\\/grossmanwins.com\\\/es\\\/areas-practica\\\/accidentes-catastroficos\\\/lesiones-quemaduras\\\/\"]}]},{\"@type\":\"BreadcrumbList\",\"@id\":\"https:\\\/\\\/grossmanwins.com\\\/es\\\/areas-practica\\\/accidentes-catastroficos\\\/lesiones-quemaduras\\\/#breadcrumb\",\"itemListElement\":[{\"@type\":\"ListItem\",\"position\":1,\"name\":\"Home\",\"item\":\"https:\\\/\\\/grossmanwins.com\\\/es\\\/\"},{\"@type\":\"ListItem\",\"position\":2,\"name\":\"areas-practica\",\"item\":\"https:\\\/\\\/grossmanwins.com\\\/es\\\/areas-practica\\\/\"},{\"@type\":\"ListItem\",\"position\":3,\"name\":\"Accidentes Catastr\u00f3ficos\",\"item\":\"https:\\\/\\\/grossmanwins.com\\\/es\\\/areas-practica\\\/accidentes-catastroficos\\\/\"},{\"@type\":\"ListItem\",\"position\":4,\"name\":\"Lesiones por Quemaduras\"}]},{\"@type\":\"WebSite\",\"@id\":\"https:\\\/\\\/grossmanwins.com\\\/es\\\/#website\",\"url\":\"https:\\\/\\\/grossmanwins.com\\\/es\\\/\",\"name\":\"Grossman Wins\",\"description\":\"\",\"potentialAction\":[{\"@type\":\"SearchAction\",\"target\":{\"@type\":\"EntryPoint\",\"urlTemplate\":\"https:\\\/\\\/grossmanwins.com\\\/es\\\/?s={search_term_string}\"},\"query-input\":{\"@type\":\"PropertyValueSpecification\",\"valueRequired\":true,\"valueName\":\"search_term_string\"}}],\"inLanguage\":\"es\"}]}<\/script>\n<!-- \/ Yoast SEO plugin. -->","yoast_head_json":{"title":"Abogado de Lesiones por Quemaduras Fresno | Grossman Law Offices","description":"\u00bfLesi\u00f3n catastr\u00f3fica por quemadura? Nuestros abogados de Fresno luchan por m\u00e1xima compensaci\u00f3n para cuidado de por vida y cicatrices. 50+ a\u00f1os de experiencia.","robots":{"index":"index","follow":"follow","max-snippet":"max-snippet:-1","max-image-preview":"max-image-preview:large","max-video-preview":"max-video-preview:-1"},"canonical":"https:\/\/grossmanwins.com\/es\/areas-practica\/accidentes-catastroficos\/lesiones-quemaduras\/","og_locale":"es_ES","og_type":"article","og_title":"Abogado de Lesiones por Quemaduras Fresno | Grossman Law Offices","og_description":"\u00bfLesi\u00f3n catastr\u00f3fica por quemadura? Nuestros abogados de Fresno luchan por m\u00e1xima compensaci\u00f3n para cuidado de por vida y cicatrices. 50+ a\u00f1os de experiencia.","og_url":"https:\/\/grossmanwins.com\/es\/areas-practica\/accidentes-catastroficos\/lesiones-quemaduras\/","og_site_name":"Grossman Wins","article_modified_time":"2026-01-28T02:54:55+00:00","twitter_card":"summary_large_image","twitter_misc":{"Tiempo de lectura":"1 minuto"},"schema":{"@context":"https:\/\/schema.org","@graph":[{"@type":"WebPage","@id":"https:\/\/grossmanwins.com\/es\/areas-practica\/accidentes-catastroficos\/lesiones-quemaduras\/","url":"https:\/\/grossmanwins.com\/es\/areas-practica\/accidentes-catastroficos\/lesiones-quemaduras\/","name":"Abogado de Lesiones por Quemaduras Fresno | Grossman Law Offices","isPartOf":{"@id":"https:\/\/grossmanwins.com\/es\/#website"},"datePublished":"2025-10-27T20:35:34+00:00","dateModified":"2026-01-28T02:54:55+00:00","description":"\u00bfLesi\u00f3n catastr\u00f3fica por quemadura? Nuestros abogados de Fresno luchan por m\u00e1xima compensaci\u00f3n para cuidado de por vida y cicatrices. 50+ a\u00f1os de experiencia.","breadcrumb":{"@id":"https:\/\/grossmanwins.com\/es\/areas-practica\/accidentes-catastroficos\/lesiones-quemaduras\/#breadcrumb"},"inLanguage":"es","potentialAction":[{"@type":"ReadAction","target":["https:\/\/grossmanwins.com\/es\/areas-practica\/accidentes-catastroficos\/lesiones-quemaduras\/"]}]},{"@type":"BreadcrumbList","@id":"https:\/\/grossmanwins.com\/es\/areas-practica\/accidentes-catastroficos\/lesiones-quemaduras\/#breadcrumb","itemListElement":[{"@type":"ListItem","position":1,"name":"Home","item":"https:\/\/grossmanwins.com\/es\/"},{"@type":"ListItem","position":2,"name":"areas-practica","item":"https:\/\/grossmanwins.com\/es\/areas-practica\/"},{"@type":"ListItem","position":3,"name":"Accidentes Catastr\u00f3ficos","item":"https:\/\/grossmanwins.com\/es\/areas-practica\/accidentes-catastroficos\/"},{"@type":"ListItem","position":4,"name":"Lesiones por Quemaduras"}]},{"@type":"WebSite","@id":"https:\/\/grossmanwins.com\/es\/#website","url":"https:\/\/grossmanwins.com\/es\/","name":"Grossman Wins","description":"","potentialAction":[{"@type":"SearchAction","target":{"@type":"EntryPoint","urlTemplate":"https:\/\/grossmanwins.com\/es\/?s={search_term_string}"},"query-input":{"@type":"PropertyValueSpecification","valueRequired":true,"valueName":"search_term_string"}}],"inLanguage":"es"}]}},"_links":{"self":[{"href":"https:\/\/grossmanwins.com\/es\/wp-json\/wp\/v2\/pages\/2685","targetHints":{"allow":["GET"]}}],"collection":[{"href":"https:\/\/grossmanwins.com\/es\/wp-json\/wp\/v2\/pages"}],"about":[{"href":"https:\/\/grossmanwins.com\/es\/wp-json\/wp\/v2\/types\/page"}],"author":[{"embeddable":true,"href":"https:\/\/grossmanwins.com\/es\/wp-json\/wp\/v2\/users\/2"}],"replies":[{"embeddable":true,"href":"https:\/\/grossmanwins.com\/es\/wp-json\/wp\/v2\/comments?post=2685"}],"version-history":[{"count":0,"href":"https:\/\/grossmanwins.com\/es\/wp-json\/wp\/v2\/pages\/2685\/revisions"}],"up":[{"embeddable":true,"href":"https:\/\/grossmanwins.com\/es\/wp-json\/wp\/v2\/pages\/1190"}],"wp:attachment":[{"href":"https:\/\/grossmanwins.com\/es\/wp-json\/wp\/v2\/media?parent=2685"}],"curies":[{"name":"wp","href":"https:\/\/api.w.org\/{rel}","templated":true}]}}