{"id":2687,"date":"2025-10-27T20:00:01","date_gmt":"2025-10-27T20:00:01","guid":{"rendered":"https:\/\/grossmanwins.com\/?page_id=2687"},"modified":"2025-10-28T20:59:44","modified_gmt":"2025-10-28T20:59:44","slug":"lesiones-cerebrales-traumaticas-lesiones-cabeza","status":"publish","type":"page","link":"https:\/\/grossmanwins.com\/es\/areas-practica\/accidentes-catastroficos\/lesiones-cerebrales-traumaticas-lesiones-cabeza\/","title":{"rendered":"Lesiones Cerebrales Traum\u00e1ticas y Lesiones de Cabeza"},"content":{"rendered":"<div>\n<div class=\"grid-cols-1 grid gap-2.5 [&amp;_&gt;_*]:min-w-0\">\n<p class=\"whitespace-normal break-words\">Un golpe a la cabeza puede ocurrir en una fracci\u00f3n de segundo\u2014pero las consecuencias pueden durar toda una vida. Las lesiones cerebrales son invisibles para otros pero devastadoramente reales para quienes las sufren. Podr\u00edas sentirte bien al principio, solo para desarrollar s\u00edntomas potencialmente mortales horas o d\u00edas despu\u00e9s. Lo que comienza como un golpe aparentemente menor puede convertirse en da\u00f1o cerebral catastr\u00f3fico que altera permanentemente qui\u00e9n eres.<\/p>\n<\/div>\n<\/div>\n<div>\n<div class=\"grid-cols-1 grid gap-2.5 [&amp;_&gt;_*]:min-w-0\">\n<p class=\"whitespace-normal break-words\">Ya sea que est\u00e9s lidiando con una conmoci\u00f3n cerebral, fractura de cr\u00e1neo o lesi\u00f3n cerebral traum\u00e1tica grave, el impacto en tu vida puede ser profundo. P\u00e9rdida de memoria, dolores de cabeza debilitantes, cambios de personalidad e incertidumbre sobre si alguna vez te sentir\u00e1s como t\u00fa mismo nuevamente\u2014estas son las realidades diarias para las v\u00edctimas de lesiones cerebrales. Las facturas m\u00e9dicas se acumulan r\u00e1pidamente, puedes ser incapaz de trabajar, y las compa\u00f1\u00edas de seguros a menudo minimizan la severidad de tu lesi\u00f3n.<\/p>\n<\/div>\n<\/div>\n<div>\n<div class=\"grid-cols-1 grid gap-2.5 [&amp;_&gt;_*]:min-w-0\">\n<p class=\"whitespace-normal break-words\">En Grossman Law Offices, hemos pasado m\u00e1s de 50 a\u00f1os luchando por v\u00edctimas de lesiones cerebrales en Fresno y por toda California. Entendemos las complejidades m\u00e9dicas de estos casos y trabajamos con neur\u00f3logos l\u00edderes y expertos para probar el alcance completo de tu lesi\u00f3n y asegurar la compensaci\u00f3n comprensiva que necesitas\u2014no solo para hoy, sino para el cuidado y apoyo a largo plazo que tu recuperaci\u00f3n demanda.<\/p>\n<\/div>\n<\/div>\n","protected":false},"excerpt":{"rendered":"<p>Un golpe a la cabeza puede ocurrir en una fracci\u00f3n de segundo\u2014pero las consecuencias pueden durar toda una vida. Las lesiones cerebrales son invisibles para otros pero devastadoramente reales para quienes las sufren. Podr\u00edas sentirte bien al principio, solo para desarrollar s\u00edntomas potencialmente mortales horas o d\u00edas despu\u00e9s. Lo que comienza como un golpe aparentemente [&hellip;]<\/p>\n","protected":false},"author":2,"featured_media":0,"parent":1190,"menu_order":0,"comment_status":"closed","ping_status":"closed","template":"templates\/practice-area.php","meta":{"_acf_changed":false,"footnotes":""},"class_list":["post-2687","page","type-page","status-publish","hentry"],"acf":[],"yoast_head":"<!-- This site is optimized with the Yoast SEO plugin v27.4 - https:\/\/yoast.com\/product\/yoast-seo-wordpress\/ -->\n<title>Abogado de Lesiones Cerebrales Fresno | Grossman Law Offices<\/title>\n<meta name=\"description\" content=\"\u00bfSufriste lesi\u00f3n cerebral, conmoci\u00f3n o fractura de cr\u00e1neo? Nuestros abogados de LCT de Fresno luchan por m\u00e1xima compensaci\u00f3n para cuidado a largo plazo. Consulta gratis 24\/7.\" \/>\n<meta name=\"robots\" content=\"index, follow, max-snippet:-1, max-image-preview:large, max-video-preview:-1\" \/>\n<link rel=\"canonical\" href=\"https:\/\/grossmanwins.com\/es\/areas-practica\/accidentes-catastroficos\/lesiones-cerebrales-traumaticas-lesiones-cabeza\/\" \/>\n<meta property=\"og:locale\" content=\"es_ES\" \/>\n<meta property=\"og:type\" content=\"article\" \/>\n<meta property=\"og:title\" content=\"Abogado de Lesiones Cerebrales Fresno | Grossman Law Offices\" \/>\n<meta property=\"og:description\" content=\"\u00bfSufriste lesi\u00f3n cerebral, conmoci\u00f3n o fractura de cr\u00e1neo? Nuestros abogados de LCT de Fresno luchan por m\u00e1xima compensaci\u00f3n para cuidado a largo plazo. Consulta gratis 24\/7.\" \/>\n<meta property=\"og:url\" content=\"https:\/\/grossmanwins.com\/es\/areas-practica\/accidentes-catastroficos\/lesiones-cerebrales-traumaticas-lesiones-cabeza\/\" \/>\n<meta property=\"og:site_name\" content=\"Grossman Wins\" \/>\n<meta property=\"article:modified_time\" content=\"2025-10-28T20:59:44+00:00\" \/>\n<meta name=\"twitter:card\" content=\"summary_large_image\" \/>\n<meta name=\"twitter:label1\" content=\"Tiempo de lectura\" \/>\n\t<meta name=\"twitter:data1\" content=\"1 minuto\" \/>\n<script type=\"application\/ld+json\" class=\"yoast-schema-graph\">{\"@context\":\"https:\\\/\\\/schema.org\",\"@graph\":[{\"@type\":\"WebPage\",\"@id\":\"https:\\\/\\\/grossmanwins.com\\\/es\\\/areas-practica\\\/accidentes-catastroficos\\\/lesiones-cerebrales-traumaticas-lesiones-cabeza\\\/\",\"url\":\"https:\\\/\\\/grossmanwins.com\\\/es\\\/areas-practica\\\/accidentes-catastroficos\\\/lesiones-cerebrales-traumaticas-lesiones-cabeza\\\/\",\"name\":\"Abogado de Lesiones Cerebrales Fresno | Grossman Law Offices\",\"isPartOf\":{\"@id\":\"https:\\\/\\\/grossmanwins.com\\\/es\\\/#website\"},\"datePublished\":\"2025-10-27T20:00:01+00:00\",\"dateModified\":\"2025-10-28T20:59:44+00:00\",\"description\":\"\u00bfSufriste lesi\u00f3n cerebral, conmoci\u00f3n o fractura de cr\u00e1neo? Nuestros abogados de LCT de Fresno luchan por m\u00e1xima compensaci\u00f3n para cuidado a largo plazo. Consulta gratis 24\\\/7.\",\"breadcrumb\":{\"@id\":\"https:\\\/\\\/grossmanwins.com\\\/es\\\/areas-practica\\\/accidentes-catastroficos\\\/lesiones-cerebrales-traumaticas-lesiones-cabeza\\\/#breadcrumb\"},\"inLanguage\":\"es\",\"potentialAction\":[{\"@type\":\"ReadAction\",\"target\":[\"https:\\\/\\\/grossmanwins.com\\\/es\\\/areas-practica\\\/accidentes-catastroficos\\\/lesiones-cerebrales-traumaticas-lesiones-cabeza\\\/\"]}]},{\"@type\":\"BreadcrumbList\",\"@id\":\"https:\\\/\\\/grossmanwins.com\\\/es\\\/areas-practica\\\/accidentes-catastroficos\\\/lesiones-cerebrales-traumaticas-lesiones-cabeza\\\/#breadcrumb\",\"itemListElement\":[{\"@type\":\"ListItem\",\"position\":1,\"name\":\"Home\",\"item\":\"https:\\\/\\\/grossmanwins.com\\\/es\\\/\"},{\"@type\":\"ListItem\",\"position\":2,\"name\":\"areas-practica\",\"item\":\"https:\\\/\\\/grossmanwins.com\\\/es\\\/areas-practica\\\/\"},{\"@type\":\"ListItem\",\"position\":3,\"name\":\"Accidentes Catastr\u00f3ficos\",\"item\":\"https:\\\/\\\/grossmanwins.com\\\/es\\\/areas-practica\\\/accidentes-catastroficos\\\/\"},{\"@type\":\"ListItem\",\"position\":4,\"name\":\"Lesiones Cerebrales Traum\u00e1ticas y Lesiones de Cabeza\"}]},{\"@type\":\"WebSite\",\"@id\":\"https:\\\/\\\/grossmanwins.com\\\/es\\\/#website\",\"url\":\"https:\\\/\\\/grossmanwins.com\\\/es\\\/\",\"name\":\"Grossman Wins\",\"description\":\"\",\"potentialAction\":[{\"@type\":\"SearchAction\",\"target\":{\"@type\":\"EntryPoint\",\"urlTemplate\":\"https:\\\/\\\/grossmanwins.com\\\/es\\\/?s={search_term_string}\"},\"query-input\":{\"@type\":\"PropertyValueSpecification\",\"valueRequired\":true,\"valueName\":\"search_term_string\"}}],\"inLanguage\":\"es\"}]}<\/script>\n<!-- \/ Yoast SEO plugin. -->","yoast_head_json":{"title":"Abogado de Lesiones Cerebrales Fresno | Grossman Law Offices","description":"\u00bfSufriste lesi\u00f3n cerebral, conmoci\u00f3n o fractura de cr\u00e1neo? Nuestros abogados de LCT de Fresno luchan por m\u00e1xima compensaci\u00f3n para cuidado a largo plazo. Consulta gratis 24\/7.","robots":{"index":"index","follow":"follow","max-snippet":"max-snippet:-1","max-image-preview":"max-image-preview:large","max-video-preview":"max-video-preview:-1"},"canonical":"https:\/\/grossmanwins.com\/es\/areas-practica\/accidentes-catastroficos\/lesiones-cerebrales-traumaticas-lesiones-cabeza\/","og_locale":"es_ES","og_type":"article","og_title":"Abogado de Lesiones Cerebrales Fresno | Grossman Law Offices","og_description":"\u00bfSufriste lesi\u00f3n cerebral, conmoci\u00f3n o fractura de cr\u00e1neo? Nuestros abogados de LCT de Fresno luchan por m\u00e1xima compensaci\u00f3n para cuidado a largo plazo. Consulta gratis 24\/7.","og_url":"https:\/\/grossmanwins.com\/es\/areas-practica\/accidentes-catastroficos\/lesiones-cerebrales-traumaticas-lesiones-cabeza\/","og_site_name":"Grossman Wins","article_modified_time":"2025-10-28T20:59:44+00:00","twitter_card":"summary_large_image","twitter_misc":{"Tiempo de lectura":"1 minuto"},"schema":{"@context":"https:\/\/schema.org","@graph":[{"@type":"WebPage","@id":"https:\/\/grossmanwins.com\/es\/areas-practica\/accidentes-catastroficos\/lesiones-cerebrales-traumaticas-lesiones-cabeza\/","url":"https:\/\/grossmanwins.com\/es\/areas-practica\/accidentes-catastroficos\/lesiones-cerebrales-traumaticas-lesiones-cabeza\/","name":"Abogado de Lesiones Cerebrales Fresno | Grossman Law Offices","isPartOf":{"@id":"https:\/\/grossmanwins.com\/es\/#website"},"datePublished":"2025-10-27T20:00:01+00:00","dateModified":"2025-10-28T20:59:44+00:00","description":"\u00bfSufriste lesi\u00f3n cerebral, conmoci\u00f3n o fractura de cr\u00e1neo? Nuestros abogados de LCT de Fresno luchan por m\u00e1xima compensaci\u00f3n para cuidado a largo plazo. Consulta gratis 24\/7.","breadcrumb":{"@id":"https:\/\/grossmanwins.com\/es\/areas-practica\/accidentes-catastroficos\/lesiones-cerebrales-traumaticas-lesiones-cabeza\/#breadcrumb"},"inLanguage":"es","potentialAction":[{"@type":"ReadAction","target":["https:\/\/grossmanwins.com\/es\/areas-practica\/accidentes-catastroficos\/lesiones-cerebrales-traumaticas-lesiones-cabeza\/"]}]},{"@type":"BreadcrumbList","@id":"https:\/\/grossmanwins.com\/es\/areas-practica\/accidentes-catastroficos\/lesiones-cerebrales-traumaticas-lesiones-cabeza\/#breadcrumb","itemListElement":[{"@type":"ListItem","position":1,"name":"Home","item":"https:\/\/grossmanwins.com\/es\/"},{"@type":"ListItem","position":2,"name":"areas-practica","item":"https:\/\/grossmanwins.com\/es\/areas-practica\/"},{"@type":"ListItem","position":3,"name":"Accidentes Catastr\u00f3ficos","item":"https:\/\/grossmanwins.com\/es\/areas-practica\/accidentes-catastroficos\/"},{"@type":"ListItem","position":4,"name":"Lesiones Cerebrales Traum\u00e1ticas y Lesiones de Cabeza"}]},{"@type":"WebSite","@id":"https:\/\/grossmanwins.com\/es\/#website","url":"https:\/\/grossmanwins.com\/es\/","name":"Grossman Wins","description":"","potentialAction":[{"@type":"SearchAction","target":{"@type":"EntryPoint","urlTemplate":"https:\/\/grossmanwins.com\/es\/?s={search_term_string}"},"query-input":{"@type":"PropertyValueSpecification","valueRequired":true,"valueName":"search_term_string"}}],"inLanguage":"es"}]}},"_links":{"self":[{"href":"https:\/\/grossmanwins.com\/es\/wp-json\/wp\/v2\/pages\/2687","targetHints":{"allow":["GET"]}}],"collection":[{"href":"https:\/\/grossmanwins.com\/es\/wp-json\/wp\/v2\/pages"}],"about":[{"href":"https:\/\/grossmanwins.com\/es\/wp-json\/wp\/v2\/types\/page"}],"author":[{"embeddable":true,"href":"https:\/\/grossmanwins.com\/es\/wp-json\/wp\/v2\/users\/2"}],"replies":[{"embeddable":true,"href":"https:\/\/grossmanwins.com\/es\/wp-json\/wp\/v2\/comments?post=2687"}],"version-history":[{"count":0,"href":"https:\/\/grossmanwins.com\/es\/wp-json\/wp\/v2\/pages\/2687\/revisions"}],"up":[{"embeddable":true,"href":"https:\/\/grossmanwins.com\/es\/wp-json\/wp\/v2\/pages\/1190"}],"wp:attachment":[{"href":"https:\/\/grossmanwins.com\/es\/wp-json\/wp\/v2\/media?parent=2687"}],"curies":[{"name":"wp","href":"https:\/\/api.w.org\/{rel}","templated":true}]}}