{"id":2704,"date":"2025-02-06T14:50:37","date_gmt":"2025-02-06T14:50:37","guid":{"rendered":"https:\/\/grossmanwins.com\/?page_id=2704"},"modified":"2025-11-25T17:11:07","modified_gmt":"2025-11-25T17:11:07","slug":"abogado-de-lesiones-personales","status":"publish","type":"page","link":"https:\/\/grossmanwins.com\/es\/lp\/abogado-de-lesiones-personales\/","title":{"rendered":"abogado-de-lesiones-personales"},"content":{"rendered":"\r\n<h2 class=\"wp-block-heading\">\u00bfLesionado En Un Accidente? Podr\u00eda Tener Derecho a Una Gran Compensaci\u00f3n Econ\u00f3mica<\/h2>\r\n\r\n\r\n\r\n<p>Si ha sufrido un brazo roto o una lesi\u00f3n que le cambie la vida en un accidente, nuestros abogados de Grossman Law Offices luchar\u00e1n por usted.<\/p>\r\n","protected":false},"excerpt":{"rendered":"<p>\u00bfLesionado En Un Accidente? Podr\u00eda Tener Derecho a Una Gran Compensaci\u00f3n Econ\u00f3mica Si ha sufrido un brazo roto o una lesi\u00f3n que le cambie la vida en un accidente, nuestros abogados de Grossman Law Offices luchar\u00e1n por usted.<\/p>\n","protected":false},"author":11,"featured_media":0,"parent":2706,"menu_order":0,"comment_status":"closed","ping_status":"closed","template":"paid-landing.php","meta":{"_acf_changed":false,"footnotes":""},"class_list":["post-2704","page","type-page","status-publish","hentry"],"acf":[],"yoast_head":"<!-- This site is optimized with the Yoast SEO plugin v27.3 - https:\/\/yoast.com\/product\/yoast-seo-wordpress\/ -->\n<title>abogado-de-lesiones-personales - Grossman Wins<\/title>\n<meta name=\"robots\" content=\"noindex, follow\" \/>\n<meta property=\"og:locale\" content=\"es_ES\" \/>\n<meta property=\"og:type\" content=\"article\" \/>\n<meta property=\"og:title\" content=\"abogado-de-lesiones-personales - Grossman Wins\" \/>\n<meta property=\"og:description\" content=\"\u00bfLesionado En Un Accidente? Podr\u00eda Tener Derecho a Una Gran Compensaci\u00f3n Econ\u00f3mica Si ha sufrido un brazo roto o una lesi\u00f3n que le cambie la vida en un accidente, nuestros abogados de Grossman Law Offices luchar\u00e1n por usted.\" \/>\n<meta property=\"og:url\" content=\"https:\/\/grossmanwins.com\/es\/lp\/abogado-de-lesiones-personales\/\" \/>\n<meta property=\"og:site_name\" content=\"Grossman Wins\" \/>\n<meta property=\"article:modified_time\" content=\"2025-11-25T17:11:07+00:00\" \/>\n<meta name=\"twitter:card\" content=\"summary_large_image\" \/>\n<meta name=\"twitter:label1\" content=\"Tiempo de lectura\" \/>\n\t<meta name=\"twitter:data1\" content=\"1 minuto\" \/>\n<script type=\"application\/ld+json\" class=\"yoast-schema-graph\">{\"@context\":\"https:\\\/\\\/schema.org\",\"@graph\":[{\"@type\":\"WebPage\",\"@id\":\"https:\\\/\\\/grossmanwins.com\\\/es\\\/lp\\\/abogado-de-lesiones-personales\\\/\",\"url\":\"https:\\\/\\\/grossmanwins.com\\\/es\\\/lp\\\/abogado-de-lesiones-personales\\\/\",\"name\":\"abogado-de-lesiones-personales - Grossman Wins\",\"isPartOf\":{\"@id\":\"https:\\\/\\\/grossmanwins.com\\\/es\\\/#website\"},\"datePublished\":\"2025-02-06T14:50:37+00:00\",\"dateModified\":\"2025-11-25T17:11:07+00:00\",\"breadcrumb\":{\"@id\":\"https:\\\/\\\/grossmanwins.com\\\/es\\\/lp\\\/abogado-de-lesiones-personales\\\/#breadcrumb\"},\"inLanguage\":\"es\",\"potentialAction\":[{\"@type\":\"ReadAction\",\"target\":[\"https:\\\/\\\/grossmanwins.com\\\/es\\\/lp\\\/abogado-de-lesiones-personales\\\/\"]}]},{\"@type\":\"BreadcrumbList\",\"@id\":\"https:\\\/\\\/grossmanwins.com\\\/es\\\/lp\\\/abogado-de-lesiones-personales\\\/#breadcrumb\",\"itemListElement\":[{\"@type\":\"ListItem\",\"position\":1,\"name\":\"Home\",\"item\":\"https:\\\/\\\/grossmanwins.com\\\/es\\\/\"},{\"@type\":\"ListItem\",\"position\":2,\"name\":\"LP\",\"item\":\"https:\\\/\\\/grossmanwins.com\\\/es\\\/lp\\\/\"},{\"@type\":\"ListItem\",\"position\":3,\"name\":\"abogado-de-lesiones-personales\"}]},{\"@type\":\"WebSite\",\"@id\":\"https:\\\/\\\/grossmanwins.com\\\/es\\\/#website\",\"url\":\"https:\\\/\\\/grossmanwins.com\\\/es\\\/\",\"name\":\"Grossman Wins\",\"description\":\"\",\"potentialAction\":[{\"@type\":\"SearchAction\",\"target\":{\"@type\":\"EntryPoint\",\"urlTemplate\":\"https:\\\/\\\/grossmanwins.com\\\/es\\\/?s={search_term_string}\"},\"query-input\":{\"@type\":\"PropertyValueSpecification\",\"valueRequired\":true,\"valueName\":\"search_term_string\"}}],\"inLanguage\":\"es\"}]}<\/script>\n<!-- \/ Yoast SEO plugin. -->","yoast_head_json":{"title":"abogado-de-lesiones-personales - Grossman Wins","robots":{"index":"noindex","follow":"follow"},"og_locale":"es_ES","og_type":"article","og_title":"abogado-de-lesiones-personales - Grossman Wins","og_description":"\u00bfLesionado En Un Accidente? Podr\u00eda Tener Derecho a Una Gran Compensaci\u00f3n Econ\u00f3mica Si ha sufrido un brazo roto o una lesi\u00f3n que le cambie la vida en un accidente, nuestros abogados de Grossman Law Offices luchar\u00e1n por usted.","og_url":"https:\/\/grossmanwins.com\/es\/lp\/abogado-de-lesiones-personales\/","og_site_name":"Grossman Wins","article_modified_time":"2025-11-25T17:11:07+00:00","twitter_card":"summary_large_image","twitter_misc":{"Tiempo de lectura":"1 minuto"},"schema":{"@context":"https:\/\/schema.org","@graph":[{"@type":"WebPage","@id":"https:\/\/grossmanwins.com\/es\/lp\/abogado-de-lesiones-personales\/","url":"https:\/\/grossmanwins.com\/es\/lp\/abogado-de-lesiones-personales\/","name":"abogado-de-lesiones-personales - Grossman Wins","isPartOf":{"@id":"https:\/\/grossmanwins.com\/es\/#website"},"datePublished":"2025-02-06T14:50:37+00:00","dateModified":"2025-11-25T17:11:07+00:00","breadcrumb":{"@id":"https:\/\/grossmanwins.com\/es\/lp\/abogado-de-lesiones-personales\/#breadcrumb"},"inLanguage":"es","potentialAction":[{"@type":"ReadAction","target":["https:\/\/grossmanwins.com\/es\/lp\/abogado-de-lesiones-personales\/"]}]},{"@type":"BreadcrumbList","@id":"https:\/\/grossmanwins.com\/es\/lp\/abogado-de-lesiones-personales\/#breadcrumb","itemListElement":[{"@type":"ListItem","position":1,"name":"Home","item":"https:\/\/grossmanwins.com\/es\/"},{"@type":"ListItem","position":2,"name":"LP","item":"https:\/\/grossmanwins.com\/es\/lp\/"},{"@type":"ListItem","position":3,"name":"abogado-de-lesiones-personales"}]},{"@type":"WebSite","@id":"https:\/\/grossmanwins.com\/es\/#website","url":"https:\/\/grossmanwins.com\/es\/","name":"Grossman Wins","description":"","potentialAction":[{"@type":"SearchAction","target":{"@type":"EntryPoint","urlTemplate":"https:\/\/grossmanwins.com\/es\/?s={search_term_string}"},"query-input":{"@type":"PropertyValueSpecification","valueRequired":true,"valueName":"search_term_string"}}],"inLanguage":"es"}]}},"_links":{"self":[{"href":"https:\/\/grossmanwins.com\/es\/wp-json\/wp\/v2\/pages\/2704","targetHints":{"allow":["GET"]}}],"collection":[{"href":"https:\/\/grossmanwins.com\/es\/wp-json\/wp\/v2\/pages"}],"about":[{"href":"https:\/\/grossmanwins.com\/es\/wp-json\/wp\/v2\/types\/page"}],"author":[{"embeddable":true,"href":"https:\/\/grossmanwins.com\/es\/wp-json\/wp\/v2\/users\/11"}],"replies":[{"embeddable":true,"href":"https:\/\/grossmanwins.com\/es\/wp-json\/wp\/v2\/comments?post=2704"}],"version-history":[{"count":0,"href":"https:\/\/grossmanwins.com\/es\/wp-json\/wp\/v2\/pages\/2704\/revisions"}],"up":[{"embeddable":true,"href":"https:\/\/grossmanwins.com\/es\/wp-json\/wp\/v2\/pages\/2706"}],"wp:attachment":[{"href":"https:\/\/grossmanwins.com\/es\/wp-json\/wp\/v2\/media?parent=2704"}],"curies":[{"name":"wp","href":"https:\/\/api.w.org\/{rel}","templated":true}]}}